{"id":9685,"date":"2026-04-17T10:13:00","date_gmt":"2026-04-17T08:13:00","guid":{"rendered":"https:\/\/www.julius-pfalz.de\/?page_id=9685"},"modified":"2026-04-17T10:13:00","modified_gmt":"2026-04-17T08:13:00","slug":"laenger-urlauben-in-der-pfalz","status":"publish","type":"page","link":"https:\/\/www.julius-pfalz.de\/?page_id=9685","title":{"rendered":"l\u00e4nger urlauben in der Pfalz"},"content":{"rendered":"<hr \/>\n<p>Wir selbst sch\u00e4tzen den l\u00e4ngeren Urlaub.\u00a0 Viele von Ihnen wissen von unserem mehrw\u00f6chigen Urlaub im Winter, auf Mallorca.\u00a0 Zuk\u00fcnftig m\u00f6chten wir so etwas \u00e4hnliches \u00f6fter machen \u2026 vielleicht einen Monat Paris, einen Monat Udine, vierzehn Tage Freiburg, Dijon \u2026<\/p>\n<p>Denken Sie nicht \u00e4hnlich? Nur wenn man l\u00e4ngere Zeit an einem Wohlf\u00fchlort verweilen kann, erholt man sich richtig und \u2026 man kann die Gegend besser kennen lernen. Unser Haus ist der ideale Ausgangspunkt f\u00fcr Erkundungen der kleinen Ortschaften abseits der Routen, Burgen, Kirchen, Museen, Restaurants und H\u00fctten; Ausfl\u00fcge ins n\u00f6rdliche Elsass einerseits, Ausstellungen, Auff\u00fchrungen in Mannheim, Baden-Baden oder Karlsruhe andererseits. Unsere gro\u00dfz\u00fcgigen, stilvollen Appartements verf\u00fcgen \u00fcber alles, was Sie brauchen, um sich wohlzuf\u00fchlen, inkl. der Ger\u00e4tschaften, um Fr\u00fchst\u00fcck und kleinere Mahlzeiten zuzubereiten.<\/p>\n","protected":false},"excerpt":{"rendered":"<p>Wir selbst sch\u00e4tzen den l\u00e4ngeren Urlaub.\u00a0 Viele von Ihnen wissen von unserem mehrw\u00f6chigen Urlaub im Winter, auf Mallorca.\u00a0 Zuk\u00fcnftig m\u00f6chten wir so etwas \u00e4hnliches \u00f6fter machen \u2026 vielleicht einen Monat Paris, einen Monat Udine, vierzehn Tage Freiburg, Dijon \u2026 Denken &hellip; <a href=\"https:\/\/www.julius-pfalz.de\/?page_id=9685\">Weiterlesen <span class=\"meta-nav\">&rarr;<\/span><\/a><\/p>\n","protected":false},"author":1,"featured_media":0,"parent":0,"menu_order":0,"comment_status":"closed","ping_status":"closed","template":"","meta":[],"_links":{"self":[{"href":"https:\/\/www.julius-pfalz.de\/index.php?rest_route=\/wp\/v2\/pages\/9685"}],"collection":[{"href":"https:\/\/www.julius-pfalz.de\/index.php?rest_route=\/wp\/v2\/pages"}],"about":[{"href":"https:\/\/www.julius-pfalz.de\/index.php?rest_route=\/wp\/v2\/types\/page"}],"author":[{"embeddable":true,"href":"https:\/\/www.julius-pfalz.de\/index.php?rest_route=\/wp\/v2\/users\/1"}],"replies":[{"embeddable":true,"href":"https:\/\/www.julius-pfalz.de\/index.php?rest_route=%2Fwp%2Fv2%2Fcomments&post=9685"}],"version-history":[{"count":1,"href":"https:\/\/www.julius-pfalz.de\/index.php?rest_route=\/wp\/v2\/pages\/9685\/revisions"}],"predecessor-version":[{"id":9686,"href":"https:\/\/www.julius-pfalz.de\/index.php?rest_route=\/wp\/v2\/pages\/9685\/revisions\/9686"}],"wp:attachment":[{"href":"https:\/\/www.julius-pfalz.de\/index.php?rest_route=%2Fwp%2Fv2%2Fmedia&parent=9685"}],"curies":[{"name":"wp","href":"https:\/\/api.w.org\/{rel}","templated":true}]}}