{"id":8892,"date":"2024-04-04T14:21:14","date_gmt":"2024-04-04T12:21:14","guid":{"rendered":"https:\/\/www.julius-pfalz.de\/?page_id=8892"},"modified":"2026-04-17T09:33:44","modified_gmt":"2026-04-17T07:33:44","slug":"unsere-eigenen-weine","status":"publish","type":"page","link":"https:\/\/www.julius-pfalz.de\/?page_id=8892","title":{"rendered":"unsere eigenen Weine"},"content":{"rendered":"<p style=\"text-align: left;\"><strong>2024 Grauburgunder trocken \u201evom Kalk &#8211; 9,90<br \/>\n<\/strong>Ein Wein von drei verschiedenen Muschelkalk-Hanglagen, Handlese.<br \/>\nEr verf\u00fcgt \u00fcber eine dezente Fruchtigkeit, ist sehr rund, aber noch angenehm frisch und bereitet Trinkspa\u00df. Inzwischen ist er reifer geworden mit fein-w\u00fcrzigen Noten.<\/p>\n<p><strong>2024 Chardonny trocken R\u00e9serve &#8211; 12,50<a href=\"https:\/\/www.julius-pfalz.de\/wp-content\/uploads\/2025\/11\/juliusweine-scaled.jpg\"><img decoding=\"async\" loading=\"lazy\" class=\"size-medium wp-image-9553 alignright\" src=\"https:\/\/www.julius-pfalz.de\/wp-content\/uploads\/2025\/11\/juliusweine-300x211.jpg\" alt=\"\" width=\"300\" height=\"211\" srcset=\"https:\/\/www.julius-pfalz.de\/wp-content\/uploads\/2025\/11\/juliusweine-300x211.jpg 300w, https:\/\/www.julius-pfalz.de\/wp-content\/uploads\/2025\/11\/juliusweine-1024x722.jpg 1024w, https:\/\/www.julius-pfalz.de\/wp-content\/uploads\/2025\/11\/juliusweine-768x541.jpg 768w, https:\/\/www.julius-pfalz.de\/wp-content\/uploads\/2025\/11\/juliusweine-1536x1083.jpg 1536w, https:\/\/www.julius-pfalz.de\/wp-content\/uploads\/2025\/11\/juliusweine-2048x1444.jpg 2048w, https:\/\/www.julius-pfalz.de\/wp-content\/uploads\/2025\/11\/juliusweine-426x300.jpg 426w\" sizes=\"(max-width: 300px) 100vw, 300px\" \/><\/a><br \/>\n<\/strong>Ein Wein \u00fcberwiegend von \u00fcber 30j\u00e4higer Anlage auf Muschelkalk, 40% wurden burgundisch im 500 l-Tonneau-Fass ausgebaut. Eine Symbiose von Burgund mit Pf\u00e4lzer Frische, f\u00fcllig, cremig aber immer noch frisch mit feiner Frucht von Apfel und Aprikose; hinzukommen Aromen von Pilzen, Vanille, feinem Holz. Ein wahrhaft edler Wein!<\/p>\n<p><strong>2024 Riesling feinherb &#8211; 9,90<br \/>\n<\/strong>Der Wein stammt von einer Hanglange mit Buntsandstein aus dem vorderen Queichtal, handgelesen. Er schmeckt ganz klassisch mit feiner Art und reifer S\u00e4ure; die feine Rests\u00fc\u00dfe zeigt sich vor allem im Nachhall: feine gelbe Frucht.<\/p>\n<p><strong>2021 Rotweincuvee R\u00e9serve trocken &#8211; im Barrique gereift \u2013 11,-<br \/>\n<\/strong>Ein Cuvee aus 2\/3 Sp\u00e4tburgunder und 1\/3 Merlot, beide im Barrique (Zweitbelegung) \u00fcber drei Jahre gereift; aus einem Super-Jahrgang der selbst dem Sp\u00e4tburgunder viel Kraft mitgab.<br \/>\nViel F\u00fclle und gez\u00fcgelte Kraft, viel Farbe, Kirschfrucht mit einem Strau\u00df von Aromen, Schokolade unterlegt mit Frische und feinster S\u00e4ure, die f\u00fcr Trinkfluss sorgt.<\/p>\n<p><strong>Wir verschicken, a<\/strong><strong>b 12 Flaschen (beliebig sortiert) schenken Ihnen die Versandkosten.<\/strong><\/p>\n","protected":false},"excerpt":{"rendered":"<p>2024 Grauburgunder trocken \u201evom Kalk &#8211; 9,90 Ein Wein von drei verschiedenen Muschelkalk-Hanglagen, Handlese. Er verf\u00fcgt \u00fcber eine dezente Fruchtigkeit, ist sehr rund, aber noch angenehm frisch und bereitet Trinkspa\u00df. Inzwischen ist er reifer geworden mit fein-w\u00fcrzigen Noten. 2024 Chardonny &hellip; <a href=\"https:\/\/www.julius-pfalz.de\/?page_id=8892\">Weiterlesen <span class=\"meta-nav\">&rarr;<\/span><\/a><\/p>\n","protected":false},"author":1,"featured_media":0,"parent":0,"menu_order":0,"comment_status":"closed","ping_status":"closed","template":"","meta":[],"_links":{"self":[{"href":"https:\/\/www.julius-pfalz.de\/index.php?rest_route=\/wp\/v2\/pages\/8892"}],"collection":[{"href":"https:\/\/www.julius-pfalz.de\/index.php?rest_route=\/wp\/v2\/pages"}],"about":[{"href":"https:\/\/www.julius-pfalz.de\/index.php?rest_route=\/wp\/v2\/types\/page"}],"author":[{"embeddable":true,"href":"https:\/\/www.julius-pfalz.de\/index.php?rest_route=\/wp\/v2\/users\/1"}],"replies":[{"embeddable":true,"href":"https:\/\/www.julius-pfalz.de\/index.php?rest_route=%2Fwp%2Fv2%2Fcomments&post=8892"}],"version-history":[{"count":2,"href":"https:\/\/www.julius-pfalz.de\/index.php?rest_route=\/wp\/v2\/pages\/8892\/revisions"}],"predecessor-version":[{"id":9674,"href":"https:\/\/www.julius-pfalz.de\/index.php?rest_route=\/wp\/v2\/pages\/8892\/revisions\/9674"}],"wp:attachment":[{"href":"https:\/\/www.julius-pfalz.de\/index.php?rest_route=%2Fwp%2Fv2%2Fmedia&parent=8892"}],"curies":[{"name":"wp","href":"https:\/\/api.w.org\/{rel}","templated":true}]}}