{"id":884,"date":"2013-01-23T06:34:15","date_gmt":"2013-01-23T04:34:15","guid":{"rendered":"http:\/\/blog.julius-pfalz.de\/?page_id=884"},"modified":"2015-08-10T14:53:21","modified_gmt":"2015-08-10T12:53:21","slug":"kochkurs-ostern-2013","status":"publish","type":"page","link":"https:\/\/www.julius-pfalz.de\/?page_id=884","title":{"rendered":"Kochkurse"},"content":{"rendered":"<p><a href=\"https:\/\/julius-pfalz.de\/wp-content\/uploads\/2013\/01\/Fr\u00fchlingssuppe1.jpg\"><img decoding=\"async\" loading=\"lazy\" class=\"alignright  wp-image-1890\" src=\"https:\/\/julius-pfalz.de\/wp-content\/uploads\/2013\/01\/Fr\u00fchlingssuppe1-300x258.jpg\" alt=\"Fr\u00fchlingssuppe\" width=\"243\" height=\"209\" srcset=\"https:\/\/www.julius-pfalz.de\/wp-content\/uploads\/2013\/01\/Fr\u00fchlingssuppe1-300x258.jpg 300w, https:\/\/www.julius-pfalz.de\/wp-content\/uploads\/2013\/01\/Fr\u00fchlingssuppe1-347x300.jpg 347w, https:\/\/www.julius-pfalz.de\/wp-content\/uploads\/2013\/01\/Fr\u00fchlingssuppe1.jpg 700w\" sizes=\"(max-width: 243px) 100vw, 243px\" \/><\/a>Unsere Kochkurse beinhalten das Kochen kreativer Men\u00fcs, passend zur jeweiligen Jahreszeit. Sie sollen eine Menge Anregungen f\u00fcr\u00b4s Kochen zu Haus liefern, machen aber auch Spa\u00df. Die Gruppen sind klein.<\/p>\n<p>Der Kochkurs startet mit einem Glas Sekt oder Wein und einem <strong>Gru\u00df aus der K\u00fcche<\/strong>. Danach werden die einzelnen Gerichte (z.T. arbeitsteilig) incl. aller Fonds\/Saucen zubereitet. Nach ca. 2 1\/2 Stunden startet das gemeinsame Men\u00fc mit einer abgestimmten Weinbegleitung.<\/p>\n<p><strong>BEISPIELE einiger bisheriger Kochkurse:<\/strong><\/p>\n<div id=\"attachment_1892\" style=\"width: 250px\" class=\"wp-caption alignright\"><a href=\"https:\/\/julius-pfalz.de\/wp-content\/uploads\/2013\/01\/Lammh\u00fcfte.jpg\"><img aria-describedby=\"caption-attachment-1892\" decoding=\"async\" loading=\"lazy\" class=\" wp-image-1892\" src=\"https:\/\/julius-pfalz.de\/wp-content\/uploads\/2013\/01\/Lammh\u00fcfte-300x211.jpg\" alt=\"Lammh\u00fcfte\" width=\"240\" height=\"169\" srcset=\"https:\/\/www.julius-pfalz.de\/wp-content\/uploads\/2013\/01\/Lammh\u00fcfte-300x211.jpg 300w, https:\/\/www.julius-pfalz.de\/wp-content\/uploads\/2013\/01\/Lammh\u00fcfte-425x300.jpg 425w, https:\/\/www.julius-pfalz.de\/wp-content\/uploads\/2013\/01\/Lammh\u00fcfte.jpg 850w\" sizes=\"(max-width: 240px) 100vw, 240px\" \/><\/a><p id=\"caption-attachment-1892\" class=\"wp-caption-text\">Lammh\u00fcfte | Reis &amp; Mandel &amp; Ras-el-Hanout<\/p><\/div>\n<p><span style=\"color: #008000;\"><strong>Kochkurs: Ostern &#8211; 30.3.2013<\/strong><\/span><br \/>\n<strong>&#8211; Meerrettich-S\u00fcppchen<\/strong><br \/>\n<strong>&#8211; Carpaccio von rosa gebratenem Kalbstafelspitz | Fr\u00fchjahrssalate mit<br \/>\nDoktorenhofessig-Vinaigrette | karamellisierte K\u00fcrbiskerne<\/strong><br \/>\n<strong>&#8211; Tortellini auf Pf\u00e4lzer Art gef\u00fcllt |\u00a0 Kalbsconsomm\u00e9<\/strong><br \/>\n<strong>&#8211; geschmorte Lammh\u00fcfte | Sauce mit Trockenfr\u00fcchten und Ras-el-Hanout |<br \/>\nSafran-Reis mit Mandeln<\/strong><br \/>\n<strong>&#8211; innen fl\u00fcssiger Schokoladenkuchen | Rhabarber | Mandelschaum<\/strong><\/p>\n<div id=\"attachment_1891\" style=\"width: 250px\" class=\"wp-caption alignright\"><a href=\"https:\/\/julius-pfalz.de\/wp-content\/uploads\/2013\/01\/innen-fl\u00fcssiger-Schokokuchen.jpg\"><img aria-describedby=\"caption-attachment-1891\" decoding=\"async\" loading=\"lazy\" class=\" wp-image-1891\" src=\"https:\/\/julius-pfalz.de\/wp-content\/uploads\/2013\/01\/innen-fl\u00fcssiger-Schokokuchen-300x200.jpg\" alt=\"innen fl\u00fcssiger Schokokuchen\" width=\"240\" height=\"160\" srcset=\"https:\/\/www.julius-pfalz.de\/wp-content\/uploads\/2013\/01\/innen-fl\u00fcssiger-Schokokuchen-300x200.jpg 300w, https:\/\/www.julius-pfalz.de\/wp-content\/uploads\/2013\/01\/innen-fl\u00fcssiger-Schokokuchen-449x300.jpg 449w, https:\/\/www.julius-pfalz.de\/wp-content\/uploads\/2013\/01\/innen-fl\u00fcssiger-Schokokuchen.jpg 850w\" sizes=\"(max-width: 240px) 100vw, 240px\" \/><\/a><p id=\"caption-attachment-1891\" class=\"wp-caption-text\">innen fl\u00fcssiger Schokokuchen<\/p><\/div>\n<div id=\"attachment_1894\" style=\"width: 250px\" class=\"wp-caption alignright\"><a href=\"https:\/\/julius-pfalz.de\/wp-content\/uploads\/2013\/01\/Suppe-frischer-Erbsen-mit-Tandoori-Garnele.jpg\"><img aria-describedby=\"caption-attachment-1894\" decoding=\"async\" loading=\"lazy\" class=\" wp-image-1894\" src=\"https:\/\/julius-pfalz.de\/wp-content\/uploads\/2013\/01\/Suppe-frischer-Erbsen-mit-Tandoori-Garnele-300x200.jpg\" alt=\"Suppe frischer Erbsen mit Tandoori-Garnele\" width=\"240\" height=\"160\" srcset=\"https:\/\/www.julius-pfalz.de\/wp-content\/uploads\/2013\/01\/Suppe-frischer-Erbsen-mit-Tandoori-Garnele-300x200.jpg 300w, https:\/\/www.julius-pfalz.de\/wp-content\/uploads\/2013\/01\/Suppe-frischer-Erbsen-mit-Tandoori-Garnele-449x300.jpg 449w, https:\/\/www.julius-pfalz.de\/wp-content\/uploads\/2013\/01\/Suppe-frischer-Erbsen-mit-Tandoori-Garnele.jpg 850w\" sizes=\"(max-width: 240px) 100vw, 240px\" \/><\/a><p id=\"caption-attachment-1894\" class=\"wp-caption-text\">Suppe frischer Erbsen | frische Gartenkr\u00e4uter | Tandoori-Garnele<\/p><\/div>\n<p><strong><span style=\"color: #008000;\">Kochkurs: Br\u00fcckentag im Mai &#8211; 11.5.2013<\/span><\/strong><br \/>\n<strong>&#8211; Suppe frischer Erbsen | Minze | Tandoori-Garnele<\/strong><br \/>\n<strong>&#8211; Pf\u00e4lzer Spargel | Hollandaise | Bresaolo von der Berkel<\/strong><br \/>\n<strong>&#8211; Kr\u00e4uter-Gnocchi | Schweinelende | Essig vom Doktorenhof<\/strong><br \/>\n<strong>&#8211; innen fl\u00fcssiger Schokoladenkuchen | marinierte Erdbeeren | Rhabarber-Ingwer-Sabayone<\/strong><\/p>\n<p><strong><span style=\"color: #008000;\">Kochkurs: Sommeranfang, 21.06.2013<\/span><br \/>\n&#8211; gebratene Jakobsmuschel | Salzkapern |\u00a0 feine Nudel | Salbei &amp; Zitrone<br \/>\n&#8211; Biskuitrolle | frischer Spinat | Majoran | Tomatenconcasse<br \/>\n&#8211; gebratene Dorade | Artischocken | gr\u00fcner Spargel |\u00a0 Tomatenconfit |<br \/>\nGlace von Doktorenhofessig<br \/>\n&#8211; Quark-Panna Cotta | Erdbeeren &amp; Portwein | S\u00fc\u00dfwein-Schaum<\/strong><\/p>\n<p><strong><span style=\"color: #008000;\">Kochkurs: Sommerfrische, 24.08.2013<\/span><br \/>\n&#8211; Rote-Bete-Suppe |\u00a0 gratinierter Rote-Bete-Kn\u00f6del | Glace mit Doktorenhof-Essig<br \/>\n&#8211; gef\u00fcllte Pasta |\u00a0 Pf\u00e4lzer Schnecken | Paprika-Sabayone<br \/>\n&#8211; Steaks vom Roastbeef | mediterraner Bohnensalat mit frischen Pilzen |<br \/>\ndunkler Rotwein-Rinderfond<br \/>\n&#8211; Meringue-Nest (Baiser) | Vanille-Mascarpone | Himbeer-Sauerrahmeis |<br \/>\nJohannisbeeren<\/strong><\/p>\n<div id=\"attachment_1889\" style=\"width: 250px\" class=\"wp-caption alignright\"><a href=\"https:\/\/julius-pfalz.de\/wp-content\/uploads\/2013\/01\/Fenchelgnocchi.jpg\"><img aria-describedby=\"caption-attachment-1889\" decoding=\"async\" loading=\"lazy\" class=\" wp-image-1889\" src=\"https:\/\/julius-pfalz.de\/wp-content\/uploads\/2013\/01\/Fenchelgnocchi-300x207.jpg\" alt=\"Fenchelgnocchi\" width=\"240\" height=\"166\" srcset=\"https:\/\/www.julius-pfalz.de\/wp-content\/uploads\/2013\/01\/Fenchelgnocchi-300x207.jpg 300w, https:\/\/www.julius-pfalz.de\/wp-content\/uploads\/2013\/01\/Fenchelgnocchi-432x300.jpg 432w, https:\/\/www.julius-pfalz.de\/wp-content\/uploads\/2013\/01\/Fenchelgnocchi.jpg 850w\" sizes=\"(max-width: 240px) 100vw, 240px\" \/><\/a><p id=\"caption-attachment-1889\" class=\"wp-caption-text\">Bronzefenchel-Gnocchi | Rote Bete | Orange<\/p><\/div>\n<p><span style=\"color: #008000;\"><strong>Kochkurs: Sp\u00e4tsommer, 8.9.2013<\/strong><\/span><br \/>\n<strong>&#8211; Quark-Gnocchi | Bronzefenchel | Rote Bete | Orangen<\/strong><br \/>\n<strong>&#8211; K\u00fcrbis-Risotto | karamellisierter Radicchio | Trauben | Doktorenhof-Balsam<\/strong><br \/>\n<strong>&#8211; geschmorte Ochsenbacke | Pilze &amp; Beeren | Bohnengemn\u00fcse | Wiesenchampignons | dunkler Rotwein-Rinderfond<\/strong><br \/>\n<strong>&#8211; Apfelstrudel | Vanille-S\u00fc\u00dfwein-Sabayone <\/strong><\/p>\n<div id=\"attachment_1421\" style=\"width: 253px\" class=\"wp-caption alignright\"><a href=\"https:\/\/julius-pfalz.de\/wp-content\/uploads\/2013\/10\/Gefl\u00fcgel-mit-Herbstsalat-850.jpg\"><img aria-describedby=\"caption-attachment-1421\" decoding=\"async\" loading=\"lazy\" class=\" wp-image-1421  \" title=\"Herbstsalate | Steinpilze | Stubenk\u00fcken\" src=\"https:\/\/julius-pfalz.de\/wp-content\/uploads\/2013\/10\/Gefl\u00fcgel-mit-Herbstsalat-850-300x200.jpg\" alt=\"aus unserer Kochwerkstatt: Herbstsalate | Steinpilze | Stubenk\u00fcken\" width=\"243\" height=\"162\" srcset=\"https:\/\/www.julius-pfalz.de\/wp-content\/uploads\/2013\/10\/Gefl\u00fcgel-mit-Herbstsalat-850-300x200.jpg 300w, https:\/\/www.julius-pfalz.de\/wp-content\/uploads\/2013\/10\/Gefl\u00fcgel-mit-Herbstsalat-850-449x300.jpg 449w, https:\/\/www.julius-pfalz.de\/wp-content\/uploads\/2013\/10\/Gefl\u00fcgel-mit-Herbstsalat-850.jpg 850w\" sizes=\"(max-width: 243px) 100vw, 243px\" \/><\/a><p id=\"caption-attachment-1421\" class=\"wp-caption-text\">Salate | Steinpilze | Stubenk\u00fcken<\/p><\/div>\n<p><strong><span style=\"color: #008000;\">Kochkurs: Herbstmen\u00fc, 4.10.2013<\/span><br \/>\n&#8211; Herbstsalat | Stubenk\u00fcken | Maronen<\/strong><br \/>\n<strong>&#8211; Saumagen-Ravioli | Pilze &amp; Maronen &amp; Speck<\/strong><br \/>\n<strong>&#8211; geschmorte Lammh\u00fcfte | Sauce mit Trockenfr\u00fcchten und Ras-el-Hanout |<br \/>\nSafran-Reis mit Mandeln<\/strong><br \/>\n<strong>&#8211; Apfel im Glas: Apfelstrudel neu interpretiert<\/strong><\/p>\n<p>&nbsp;<\/p>\n<div id=\"attachment_1949\" style=\"width: 250px\" class=\"wp-caption alignright\"><a href=\"https:\/\/julius-pfalz.de\/wp-content\/uploads\/2013\/01\/Maronens\u00fcppchen.jpg\"><img aria-describedby=\"caption-attachment-1949\" decoding=\"async\" loading=\"lazy\" class=\" wp-image-1949\" title=\"Maronens\u00fcppchen | Tortelloni\" src=\"https:\/\/julius-pfalz.de\/wp-content\/uploads\/2013\/01\/Maronens\u00fcppchen-300x200.jpg\" alt=\"Maronens\u00fcppchen\" width=\"240\" height=\"160\" srcset=\"https:\/\/www.julius-pfalz.de\/wp-content\/uploads\/2013\/01\/Maronens\u00fcppchen-300x200.jpg 300w, https:\/\/www.julius-pfalz.de\/wp-content\/uploads\/2013\/01\/Maronens\u00fcppchen-449x300.jpg 449w, https:\/\/www.julius-pfalz.de\/wp-content\/uploads\/2013\/01\/Maronens\u00fcppchen.jpg 850w\" sizes=\"(max-width: 240px) 100vw, 240px\" \/><\/a><p id=\"caption-attachment-1949\" class=\"wp-caption-text\">Maronens\u00fcppchen | Tortelloni<\/p><\/div>\n<p><span style=\"color: #008000;\"><strong>Kochkurs: Men\u00fc Silvester, 28.12.2013<\/strong><\/span><br \/>\n&#8211; <strong>frisch gebratener Gr\u00fcnkohl | Kaninchenragout<\/strong><br \/>\n&#8211; <strong>Quark\/Schichtk\u00e4se-Gnocchi &amp; Dill | Rote Bete Carpaccio | Tatar vom Bismarckherig | glasierte Birne<\/strong><br \/>\n&#8211; <strong>Maronen-S\u00fcppchen | Comt\u00e9-Tortelloni<\/strong><br \/>\n<strong>&#8211; Steaks vom Roastbeef | mediterraner Bohnensalat | Rotwein-Rinder-Sauce <\/strong><br \/>\n<strong> &#8211; innen fl\u00fcssiges Schokot\u00f6rtchen | Espresso-Sabayone | Apfelragout<\/strong><\/p>\n<div id=\"attachment_2305\" style=\"width: 250px\" class=\"wp-caption alignright\"><a href=\"https:\/\/julius-pfalz.de\/wp-content\/uploads\/2013\/01\/hase-gr\u00fcnkohl-rotbete.jpg\"><img aria-describedby=\"caption-attachment-2305\" decoding=\"async\" loading=\"lazy\" class=\" wp-image-2305 \" src=\"https:\/\/julius-pfalz.de\/wp-content\/uploads\/2013\/01\/hase-gr\u00fcnkohl-rotbete-300x200.jpg\" alt=\"hase gr\u00fcnkohl rotbete\" width=\"240\" height=\"160\" srcset=\"https:\/\/www.julius-pfalz.de\/wp-content\/uploads\/2013\/01\/hase-gr\u00fcnkohl-rotbete-300x200.jpg 300w, https:\/\/www.julius-pfalz.de\/wp-content\/uploads\/2013\/01\/hase-gr\u00fcnkohl-rotbete-449x300.jpg 449w, https:\/\/www.julius-pfalz.de\/wp-content\/uploads\/2013\/01\/hase-gr\u00fcnkohl-rotbete.jpg 850w\" sizes=\"(max-width: 240px) 100vw, 240px\" \/><\/a><p id=\"caption-attachment-2305\" class=\"wp-caption-text\">Hasenragout | Rote-Bete | gebratener Gr\u00fcnkohl<\/p><\/div>\n<p><span style=\"color: #008000;\"><strong>Kochkurs: &#8230; dem Karneval genussvoll entfliehen &#8211; 2.03.2014<\/strong><\/span><br \/>\n<strong>&#8211; Pf\u00e4lzer Flammkuchen<\/strong><br \/>\n<strong>&#8211; Selleries\u00fcppchen | Espresso-Milch-Schaum | pikantes Bl\u00e4tterteiggeb\u00e4ck<\/strong><br \/>\n<strong>&#8211; Ravioli auf Pf\u00e4lzer Art gef\u00fcllt |\u00a0 Sauerkrautcr\u00e9me<\/strong><br \/>\n<strong>&#8211; Hasenragout | Rote-Bete-Kn\u00f6delchen |\u00a0 gebratener Gr\u00fcnkohl<\/strong><br \/>\n<strong>&#8211; karamellisierte Ananas | Rum-Sabayone | tasmanischer Pfeffer<\/strong><\/p>\n<div id=\"attachment_2349\" style=\"width: 250px\" class=\"wp-caption alignright\"><a href=\"https:\/\/julius-pfalz.de\/wp-content\/uploads\/2013\/01\/lamm-gnocchi-spinat.jpg\"><img aria-describedby=\"caption-attachment-2349\" decoding=\"async\" loading=\"lazy\" class=\" wp-image-2349\" src=\"https:\/\/julius-pfalz.de\/wp-content\/uploads\/2013\/01\/lamm-gnocchi-spinat-300x216.jpg\" alt=\"lamm -gnocchi-spinat\" width=\"240\" height=\"173\" srcset=\"https:\/\/www.julius-pfalz.de\/wp-content\/uploads\/2013\/01\/lamm-gnocchi-spinat-300x216.jpg 300w, https:\/\/www.julius-pfalz.de\/wp-content\/uploads\/2013\/01\/lamm-gnocchi-spinat-1024x739.jpg 1024w, https:\/\/www.julius-pfalz.de\/wp-content\/uploads\/2013\/01\/lamm-gnocchi-spinat-415x300.jpg 415w\" sizes=\"(max-width: 240px) 100vw, 240px\" \/><\/a><p id=\"caption-attachment-2349\" class=\"wp-caption-text\">Lammr\u00fccken &#8211; Gnocchi &#8211; Spinat &amp; Salbei<\/p><\/div>\n<p><span style=\"color: #008000;\"><strong>Kochkurs: Ostern &#8211; 20.4. 2014<\/strong><\/span><br \/>\n<strong>&#8211; herzhafte Bl\u00e4tterteig-Schnecken<\/strong><br \/>\n<strong>&#8211; Carpaccio von rosa gebratenem Kalbstafelspitz | Fr\u00fchjahrssalate mit Doktorenhofessig-Vinaigrette | karamellisierte K\u00fcrbiskerne<\/strong><br \/>\n<strong>&#8211; (wei\u00dfer)Spargel-Ravioli | Frischk\u00e4se | Estragon | (gr\u00fcner)Spargelsalat<\/strong><br \/>\n<strong>&#8211; Lammr\u00fccken unter der Oliven-Kr\u00e4uterkruste<i> |<\/i> Kartoffel-Gnocchi | Spinat &amp; Salbei | Kalbs-Rotwein-Jus<\/strong><br \/>\n<strong>&#8211; innen fl\u00fcssiger Schokoladenkuchen | Erdbeeren &amp; Rhabarber | Mandelschaum<\/strong><\/p>\n<div id=\"attachment_2523\" style=\"width: 250px\" class=\"wp-caption alignright\"><a href=\"https:\/\/julius-pfalz.de\/wp-content\/uploads\/2014\/06\/Baslikum-Panna-Cotta.jpg\"><img aria-describedby=\"caption-attachment-2523\" decoding=\"async\" loading=\"lazy\" class=\" wp-image-2523  \" title=\"Basilikum-Panna-Cotta \" src=\"https:\/\/julius-pfalz.de\/wp-content\/uploads\/2014\/06\/Baslikum-Panna-Cotta-300x199.jpg\" alt=\"Basilikum-Panna-Cotta\" width=\"240\" height=\"159\" srcset=\"https:\/\/www.julius-pfalz.de\/wp-content\/uploads\/2014\/06\/Baslikum-Panna-Cotta-300x199.jpg 300w, https:\/\/www.julius-pfalz.de\/wp-content\/uploads\/2014\/06\/Baslikum-Panna-Cotta-450x300.jpg 450w, https:\/\/www.julius-pfalz.de\/wp-content\/uploads\/2014\/06\/Baslikum-Panna-Cotta.jpg 800w\" sizes=\"(max-width: 240px) 100vw, 240px\" \/><\/a><p id=\"caption-attachment-2523\" class=\"wp-caption-text\">Basilikum-Panna-Cotta | Salat vom Pf\u00e4lzer Spargel | Garten- kr\u00e4uter &amp; bestes Oliven\u00f6l<\/p><\/div>\n<p style=\"text-align: left;\" align=\"center\"><strong><span style=\"color: #008000;\">Kochkurs: Pfingsten<strong> &#8211; 7.6. 2014<\/strong><\/span><br \/>\n<\/strong><\/p>\n<ul>\n<li style=\"text-align: left;\"><strong>Suppe frischer Erbsen | Minze | Tandoori-Garnele<\/strong><\/li>\n<li style=\"text-align: left;\"><strong>Basilikum-Panna-Cotta | Salat von gr\u00fcnem und wei\u00dfem Spargel<\/strong><\/li>\n<li style=\"text-align: left;\"><strong>gebratenes Perlhuhn &amp; Salbei | Pf\u00e4lzer Pilz-Risotto | Pariser Sauce<\/strong><\/li>\n<li style=\"text-align: left;\"><strong>Dialog von wei\u00dfer und brauner Schokolade | Erdbeeren &amp; Rhabarber | Schokominze<\/strong><\/li>\n<\/ul>\n<p style=\"text-align: left;\" align=\"center\"><span style=\"color: #008000;\"><strong>Kochkurs: Herbstmen\u00fc \u2013\u00a0 3.10.2014<\/strong><\/span><\/p>\n<ul>\n<li style=\"text-align: left;\"><strong>Weinsuppe | Pilz-Tortelloni | Schnittlauch<\/strong><\/li>\n<li style=\"text-align: left;\"><strong>Im Rotweinsud gegarte Entenkeule | Espresso-Pfeffer-Sauce | S\u00fc\u00dfkartoffel &amp; Curry-Kohl<\/strong><\/li>\n<li style=\"text-align: left;\"><strong>\u00a0geschmorte Quitten &amp; Zwetschgen | Mandelhippe | Schokoladenmousse-Sabayon<\/strong><strong>K\u00fcrbis-Panna-Cotta | K\u00fcrbisragout | Garnele &amp; K\u00fcrbiskern-Tempura<\/strong><\/li>\n<\/ul>\n<p style=\"text-align: left;\" align=\"center\"><strong><span style=\"color: #008000;\">Kochkurs: &#8220; rund um die Gans&#8220; &#8211;\u00a0 1.11.2014<\/span><\/strong><\/p>\n<ul>\n<li style=\"text-align: left;\"><strong>Salat : Lauwarme G\u00e4nsebrust | Rauke | Pinienkerne | Brandy-Sultaninen<\/strong><\/li>\n<li style=\"text-align: left;\"><strong> Maronensamtsuppe | Staudensellerie\u00a0 | Topinambur | G\u00e4nseleber | Schinkenspeck | Gew\u00fcrz-Waln\u00fcsse<\/strong><\/li>\n<li style=\"text-align: left;\"><strong>Im Rotweinsud gegarte G\u00e4nsekeule |<\/strong> <strong>Espresso-Pfeffer-Sauce | Quitten-Rotkraut | Lebkuchenkn\u00f6del<\/strong><\/li>\n<li style=\"text-align: left;\"><strong>innen fl\u00fcssiges Schokot\u00f6rtchen | Espresso-Sabayone | Apfelragout<\/strong><\/li>\n<\/ul>\n<p><strong><span style=\"color: #008000;\">Kochkurs: Sommer-mit frischen Gartenkr\u00e4utern &#8211; 1.8.12015<\/span><a href=\"https:\/\/julius-pfalz.de\/wp-content\/uploads\/2015\/06\/8-august-50.jpg\" data-slb-group=\"3429\" data-slb-active=\"1\"><img decoding=\"async\" loading=\"lazy\" class=\"alignright  wp-image-3438\" src=\"https:\/\/julius-pfalz.de\/wp-content\/uploads\/2015\/06\/8-august-50-300x205.jpg\" alt=\"8 august 50\" width=\"240\" height=\"164\" srcset=\"https:\/\/www.julius-pfalz.de\/wp-content\/uploads\/2015\/06\/8-august-50-300x205.jpg 300w, https:\/\/www.julius-pfalz.de\/wp-content\/uploads\/2015\/06\/8-august-50-1024x702.jpg 1024w, https:\/\/www.julius-pfalz.de\/wp-content\/uploads\/2015\/06\/8-august-50-437x300.jpg 437w, https:\/\/www.julius-pfalz.de\/wp-content\/uploads\/2015\/06\/8-august-50.jpg 1417w\" sizes=\"(max-width: 240px) 100vw, 240px\" \/><\/a><\/strong><\/p>\n<ul>\n<li>Suppe frischer Erbsen \u2502 Minze \u2502 Graved Lachs &amp; Papelmuse \u2502 Orangen-Curry-Garnele;<\/li>\n<li>Zander | Kohlrabi | Creme Fra\u00eeche &amp; Schnittlauch | Paprika &amp; Peperoni;<\/li>\n<li>Kalbsr\u00fccken | Bohnengem\u00fcse &amp; Bohnenkraut | Kr\u00e4uter-Kartoffel-Gnocchi | Pariser-Sauce;<\/li>\n<li>marinierter Pfirsich | Gew\u00fcrzsud mit Verveine (Eisenkraut) | Sabayone | Riesling-Eis | Himbeeren<\/li>\n<\/ul>\n<p><a title=\"Kochwerkstatt\" href=\"https:\/\/julius-pfalz.de\/?page_id=231\">zur\u00fcck<\/a><\/p>\n","protected":false},"excerpt":{"rendered":"<p>Unsere Kochkurse beinhalten das Kochen kreativer Men\u00fcs, passend zur jeweiligen Jahreszeit. Sie sollen eine Menge Anregungen f\u00fcr\u00b4s Kochen zu Haus liefern, machen aber auch Spa\u00df. Die Gruppen sind klein. Der Kochkurs startet mit einem Glas Sekt oder Wein und einem &hellip; <a href=\"https:\/\/www.julius-pfalz.de\/?page_id=884\">Weiterlesen <span class=\"meta-nav\">&rarr;<\/span><\/a><\/p>\n","protected":false},"author":1,"featured_media":0,"parent":0,"menu_order":0,"comment_status":"closed","ping_status":"closed","template":"","meta":[],"_links":{"self":[{"href":"https:\/\/www.julius-pfalz.de\/index.php?rest_route=\/wp\/v2\/pages\/884"}],"collection":[{"href":"https:\/\/www.julius-pfalz.de\/index.php?rest_route=\/wp\/v2\/pages"}],"about":[{"href":"https:\/\/www.julius-pfalz.de\/index.php?rest_route=\/wp\/v2\/types\/page"}],"author":[{"embeddable":true,"href":"https:\/\/www.julius-pfalz.de\/index.php?rest_route=\/wp\/v2\/users\/1"}],"replies":[{"embeddable":true,"href":"https:\/\/www.julius-pfalz.de\/index.php?rest_route=%2Fwp%2Fv2%2Fcomments&post=884"}],"version-history":[{"count":36,"href":"https:\/\/www.julius-pfalz.de\/index.php?rest_route=\/wp\/v2\/pages\/884\/revisions"}],"predecessor-version":[{"id":3515,"href":"https:\/\/www.julius-pfalz.de\/index.php?rest_route=\/wp\/v2\/pages\/884\/revisions\/3515"}],"wp:attachment":[{"href":"https:\/\/www.julius-pfalz.de\/index.php?rest_route=%2Fwp%2Fv2%2Fmedia&parent=884"}],"curies":[{"name":"wp","href":"https:\/\/api.w.org\/{rel}","templated":true}]}}