{"id":8403,"date":"2023-02-07T12:49:23","date_gmt":"2023-02-07T10:49:23","guid":{"rendered":"https:\/\/www.julius-pfalz.de\/?page_id=8403"},"modified":"2023-03-08T11:08:53","modified_gmt":"2023-03-08T09:08:53","slug":"tagungsraum","status":"publish","type":"page","link":"https:\/\/www.julius-pfalz.de\/?page_id=8403","title":{"rendered":"Tagungsraum"},"content":{"rendered":"<p>Unser kleines feines Hotel verf\u00fcgt seit 2018 auch \u00fcber einen Tagungsraum mit Tageslicht und Klimaanlage, ausgelegt auf ca. 8 &#8211; 10 Personen. Ausgestattet mit einem gro\u00dfen Tisch, bequemen Armlehnst\u00fchlen, einem gro\u00dfen Bildschirm mit Internetanschluss und PC-Anschluss, Flipchart, Pinnw\u00e4nden, Moderationskoffer etc.<\/p>\n<div class=\"panel-col-first panel-panel\">\n<div class=\"left-wrapper\">\n<div class=\"content-left\">\n<div class=\"panel-pane pane-entity-field pane-node-body\">\n<div class=\"pane-content\">\n<div class=\"field field-name-body field-type-text-with-summary field-label-hidden\">\n<div class=\"field-items\">\n<div class=\"field-item even\"><\/div>\n<\/div>\n<\/div>\n<\/div>\n<\/div>\n<\/div>\n<\/div>\n<\/div>\n\n\t\t<style type=\"text\/css\">\n\t\t\t#gallery-1 {\n\t\t\t\tmargin: auto;\n\t\t\t}\n\t\t\t#gallery-1 .gallery-item {\n\t\t\t\tfloat: left;\n\t\t\t\tmargin-top: 10px;\n\t\t\t\ttext-align: center;\n\t\t\t\twidth: 33%;\n\t\t\t}\n\t\t\t#gallery-1 img {\n\t\t\t\tborder: 2px solid #cfcfcf;\n\t\t\t}\n\t\t\t#gallery-1 .gallery-caption {\n\t\t\t\tmargin-left: 0;\n\t\t\t}\n\t\t\t\/* see gallery_shortcode() in wp-includes\/media.php *\/\n\t\t<\/style>\n\t\t<div id='gallery-1' class='gallery galleryid-8403 gallery-columns-3 gallery-size-thumbnail'><dl class='gallery-item'>\n\t\t\t<dt class='gallery-icon landscape'>\n\t\t\t\t<a href='https:\/\/www.julius-pfalz.de\/?attachment_id=8428'><img width=\"150\" height=\"150\" src=\"https:\/\/www.julius-pfalz.de\/wp-content\/uploads\/2023\/03\/seminar-raum_buchen_julius_in_der_pfalz_0011-150x150.jpg\" class=\"attachment-thumbnail size-thumbnail\" alt=\"\" decoding=\"async\" loading=\"lazy\" aria-describedby=\"gallery-1-8428\" \/><\/a>\n\t\t\t<\/dt>\n\t\t\t\t<dd class='wp-caption-text gallery-caption' id='gallery-1-8428'>\n\t\t\t\tBildschirm online oder per Kabel\n\t\t\t\t<\/dd><\/dl><dl class='gallery-item'>\n\t\t\t<dt class='gallery-icon landscape'>\n\t\t\t\t<a href='https:\/\/www.julius-pfalz.de\/?attachment_id=8429'><img width=\"150\" height=\"150\" src=\"https:\/\/www.julius-pfalz.de\/wp-content\/uploads\/2023\/03\/seminar-raum_buchen_julius_in_der_pfalz_0021-150x150.jpg\" class=\"attachment-thumbnail size-thumbnail\" alt=\"\" decoding=\"async\" loading=\"lazy\" aria-describedby=\"gallery-1-8429\" \/><\/a>\n\t\t\t<\/dt>\n\t\t\t\t<dd class='wp-caption-text gallery-caption' id='gallery-1-8429'>\n\t\t\t\tTagungstisch f\u00fcr 10 Personen\n\t\t\t\t<\/dd><\/dl><dl class='gallery-item'>\n\t\t\t<dt class='gallery-icon landscape'>\n\t\t\t\t<a href='https:\/\/www.julius-pfalz.de\/?attachment_id=8430'><img width=\"150\" height=\"150\" src=\"https:\/\/www.julius-pfalz.de\/wp-content\/uploads\/2023\/03\/seminarraum_buchen_julius_in_der_pfalz_0031-150x150.jpg\" class=\"attachment-thumbnail size-thumbnail\" alt=\"\" decoding=\"async\" loading=\"lazy\" aria-describedby=\"gallery-1-8430\" \/><\/a>\n\t\t\t<\/dt>\n\t\t\t\t<dd class='wp-caption-text gallery-caption' id='gallery-1-8430'>\n\t\t\t\tgem\u00fctliche Ablagebank\n\t\t\t\t<\/dd><\/dl><br style=\"clear: both\" \/><dl class='gallery-item'>\n\t\t\t<dt class='gallery-icon landscape'>\n\t\t\t\t<a href='https:\/\/www.julius-pfalz.de\/?attachment_id=8431'><img width=\"150\" height=\"150\" src=\"https:\/\/www.julius-pfalz.de\/wp-content\/uploads\/2023\/03\/seminarraum_mieten_julius_in_der_pfalz_0011-150x150.jpg\" class=\"attachment-thumbnail size-thumbnail\" alt=\"\" decoding=\"async\" loading=\"lazy\" aria-describedby=\"gallery-1-8431\" \/><\/a>\n\t\t\t<\/dt>\n\t\t\t\t<dd class='wp-caption-text gallery-caption' id='gallery-1-8431'>\n\t\t\t\tTagen in ruhiger Atmosph\u00e4re\n\t\t\t\t<\/dd><\/dl><dl class='gallery-item'>\n\t\t\t<dt class='gallery-icon landscape'>\n\t\t\t\t<a href='https:\/\/www.julius-pfalz.de\/?attachment_id=8432'><img width=\"150\" height=\"150\" src=\"https:\/\/www.julius-pfalz.de\/wp-content\/uploads\/2023\/03\/seminarraum_mieten_julius_in_der_pfalz_002-150x150.jpg\" class=\"attachment-thumbnail size-thumbnail\" alt=\"\" decoding=\"async\" loading=\"lazy\" aria-describedby=\"gallery-1-8432\" \/><\/a>\n\t\t\t<\/dt>\n\t\t\t\t<dd class='wp-caption-text gallery-caption' id='gallery-1-8432'>\n\t\t\t\tindividuelle Tagungsm\u00f6glichkeit\n\t\t\t\t<\/dd><\/dl><dl class='gallery-item'>\n\t\t\t<dt class='gallery-icon landscape'>\n\t\t\t\t<a href='https:\/\/www.julius-pfalz.de\/?attachment_id=8433'><img width=\"150\" height=\"150\" src=\"https:\/\/www.julius-pfalz.de\/wp-content\/uploads\/2023\/03\/seminarraum_mieten_julius_in_der_pfalz_0031-150x150.jpg\" class=\"attachment-thumbnail size-thumbnail\" alt=\"\" decoding=\"async\" loading=\"lazy\" aria-describedby=\"gallery-1-8433\" \/><\/a>\n\t\t\t<\/dt>\n\t\t\t\t<dd class='wp-caption-text gallery-caption' id='gallery-1-8433'>\n\t\t\t\t&#8230;  mit Pinboard\n\t\t\t\t<\/dd><\/dl><br style=\"clear: both\" \/>\n\t\t<\/div>\n\n<div id=\"gallery-content-wrapper\">\n<div class=\"inner-wrapper\">\n<div id=\"header-image-placeholder\"><\/div>\n<div>Verbinden Sie kreatives Arbeiten mit Entspannung und sportlichen Aktivit\u00e4ten inmitten unserer traumhaften Naturlandschaft.<\/div>\n<\/div>\n<\/div>\n<div class=\"panel-col-first panel-panel\">\n<div class=\"left-wrapper\">\n<div class=\"content-left\">\n<div class=\"panel-pane pane-entity-field pane-node-body\">\n<div class=\"pane-content\">\n<div class=\"field field-name-body field-type-text-with-summary field-label-hidden\">\n<div class=\"field-items\">\n<div class=\"field-item even\">\n<p>Die herzliche Atmosph\u00e4re und der pers\u00f6nliche Service unseres Hauses tragen viel dazu bei, dass Sie sich bei uns rundum wohlf\u00fchlen.<\/p>\n<\/div>\n<\/div>\n<\/div>\n<\/div>\n<\/div>\n<\/div>\n<\/div>\n<\/div>\n<p>Der Tagungsraum kostet mind. 150 \u20ac je Tag f\u00fcr 8 G\u00e4ste incl. Pausensnack, Kaffee, Mineralwasser und S\u00e4ften.<\/p>\n<div class=\"panel-col-first panel-panel\">\n<div class=\"left-wrapper\">\n<div class=\"content-left\">\n<div class=\"panel-pane pane-entity-field pane-node-body\">\n<div class=\"pane-content\">\n<div class=\"field field-name-body field-type-text-with-summary field-label-hidden\">\n<div class=\"field-items\">\n<div class=\"field-item even\">\n<p>Unsere regionale Frische-K\u00fcche sorgt f\u00fcr die gastronomische Betreuung Ihrer Tagesg\u00e4ste.<\/p>\n<\/div>\n<\/div>\n<\/div>\n<\/div>\n<\/div>\n<\/div>\n<\/div>\n<\/div>\n<p>Wenn Sie Lust auf mehr haben, wie Weinprobe oder Kochkurs, sprechen Sie uns an. Wir freuen uns auf Sie!<\/p>\n<p>Bilder: \u00a9 Torsten Dickmann, Frankfurt<\/p>\n<p>&nbsp;<\/p>\n<p>&nbsp;<\/p>\n","protected":false},"excerpt":{"rendered":"<p>Unser kleines feines Hotel verf\u00fcgt seit 2018 auch \u00fcber einen Tagungsraum mit Tageslicht und Klimaanlage, ausgelegt auf ca. 8 &#8211; 10 Personen. Ausgestattet mit einem gro\u00dfen Tisch, bequemen Armlehnst\u00fchlen, einem gro\u00dfen Bildschirm mit Internetanschluss und PC-Anschluss, Flipchart, Pinnw\u00e4nden, Moderationskoffer etc. &hellip; <a href=\"https:\/\/www.julius-pfalz.de\/?page_id=8403\">Weiterlesen <span class=\"meta-nav\">&rarr;<\/span><\/a><\/p>\n","protected":false},"author":1,"featured_media":0,"parent":0,"menu_order":0,"comment_status":"closed","ping_status":"closed","template":"","meta":[],"_links":{"self":[{"href":"https:\/\/www.julius-pfalz.de\/index.php?rest_route=\/wp\/v2\/pages\/8403"}],"collection":[{"href":"https:\/\/www.julius-pfalz.de\/index.php?rest_route=\/wp\/v2\/pages"}],"about":[{"href":"https:\/\/www.julius-pfalz.de\/index.php?rest_route=\/wp\/v2\/types\/page"}],"author":[{"embeddable":true,"href":"https:\/\/www.julius-pfalz.de\/index.php?rest_route=\/wp\/v2\/users\/1"}],"replies":[{"embeddable":true,"href":"https:\/\/www.julius-pfalz.de\/index.php?rest_route=%2Fwp%2Fv2%2Fcomments&post=8403"}],"version-history":[{"count":12,"href":"https:\/\/www.julius-pfalz.de\/index.php?rest_route=\/wp\/v2\/pages\/8403\/revisions"}],"predecessor-version":[{"id":8442,"href":"https:\/\/www.julius-pfalz.de\/index.php?rest_route=\/wp\/v2\/pages\/8403\/revisions\/8442"}],"wp:attachment":[{"href":"https:\/\/www.julius-pfalz.de\/index.php?rest_route=%2Fwp%2Fv2%2Fmedia&parent=8403"}],"curies":[{"name":"wp","href":"https:\/\/api.w.org\/{rel}","templated":true}]}}