{"id":8285,"date":"2022-11-17T16:17:33","date_gmt":"2022-11-17T14:17:33","guid":{"rendered":"https:\/\/www.julius-pfalz.de\/?page_id=8285"},"modified":"2022-11-17T16:25:31","modified_gmt":"2022-11-17T14:25:31","slug":"vinothek-weingut-auer-themenregion-oesterreich","status":"publish","type":"page","link":"https:\/\/www.julius-pfalz.de\/?page_id=8285","title":{"rendered":"Vinothek: Weingut Auer Themenregion (\u00d6sterreich)"},"content":{"rendered":"<p>Das Weingut liegt in der Gemeinde Trattendorf im nieder\u00f6sterreichischen Weinbaugebiet Thermenregion. Die Region z\u00e4hlt zu den \u00e4ltesten Weinbaugebiete \u00d6sterreichs und liegt 30 km s\u00fcdlich von Wien. Zum Weingut geh\u00f6ren 23 ha Weinlagen mit Schwerpunkt auf Piont Noir und St. Laurent. Diese Reben finden hier (in Trattendorf) beste Bedingungen auf kargen, angeschwemmten<a href=\"https:\/\/www.julius-pfalz.de\/wp-content\/uploads\/2022\/09\/auerweine-scaled.jpg\" data-slb-active=\"1\" data-slb-asset=\"79543722\" data-slb-internal=\"0\" data-slb-group=\"3511\"><img decoding=\"async\" loading=\"lazy\" class=\"alignright wp-image-8098\" src=\"https:\/\/www.julius-pfalz.de\/wp-content\/uploads\/2022\/09\/auerweine-300x242.jpg\" sizes=\"(max-width: 250px) 100vw, 250px\" srcset=\"https:\/\/www.julius-pfalz.de\/wp-content\/uploads\/2022\/09\/auerweine-300x242.jpg 300w, https:\/\/www.julius-pfalz.de\/wp-content\/uploads\/2022\/09\/auerweine-1024x825.jpg 1024w, https:\/\/www.julius-pfalz.de\/wp-content\/uploads\/2022\/09\/auerweine-768x619.jpg 768w, https:\/\/www.julius-pfalz.de\/wp-content\/uploads\/2022\/09\/auerweine-1536x1237.jpg 1536w, https:\/\/www.julius-pfalz.de\/wp-content\/uploads\/2022\/09\/auerweine-2048x1649.jpg 2048w, https:\/\/www.julius-pfalz.de\/wp-content\/uploads\/2022\/09\/auerweine-373x300.jpg 373w\" alt=\"\" width=\"250\" height=\"201\" \/><\/a>, extrem kalkreichen Schotterb\u00f6den. In Hanglagen um Pfaffst\u00e4tten sind die B\u00f6den schwer (lehmiger Ton, sandiger Lehm und Braunerde mit einem hohen Anteil an Muschelkalk), ideal f\u00fcr wei\u00dfe Burgundersorten, aber auch f\u00fcr die autochthonen Sorten Rotgipfler und Zierfandler. Das Weingut wird seit Jahren biologisch bewirtschaftet (unter dem Motto: Von, f\u00fcr und mit der Natur); es z\u00e4hlt zu den Spitzenweing\u00fctern.\u00a0 Das Weingut ist seit Jahren wichtiger Weinlieferant unserer Weinhandlung in Herne.<\/p>\n<p><strong>2020 Pinot Laurent Premium &#8211; 13,90<\/strong><br \/>\nCuv\u00e9e aus Pinot Noir und St. Laurent<\/p>\n<p><strong>2019 Pinot Noir Reserve &#8211; 23,90<\/strong><\/p>\n<p><strong>2019 Beerenauslese Rotgipfler\/Zierfandler\/Riesling &#8211; 15,90 (0,375)<\/strong><\/p>\n<p><a href=\"https:\/\/www.julius-pfalz.de\/?p=8042\"><span style=\"color: #993300;\">zur\u00fcck zu \u00dcbersicht Vinothek<\/span><\/a><\/p>\n","protected":false},"excerpt":{"rendered":"<p>Das Weingut liegt in der Gemeinde Trattendorf im nieder\u00f6sterreichischen Weinbaugebiet Thermenregion. Die Region z\u00e4hlt zu den \u00e4ltesten Weinbaugebiete \u00d6sterreichs und liegt 30 km s\u00fcdlich von Wien. Zum Weingut geh\u00f6ren 23 ha Weinlagen mit Schwerpunkt auf Piont Noir und St. Laurent. &hellip; <a href=\"https:\/\/www.julius-pfalz.de\/?page_id=8285\">Weiterlesen <span class=\"meta-nav\">&rarr;<\/span><\/a><\/p>\n","protected":false},"author":1,"featured_media":0,"parent":0,"menu_order":0,"comment_status":"closed","ping_status":"closed","template":"","meta":[],"_links":{"self":[{"href":"https:\/\/www.julius-pfalz.de\/index.php?rest_route=\/wp\/v2\/pages\/8285"}],"collection":[{"href":"https:\/\/www.julius-pfalz.de\/index.php?rest_route=\/wp\/v2\/pages"}],"about":[{"href":"https:\/\/www.julius-pfalz.de\/index.php?rest_route=\/wp\/v2\/types\/page"}],"author":[{"embeddable":true,"href":"https:\/\/www.julius-pfalz.de\/index.php?rest_route=\/wp\/v2\/users\/1"}],"replies":[{"embeddable":true,"href":"https:\/\/www.julius-pfalz.de\/index.php?rest_route=%2Fwp%2Fv2%2Fcomments&post=8285"}],"version-history":[{"count":4,"href":"https:\/\/www.julius-pfalz.de\/index.php?rest_route=\/wp\/v2\/pages\/8285\/revisions"}],"predecessor-version":[{"id":8290,"href":"https:\/\/www.julius-pfalz.de\/index.php?rest_route=\/wp\/v2\/pages\/8285\/revisions\/8290"}],"wp:attachment":[{"href":"https:\/\/www.julius-pfalz.de\/index.php?rest_route=%2Fwp%2Fv2%2Fmedia&parent=8285"}],"curies":[{"name":"wp","href":"https:\/\/api.w.org\/{rel}","templated":true}]}}