{"id":8072,"date":"2022-08-23T15:17:55","date_gmt":"2022-08-23T13:17:55","guid":{"rendered":"https:\/\/www.julius-pfalz.de\/?page_id=8072"},"modified":"2022-11-17T16:25:01","modified_gmt":"2022-11-17T14:25:01","slug":"vinothek-gehlen-cornelius-brauneberg-mosel","status":"publish","type":"page","link":"https:\/\/www.julius-pfalz.de\/?page_id=8072","title":{"rendered":"Vinothek: Gehlen-Cornelius, Brauneberg (Mosel)"},"content":{"rendered":"<p>Das 24 ha-Weingut produziert gute Weine, insbesondere guten Riesling von typischem Schiefer.<\/p>\n<p><a href=\"https:\/\/www.julius-pfalz.de\/wp-content\/uploads\/2022\/08\/laden22b.jpg\"><img decoding=\"async\" loading=\"lazy\" class=\"size-medium wp-image-8084 alignright\" src=\"https:\/\/www.julius-pfalz.de\/wp-content\/uploads\/2022\/08\/laden22b-300x281.jpg\" alt=\"\" width=\"300\" height=\"281\" srcset=\"https:\/\/www.julius-pfalz.de\/wp-content\/uploads\/2022\/08\/laden22b-300x281.jpg 300w, https:\/\/www.julius-pfalz.de\/wp-content\/uploads\/2022\/08\/laden22b-1024x959.jpg 1024w, https:\/\/www.julius-pfalz.de\/wp-content\/uploads\/2022\/08\/laden22b-768x719.jpg 768w, https:\/\/www.julius-pfalz.de\/wp-content\/uploads\/2022\/08\/laden22b-1536x1438.jpg 1536w, https:\/\/www.julius-pfalz.de\/wp-content\/uploads\/2022\/08\/laden22b-2048x1917.jpg 2048w, https:\/\/www.julius-pfalz.de\/wp-content\/uploads\/2022\/08\/laden22b-320x300.jpg 320w\" sizes=\"(max-width: 300px) 100vw, 300px\" \/><\/a>Von herausragender Qualit\u00e4t ist der Syrah. Das Projekt entstand nach dem Auslandsaufenthalt von Junior Daniel Gehlen in Australien. S\u00fcdlich des Brauneberger Juffers wurden franz\u00f6sische Syrahreben in einer aufgegebenen, nun frisch rekultivierten, sehr steilen und sehr hei\u00dfen S\u00fcdparzelle gepflanzt. Entstanden ist ein Wein, der (zum Gl\u00fcck) weniger den Kraftmeiern aus Australien, sondern eher den Syrah von kargen B\u00f6den der n\u00f6rdlichen Rh\u00f4ne nahekommt.<\/p>\n<p>Elegante Frucht nach Brombeere, Cassis und Pflaume, gepaart mit rauchiger Mineralit\u00e4t und pfeffriger W\u00fcrze. Gekonnter Barriqueeinsatz integriert die Tannine bestens und verleihen dem Wein eine relativ weiche Struktur.<\/p>\n<p><strong>2020 Syrah trocken \u2013 21,-<\/strong><\/p>\n<p><strong>2019 Blaufr\u00e4nkisch trocken &#8211; 11,90<\/strong><br \/>\nFrucht, feine Holzaromen, feine Schiefer-Mineralik<\/p>\n<p><a href=\"https:\/\/www.julius-pfalz.de\/?p=8042\"><span style=\"color: #993300;\">zur\u00fcck zu \u00dcbersicht Vinothek<\/span><\/a><\/p>\n<p>&nbsp;<\/p>\n","protected":false},"excerpt":{"rendered":"<p>Das 24 ha-Weingut produziert gute Weine, insbesondere guten Riesling von typischem Schiefer. Von herausragender Qualit\u00e4t ist der Syrah. Das Projekt entstand nach dem Auslandsaufenthalt von Junior Daniel Gehlen in Australien. S\u00fcdlich des Brauneberger Juffers wurden franz\u00f6sische Syrahreben in einer aufgegebenen, &hellip; <a href=\"https:\/\/www.julius-pfalz.de\/?page_id=8072\">Weiterlesen <span class=\"meta-nav\">&rarr;<\/span><\/a><\/p>\n","protected":false},"author":1,"featured_media":0,"parent":0,"menu_order":0,"comment_status":"closed","ping_status":"closed","template":"","meta":[],"_links":{"self":[{"href":"https:\/\/www.julius-pfalz.de\/index.php?rest_route=\/wp\/v2\/pages\/8072"}],"collection":[{"href":"https:\/\/www.julius-pfalz.de\/index.php?rest_route=\/wp\/v2\/pages"}],"about":[{"href":"https:\/\/www.julius-pfalz.de\/index.php?rest_route=\/wp\/v2\/types\/page"}],"author":[{"embeddable":true,"href":"https:\/\/www.julius-pfalz.de\/index.php?rest_route=\/wp\/v2\/users\/1"}],"replies":[{"embeddable":true,"href":"https:\/\/www.julius-pfalz.de\/index.php?rest_route=%2Fwp%2Fv2%2Fcomments&post=8072"}],"version-history":[{"count":5,"href":"https:\/\/www.julius-pfalz.de\/index.php?rest_route=\/wp\/v2\/pages\/8072\/revisions"}],"predecessor-version":[{"id":8278,"href":"https:\/\/www.julius-pfalz.de\/index.php?rest_route=\/wp\/v2\/pages\/8072\/revisions\/8278"}],"wp:attachment":[{"href":"https:\/\/www.julius-pfalz.de\/index.php?rest_route=%2Fwp%2Fv2%2Fmedia&parent=8072"}],"curies":[{"name":"wp","href":"https:\/\/api.w.org\/{rel}","templated":true}]}}