{"id":68,"date":"2012-07-24T15:13:14","date_gmt":"2012-07-24T13:13:14","guid":{"rendered":"http:\/\/blog.julius-pfalz.de\/?page_id=68"},"modified":"2018-01-23T19:40:53","modified_gmt":"2018-01-23T17:40:53","slug":"wohlfuhlen","status":"publish","type":"page","link":"https:\/\/www.julius-pfalz.de\/?page_id=68","title":{"rendered":"Wohlf\u00fchlen &#8211; Material"},"content":{"rendered":"<p>2012 und dann noch einmal 2017 bauten wir das alte Winzeranwesens um. Es entstand eine sehr individuelle Anlage hochwertiger Appartements und Hotelzimmer mit Ladengesch\u00e4ft, Kochwerkstatt, Sauna im Gew\u00f6lbekeller und zwei G\u00e4rten. Altes und Modernes gingen eine stimmige Verbindung ein. An jeder Ecke, an jedem Detail sp\u00fcren unsere G\u00e4ste nun Aufwand, Geschmack, Sorgfalt und sch\u00e4tzen die individuelle Betreuung der Inhaber Julius und Ulrike Meimberg.<\/p>\n<p><strong>Ein erster Einblick, in Ihr Genussprogramm:<\/strong><\/p>\n<h2><strong><span style=\"color: #008000;\">Kochwerkstatt<\/span> <\/strong><\/h2>\n<p><strong>\u201eKochen f\u00fcr und mit G\u00e4sten\u201c<\/strong> R\u00e4umlich angrenzend an Empfang und kleinem Laden schlie\u00dft sich ein Gastraum mit integrierter K\u00fcche an, un<a href=\"https:\/\/www.julius-pfalz.de\/wp-content\/uploads\/2013\/03\/Kochen-im-Mai.jpg\"><img decoding=\"async\" loading=\"lazy\" class=\"alignright wp-image-1137\" src=\"https:\/\/julius-pfalz.de\/wp-content\/uploads\/2013\/03\/Kochen-im-Mai-300x201.jpg\" alt=\"Kochen im Mai\" width=\"200\" height=\"135\" srcset=\"https:\/\/www.julius-pfalz.de\/wp-content\/uploads\/2013\/03\/Kochen-im-Mai-300x201.jpg 300w, https:\/\/www.julius-pfalz.de\/wp-content\/uploads\/2013\/03\/Kochen-im-Mai-445x300.jpg 445w, https:\/\/www.julius-pfalz.de\/wp-content\/uploads\/2013\/03\/Kochen-im-Mai.jpg 850w\" sizes=\"(max-width: 200px) 100vw, 200px\" \/><\/a>sere &#8222;Kochwerkstatt&#8220;. Zur Einrichtung geh\u00f6rt auch die Edel-Aufschnittmaschine Berkel B2<strong>. <\/strong>Hauchd\u00fcnn aufgeschnitten werden Wurst und Schinken f\u00fcr Fr\u00fchst\u00fcck und Genuss im Hof.<br \/>\nHier finden unsere Kochkurse, verschiedenste Seminare, Weinmen\u00fcs und auch Feiern statt.<\/p>\n<p>Wir servieren Abend-Men\u00fcs f\u00fcr unsere Hotelg\u00e4ste, aber auch Weinmen\u00fcs, vor allem mit Winzerbeteiligung. Diese richten sich auch an G\u00e4ste au\u00dferhalb unseres Hotels. Wir beziehen dabei auch den Ladenfl\u00e4che mit ein, die wir mit Stil ausgestattet haben. Unsere Kapazit\u00e4t ist auf 30 G\u00e4ste begrenzt. Auch regelm\u00e4\u00dfige Kochkurse geh\u00f6ren zum Angebot.<br \/>\nKlein und fein &#8211; mit h\u00f6chsten Anspr\u00fcchen an Essen und Wein.<\/p>\n<h2><span style=\"color: #008000;\"><strong>Unser kleiner Laden<a href=\"https:\/\/www.julius-pfalz.de\/wp-content\/uploads\/2012\/11\/laden-rechts.jpg\"><img decoding=\"async\" loading=\"lazy\" class=\"alignright wp-image-1276\" src=\"https:\/\/julius-pfalz.de\/wp-content\/uploads\/2012\/11\/laden-rechts-200x300.jpg\" alt=\"Weinladen links\" width=\"150\" height=\"225\" srcset=\"https:\/\/www.julius-pfalz.de\/wp-content\/uploads\/2012\/11\/laden-rechts-200x300.jpg 200w, https:\/\/www.julius-pfalz.de\/wp-content\/uploads\/2012\/11\/laden-rechts-683x1024.jpg 683w, https:\/\/www.julius-pfalz.de\/wp-content\/uploads\/2012\/11\/laden-rechts.jpg 750w\" sizes=\"(max-width: 150px) 100vw, 150px\" \/><\/a><\/strong><\/span><\/h2>\n<p>Im ehemaligen Gesindehaus befindet sich die Rezeption und unser kleiner Laden mit Wein, Feinkost und Geschenkartikeln. Wir haben den Laden zus\u00e4tzlich mit Tischen aus alten Brettern der ehemaligen Scheune und Designer-St\u00fchlen ausgesattet, um G\u00e4ste f\u00fcr unsere Men\u00fcveranstaltungen unterzubringen.<\/p>\n<h2><span style=\"color: #008000;\"><strong>Unsere G\u00e4rten<\/strong><\/span><\/h2>\n<p>Die Anlage verf\u00fcgt \u00fcber zwei G\u00e4rten:<a href=\"https:\/\/www.julius-pfalz.de\/wp-content\/uploads\/2017\/11\/z7_blick.png\"><img decoding=\"async\" loading=\"lazy\" class=\"alignright wp-image-5312\" src=\"https:\/\/www.julius-pfalz.de\/wp-content\/uploads\/2017\/11\/z7_blick-202x300.png\" alt=\"z7_blick\" width=\"150\" height=\"223\" srcset=\"https:\/\/www.julius-pfalz.de\/wp-content\/uploads\/2017\/11\/z7_blick-202x300.png 202w, https:\/\/www.julius-pfalz.de\/wp-content\/uploads\/2017\/11\/z7_blick.png 567w\" sizes=\"(max-width: 150px) 100vw, 150px\" \/><\/a><\/p>\n<ul>\n<li>Ein Garten liegt hinter dem eigentlichen Anwesen. Er wurde 2017 g\u00e4nzlich neu gestaltet. Ein gro\u00dfes Rasengrundst\u00fcck mit neu gepflanztem Quittenbaum und je einem uralten Birnen- und Walnussbaum wird eingerahmt von einer Buchen- und Efeuhecke und einem Holzregal aus Cortenstahl. Liegen und Garnituren laden zum Verweilen ein.<\/li>\n<\/ul>\n<ul>\n<li>Auch der zweite Garten ist ein echtes Schmuckst\u00fcck. Er liegt dem eigentlichen Anwesen gegen\u00fcber, auf der anderen Stra\u00dfenseite. Im vorderen Teil des 900 m<sup>2<\/sup> gro\u00dfen Grundst\u00fccks befindet sich unser Parkplatz (feiner K<a href=\"https:\/\/www.julius-pfalz.de\/wp-content\/uploads\/2013\/01\/Garten-im-Juni.jpg\"><img decoding=\"async\" loading=\"lazy\" class=\"alignright wp-image-1177\" src=\"https:\/\/julius-pfalz.de\/wp-content\/uploads\/2013\/01\/Garten-im-Juni-300x191.jpg\" alt=\"Garten im Juni\" width=\"200\" height=\"128\" srcset=\"https:\/\/www.julius-pfalz.de\/wp-content\/uploads\/2013\/01\/Garten-im-Juni-300x191.jpg 300w, https:\/\/www.julius-pfalz.de\/wp-content\/uploads\/2013\/01\/Garten-im-Juni-470x300.jpg 470w, https:\/\/www.julius-pfalz.de\/wp-content\/uploads\/2013\/01\/Garten-im-Juni.jpg 850w\" sizes=\"(max-width: 200px) 100vw, 200px\" \/><\/a>ies mit Einfassungen aus Buntsandstein), dahinter der aufw\u00e4ndig gestaltete <strong>Kr\u00e4uter- und Naschgarten<\/strong>. Bei bet\u00f6renden D\u00fcften und lebendig bunten Gartentischgarnituren l\u00e4sst es ich wunderbar entspannen.<\/li>\n<\/ul>\n<h2><\/h2>\n<h2><strong><span style=\"color: #008000;\">Wintergarten<\/span><\/strong><\/h2>\n<p><a href=\"https:\/\/www.julius-pfalz.de\/wp-content\/uploads\/2016\/12\/Wintergarten.png\"><img decoding=\"async\" loading=\"lazy\" class=\"alignright wp-image-5154\" src=\"https:\/\/www.julius-pfalz.de\/wp-content\/uploads\/2016\/12\/Wintergarten-300x200.png\" alt=\"Sitting im Wintergarten \" width=\"200\" height=\"133\" srcset=\"https:\/\/www.julius-pfalz.de\/wp-content\/uploads\/2016\/12\/Wintergarten-300x200.png 300w, https:\/\/www.julius-pfalz.de\/wp-content\/uploads\/2016\/12\/Wintergarten-451x300.png 451w, https:\/\/www.julius-pfalz.de\/wp-content\/uploads\/2016\/12\/Wintergarten.png 709w\" sizes=\"(max-width: 200px) 100vw, 200px\" \/><\/a>In der alten Scheune entstand 2017 aus einem Durchgang ein vollst\u00e4ndig sanierter und neu gebauter Wintergarten. Die W\u00e4nde bestehen aus altem Buntsandstein. Eingelassen haben wir die uralte Hinweistafel auf die Entstehung der ehemaligen Scheune: 1711. Den Wintergarten haben wir mit einem alten Kaminofen und Sitzm\u00f6bel ausgestattet. Hier setzen sich unsere G\u00e4ste zusammen, wenn es im Garten oder Hof ungem\u00fctlich wird.<\/p>\n<h2><strong><span style=\"color: #008000;\">Sauna im Gew\u00f6lbekeller<a href=\"https:\/\/www.julius-pfalz.de\/wp-content\/uploads\/2012\/07\/Gew\u00f6lbekeller.jpg\"><img decoding=\"async\" loading=\"lazy\" class=\"alignright wp-image-1463\" src=\"https:\/\/julius-pfalz.de\/wp-content\/uploads\/2012\/07\/Gew\u00f6lbekeller-300x200.jpg\" alt=\"Gew\u00f6lbekeller\" width=\"200\" height=\"133\" srcset=\"https:\/\/www.julius-pfalz.de\/wp-content\/uploads\/2012\/07\/Gew\u00f6lbekeller-300x200.jpg 300w, https:\/\/www.julius-pfalz.de\/wp-content\/uploads\/2012\/07\/Gew\u00f6lbekeller-449x300.jpg 449w, https:\/\/www.julius-pfalz.de\/wp-content\/uploads\/2012\/07\/Gew\u00f6lbekeller.jpg 850w\" sizes=\"(max-width: 200px) 100vw, 200px\" \/><\/a><\/span><\/strong><\/h2>\n<p>Im 300 Jahre alten, restaurierten Gew\u00f6lbekeller des Winzerhauses findet sich unsere Sauna. Sauna- und\u00a0 Nasszellen wurden in die aufgeschnittenen Weintanks aus Beton eingebaut.<\/p>\n","protected":false},"excerpt":{"rendered":"<p>2012 und dann noch einmal 2017 bauten wir das alte Winzeranwesens um. Es entstand eine sehr individuelle Anlage hochwertiger Appartements und Hotelzimmer mit Ladengesch\u00e4ft, Kochwerkstatt, Sauna im Gew\u00f6lbekeller und zwei G\u00e4rten. Altes und Modernes gingen eine stimmige Verbindung ein. An &hellip; <a href=\"https:\/\/www.julius-pfalz.de\/?page_id=68\">Weiterlesen <span class=\"meta-nav\">&rarr;<\/span><\/a><\/p>\n","protected":false},"author":1,"featured_media":0,"parent":0,"menu_order":0,"comment_status":"closed","ping_status":"closed","template":"","meta":[],"_links":{"self":[{"href":"https:\/\/www.julius-pfalz.de\/index.php?rest_route=\/wp\/v2\/pages\/68"}],"collection":[{"href":"https:\/\/www.julius-pfalz.de\/index.php?rest_route=\/wp\/v2\/pages"}],"about":[{"href":"https:\/\/www.julius-pfalz.de\/index.php?rest_route=\/wp\/v2\/types\/page"}],"author":[{"embeddable":true,"href":"https:\/\/www.julius-pfalz.de\/index.php?rest_route=\/wp\/v2\/users\/1"}],"replies":[{"embeddable":true,"href":"https:\/\/www.julius-pfalz.de\/index.php?rest_route=%2Fwp%2Fv2%2Fcomments&post=68"}],"version-history":[{"count":112,"href":"https:\/\/www.julius-pfalz.de\/index.php?rest_route=\/wp\/v2\/pages\/68\/revisions"}],"predecessor-version":[{"id":5464,"href":"https:\/\/www.julius-pfalz.de\/index.php?rest_route=\/wp\/v2\/pages\/68\/revisions\/5464"}],"wp:attachment":[{"href":"https:\/\/www.julius-pfalz.de\/index.php?rest_route=%2Fwp%2Fv2%2Fmedia&parent=68"}],"curies":[{"name":"wp","href":"https:\/\/api.w.org\/{rel}","templated":true}]}}