{"id":65,"date":"2012-07-24T15:11:15","date_gmt":"2012-07-24T13:11:15","guid":{"rendered":"http:\/\/blog.julius-pfalz.de\/?page_id=65"},"modified":"2017-02-02T00:31:10","modified_gmt":"2017-02-01T22:31:10","slug":"anwesen","status":"publish","type":"page","link":"https:\/\/www.julius-pfalz.de\/?page_id=65","title":{"rendered":"Anwesen"},"content":{"rendered":"<div id=\"attachment_1459\" style=\"width: 280px\" class=\"wp-caption alignright\"><a href=\"https:\/\/julius-pfalz.de\/wp-content\/uploads\/2012\/07\/Anwesen-in-kompletter-Breite.jpg\"><img aria-describedby=\"caption-attachment-1459\" decoding=\"async\" loading=\"lazy\" class=\" wp-image-1459 \" title=\"Anwesen in kompletter Breite (2013)\" src=\"https:\/\/julius-pfalz.de\/wp-content\/uploads\/2012\/07\/Anwesen-in-kompletter-Breite-300x167.jpg\" alt=\"Anwesen in kompletter Breite\" width=\"270\" height=\"150\" srcset=\"https:\/\/www.julius-pfalz.de\/wp-content\/uploads\/2012\/07\/Anwesen-in-kompletter-Breite-300x167.jpg 300w, https:\/\/www.julius-pfalz.de\/wp-content\/uploads\/2012\/07\/Anwesen-in-kompletter-Breite-500x279.jpg 500w, https:\/\/www.julius-pfalz.de\/wp-content\/uploads\/2012\/07\/Anwesen-in-kompletter-Breite.jpg 850w\" sizes=\"(max-width: 270px) 100vw, 270px\" \/><\/a><p id=\"caption-attachment-1459\" class=\"wp-caption-text\">Anwesen in kompletter Breite (2013)<\/p><\/div>\n<div id=\"attachment_250\" style=\"width: 250px\" class=\"wp-caption alignright\"><a href=\"https:\/\/julius-pfalz.de\/wp-content\/uploads\/2012\/07\/grafik-gesans-400.jpg\"><img aria-describedby=\"caption-attachment-250\" decoding=\"async\" loading=\"lazy\" class=\" wp-image-250 \" title=\"grafik-gesans-400\" src=\"https:\/\/julius-pfalz.de\/wp-content\/uploads\/2012\/07\/grafik-gesans-400.jpg\" alt=\"\" width=\"240\" height=\"338\" srcset=\"https:\/\/www.julius-pfalz.de\/wp-content\/uploads\/2012\/07\/grafik-gesans-400.jpg 400w, https:\/\/www.julius-pfalz.de\/wp-content\/uploads\/2012\/07\/grafik-gesans-400-212x300.jpg 212w\" sizes=\"(max-width: 240px) 100vw, 240px\" \/><\/a><p id=\"caption-attachment-250\" class=\"wp-caption-text\">Zeichnung der Planung<\/p><\/div>\n<p>In den letzten f\u00fcnf Jahren haben wir ein uraltes, sehr gro\u00dfes Winzer-anwesen in Hainfeld zu einer individuellen Anlage hochwertiger Appartements und Hotelzimmer umgebaut. Zum Hotelangebot hinzu kommen Kochwerkstatt und Laden, Sauna im Gew\u00f6lbekeller, zwei G\u00e4rten und vieles mehr wie -neu- ein gro\u00dfer Wintergarten mit offenem Kamin.<\/p>\n<p>Unser Anwesen liegt in Hainfeld, ein 800-Seelen-gro\u00dfes-Dorf, baulich im Kern vom Barock gepr\u00e4gt. Es liegt an der s\u00fcdlichen Weinstra\u00dfe, einer der am meisten aufstrebenden Region Deutschlands. Hier ist es warm, nur knapp vom Kaiserstuhl \u00fcbertroffen. Gleichzeitig sorgt der nahe Pf\u00e4lzer Wald f\u00fcr ausgleichende Frische. Von hier kommen \u00a0&#8211; dank einer jungen Winzer-generation &#8211; inzwischen beste Weine. Auch der Essensgenuss ist dank junger Gastronomen erfrischend modern. &#8222;Julius in der Pfalz&#8220; z\u00e4hlt sich dazu, gastronomisch und mit einem Hotelprojekt, dessen Individualit\u00e4t und Qualit\u00e4t in der S\u00fcdpfalz von Anfang an herausstach.<\/p>\n<p>Das Gebiet der s\u00fcdlichen Weinstra\u00dfe ist eine aufstrebende Region, auch und gerade f\u00fcr Urlauber. Im milden Klima, der &#8222;Toskana Deutschlands&#8220;, l\u00e4sst es sich genussvoll leben, genussvoll urlauben: Rad fahren, golfen, wandern, gut essen und Wein trinken, Kunst und Kultur genie\u00dfen. Hier kann Mensch seine Seele baumeln lassen, gerade mit uns, gerade bei uns.<\/p>\n<p>&nbsp;<\/p>\n<p>&nbsp;<\/p>\n<p>&nbsp;<\/p>\n","protected":false},"excerpt":{"rendered":"<p>In den letzten f\u00fcnf Jahren haben wir ein uraltes, sehr gro\u00dfes Winzer-anwesen in Hainfeld zu einer individuellen Anlage hochwertiger Appartements und Hotelzimmer umgebaut. Zum Hotelangebot hinzu kommen Kochwerkstatt und Laden, Sauna im Gew\u00f6lbekeller, zwei G\u00e4rten und vieles mehr wie -neu- &hellip; <a href=\"https:\/\/www.julius-pfalz.de\/?page_id=65\">Weiterlesen <span class=\"meta-nav\">&rarr;<\/span><\/a><\/p>\n","protected":false},"author":1,"featured_media":0,"parent":0,"menu_order":0,"comment_status":"closed","ping_status":"closed","template":"","meta":[],"_links":{"self":[{"href":"https:\/\/www.julius-pfalz.de\/index.php?rest_route=\/wp\/v2\/pages\/65"}],"collection":[{"href":"https:\/\/www.julius-pfalz.de\/index.php?rest_route=\/wp\/v2\/pages"}],"about":[{"href":"https:\/\/www.julius-pfalz.de\/index.php?rest_route=\/wp\/v2\/types\/page"}],"author":[{"embeddable":true,"href":"https:\/\/www.julius-pfalz.de\/index.php?rest_route=\/wp\/v2\/users\/1"}],"replies":[{"embeddable":true,"href":"https:\/\/www.julius-pfalz.de\/index.php?rest_route=%2Fwp%2Fv2%2Fcomments&post=65"}],"version-history":[{"count":51,"href":"https:\/\/www.julius-pfalz.de\/index.php?rest_route=\/wp\/v2\/pages\/65\/revisions"}],"predecessor-version":[{"id":4807,"href":"https:\/\/www.julius-pfalz.de\/index.php?rest_route=\/wp\/v2\/pages\/65\/revisions\/4807"}],"wp:attachment":[{"href":"https:\/\/www.julius-pfalz.de\/index.php?rest_route=%2Fwp%2Fv2%2Fmedia&parent=65"}],"curies":[{"name":"wp","href":"https:\/\/api.w.org\/{rel}","templated":true}]}}