{"id":5955,"date":"2018-12-31T10:29:46","date_gmt":"2018-12-31T08:29:46","guid":{"rendered":"http:\/\/www.julius-pfalz.de\/wp\/?page_id=5955"},"modified":"2018-12-31T10:35:55","modified_gmt":"2018-12-31T08:35:55","slug":"frohes-neues-jahr","status":"publish","type":"page","link":"https:\/\/www.julius-pfalz.de\/?page_id=5955","title":{"rendered":"Frohes Neues Jahr!"},"content":{"rendered":"<h1><strong><a href=\"https:\/\/www.julius-pfalz.de\/wp-content\/uploads\/2014\/05\/Silvester-2013-14.jpg\"><img decoding=\"async\" loading=\"lazy\" class=\"alignright size-medium wp-image-2473\" src=\"https:\/\/www.julius-pfalz.de\/wp-content\/uploads\/2014\/05\/Silvester-2013-14-200x300.jpg\" alt=\"\" width=\"200\" height=\"300\" srcset=\"https:\/\/www.julius-pfalz.de\/wp-content\/uploads\/2014\/05\/Silvester-2013-14-200x300.jpg 200w, https:\/\/www.julius-pfalz.de\/wp-content\/uploads\/2014\/05\/Silvester-2013-14.jpg 600w\" sizes=\"(max-width: 200px) 100vw, 200px\" \/><\/a>Wir w\u00fcnschen unsere G\u00e4sten und Weinkunden ein gutes, gl\u00fcckreiches Jahr 2019!<\/strong><\/h1>\n<p>Wir freuen uns auf ein neues Jahr mit Ihnen, haben bis Ende Februar geschlossen, erholen uns ein wenig und bereiten uns vor.<br \/>\nDie ersten Arrangements, Weinmen\u00fcs und Kochkurse sind bereits online. Telefonisch und per email sind wir jederzeit erreichbar.<\/p>\n<p>Ulrike und Hartmut Julius Meimberg<\/p>\n","protected":false},"excerpt":{"rendered":"<p>Wir w\u00fcnschen unsere G\u00e4sten und Weinkunden ein gutes, gl\u00fcckreiches Jahr 2019! Wir freuen uns auf ein neues Jahr mit Ihnen, haben bis Ende Februar geschlossen, erholen uns ein wenig und bereiten uns vor. Die ersten Arrangements, Weinmen\u00fcs und Kochkurse sind &hellip; <a href=\"https:\/\/www.julius-pfalz.de\/?page_id=5955\">Weiterlesen <span class=\"meta-nav\">&rarr;<\/span><\/a><\/p>\n","protected":false},"author":1,"featured_media":0,"parent":0,"menu_order":0,"comment_status":"closed","ping_status":"closed","template":"","meta":[],"_links":{"self":[{"href":"https:\/\/www.julius-pfalz.de\/index.php?rest_route=\/wp\/v2\/pages\/5955"}],"collection":[{"href":"https:\/\/www.julius-pfalz.de\/index.php?rest_route=\/wp\/v2\/pages"}],"about":[{"href":"https:\/\/www.julius-pfalz.de\/index.php?rest_route=\/wp\/v2\/types\/page"}],"author":[{"embeddable":true,"href":"https:\/\/www.julius-pfalz.de\/index.php?rest_route=\/wp\/v2\/users\/1"}],"replies":[{"embeddable":true,"href":"https:\/\/www.julius-pfalz.de\/index.php?rest_route=%2Fwp%2Fv2%2Fcomments&post=5955"}],"version-history":[{"count":3,"href":"https:\/\/www.julius-pfalz.de\/index.php?rest_route=\/wp\/v2\/pages\/5955\/revisions"}],"predecessor-version":[{"id":5958,"href":"https:\/\/www.julius-pfalz.de\/index.php?rest_route=\/wp\/v2\/pages\/5955\/revisions\/5958"}],"wp:attachment":[{"href":"https:\/\/www.julius-pfalz.de\/index.php?rest_route=%2Fwp%2Fv2%2Fmedia&parent=5955"}],"curies":[{"name":"wp","href":"https:\/\/api.w.org\/{rel}","templated":true}]}}