{"id":56,"date":"2012-07-24T15:04:21","date_gmt":"2012-07-24T13:04:21","guid":{"rendered":"http:\/\/blog.julius-pfalz.de\/?page_id=56"},"modified":"2026-04-17T10:41:15","modified_gmt":"2026-04-17T08:41:15","slug":"appartments","status":"publish","type":"page","link":"https:\/\/www.julius-pfalz.de\/?page_id=56","title":{"rendered":"Appartements"},"content":{"rendered":"<p><a href=\"https:\/\/www.julius-pfalz.de\/wp-content\/uploads\/2012\/07\/Wohnbereich-mit-Blick-zum-Essbereich-K\u00fcchenzeile.jpg\"><img decoding=\"async\" loading=\"lazy\" class=\"alignright wp-image-1456\" src=\"https:\/\/julius-pfalz.de\/wp-content\/uploads\/2012\/07\/Wohnbereich-mit-Blick-zum-Essbereich-K\u00fcchenzeile-300x202.jpg\" alt=\"Wohnbereich mit Blick zum Essbereich\" width=\"250\" height=\"169\" srcset=\"https:\/\/www.julius-pfalz.de\/wp-content\/uploads\/2012\/07\/Wohnbereich-mit-Blick-zum-Essbereich-K\u00fcchenzeile-300x202.jpg 300w, https:\/\/www.julius-pfalz.de\/wp-content\/uploads\/2012\/07\/Wohnbereich-mit-Blick-zum-Essbereich-K\u00fcchenzeile-445x300.jpg 445w, https:\/\/www.julius-pfalz.de\/wp-content\/uploads\/2012\/07\/Wohnbereich-mit-Blick-zum-Essbereich-K\u00fcchenzeile.jpg 850w\" sizes=\"(max-width: 250px) 100vw, 250px\" \/><\/a><span style=\"color: #000000;\"><strong>JULIUS in der PFALZ<\/strong> verf\u00fcgt \u00fcber vier Appartements. Sie liegen im\u00a0 ehemaligen Winzerhaus, je zwei im Erdgeschoss, zwei im 1. OG; alle sind fast baugleich mit einer Gr\u00f6\u00dfe zwischen 33 und 46 m<sup>2<\/sup>.<\/span><\/p>\n<p><strong>Ausstattung Wohn- und K\u00fcchenbereich:<\/strong><\/p>\n<ul>\n<li>alter Tisch mit zwei St\u00fchlen, 2 Sessel bzw. ein variables Sofa<\/li>\n<li>Flachbild-TV, kostenloser W-LAN-Empfang.<\/li>\n<li><a href=\"https:\/\/www.julius-pfalz.de\/wp-content\/uploads\/2012\/07\/K\u00fcchen-zeile-2502.jpg\"><img decoding=\"async\" loading=\"lazy\" class=\"alignright wp-image-506\" src=\"https:\/\/julius-pfalz.de\/wp-content\/uploads\/2012\/07\/K\u00fcchen-zeile-2502.jpg\" alt=\"K\u00fcchenzeile\" width=\"200\" height=\"131\" \/><\/a>designete, voll ausgestattete ma\u00dfgefertigte K\u00fcchenzeile mit K\u00fchlschrank, Sp\u00fclmaschine, 2-Platten-Induktions-Feld,\u00a0 dar\u00fcber hinaus u.a.:<\/li>\n<li>Nespresso-Maschine mit vier Kaffeetaps von Nespresso, gratis<\/li>\n<li>Wasserkocher und Toaster von Kennwood.<\/li>\n<li>Trockent\u00fccher, Reinigungsmittel werden gestellt<\/li>\n<li>professionelle Weingl\u00e4ser;<\/li>\n<li>Geschirr und Besteck<\/li>\n<\/ul>\n<p><strong><strong>Ausstattung Schlafbereich:<a href=\"https:\/\/www.julius-pfalz.de\/wp-content\/uploads\/2012\/07\/bett-300.jpg\"><img decoding=\"async\" loading=\"lazy\" class=\"alignright wp-image-1476\" src=\"https:\/\/julius-pfalz.de\/wp-content\/uploads\/2012\/07\/bett-300.jpg\" alt=\"bett-300\" width=\"200\" height=\"119\" \/><\/a><\/strong><\/strong><\/p>\n<ul>\n<li>zwei Betten 200*90 cm, mit Ablage aus alten Bestandsbalken<\/li>\n<li>\n<div>hochwertigste Marken-Matratzen (Schramm) und Bettw\u00e4sche (Pfeiler\/Elegante)<\/div>\n<\/li>\n<li>ma\u00dfgefertigter Einbauschrank mit Safe<\/li>\n<\/ul>\n<p><strong>Bad:<a href=\"https:\/\/www.julius-pfalz.de\/wp-content\/uploads\/2012\/07\/bad-300.jpg\"><img decoding=\"async\" loading=\"lazy\" class=\"alignright wp-image-1477\" src=\"https:\/\/julius-pfalz.de\/wp-content\/uploads\/2012\/07\/bad-300.jpg\" alt=\"bad-300\" width=\"200\" height=\"125\" \/><\/a><\/strong><\/p>\n<ul>\n<li>WC und eingebaute Dusche (W\u00e4nde aus Glas)<br \/>\nbefinden sich hinter einer Einbauwand,<\/li>\n<li>Wand mit gro\u00dfem Waschbecken<\/li>\n<li>gro\u00dfer Spiegel mit Schminkspiegel<\/li>\n<li>flauschige Hand- und Duscht\u00fccher<\/li>\n<li>F\u00f6n<\/li>\n<\/ul>\n<p>&nbsp;<\/p>\n\n\t\t<style type=\"text\/css\">\n\t\t\t#gallery-1 {\n\t\t\t\tmargin: auto;\n\t\t\t}\n\t\t\t#gallery-1 .gallery-item {\n\t\t\t\tfloat: left;\n\t\t\t\tmargin-top: 10px;\n\t\t\t\ttext-align: center;\n\t\t\t\twidth: 33%;\n\t\t\t}\n\t\t\t#gallery-1 img {\n\t\t\t\tborder: 2px solid #cfcfcf;\n\t\t\t}\n\t\t\t#gallery-1 .gallery-caption {\n\t\t\t\tmargin-left: 0;\n\t\t\t}\n\t\t\t\/* see gallery_shortcode() in wp-includes\/media.php *\/\n\t\t<\/style>\n\t\t<div id='gallery-1' class='gallery galleryid-56 gallery-columns-3 gallery-size-thumbnail'><dl class='gallery-item'>\n\t\t\t<dt class='gallery-icon portrait'>\n\t\t\t\t<a href='https:\/\/www.julius-pfalz.de\/?attachment_id=1375'><img width=\"150\" height=\"150\" src=\"https:\/\/www.julius-pfalz.de\/wp-content\/uploads\/2012\/07\/Winzerhaus-EG-400-150x150.jpg\" class=\"attachment-thumbnail size-thumbnail\" alt=\"\" decoding=\"async\" loading=\"lazy\" aria-describedby=\"gallery-1-1375\" \/><\/a>\n\t\t\t<\/dt>\n\t\t\t\t<dd class='wp-caption-text gallery-caption' id='gallery-1-1375'>\n\t\t\t\tGrundriss Erdgeschoss\n\t\t\t\t<\/dd><\/dl><dl class='gallery-item'>\n\t\t\t<dt class='gallery-icon landscape'>\n\t\t\t\t<a href='https:\/\/www.julius-pfalz.de\/?attachment_id=1373'><img width=\"150\" height=\"150\" src=\"https:\/\/www.julius-pfalz.de\/wp-content\/uploads\/2012\/07\/wohnen-850-150x150.jpg\" class=\"attachment-thumbnail size-thumbnail\" alt=\"\" decoding=\"async\" loading=\"lazy\" aria-describedby=\"gallery-1-1373\" \/><\/a>\n\t\t\t<\/dt>\n\t\t\t\t<dd class='wp-caption-text gallery-caption' id='gallery-1-1373'>\n\t\t\t\tCouch Appartement #4\n\t\t\t\t<\/dd><\/dl><dl class='gallery-item'>\n\t\t\t<dt class='gallery-icon landscape'>\n\t\t\t\t<a href='https:\/\/www.julius-pfalz.de\/?attachment_id=1456'><img width=\"150\" height=\"150\" src=\"https:\/\/www.julius-pfalz.de\/wp-content\/uploads\/2012\/07\/Wohnbereich-mit-Blick-zum-Essbereich-K\u00fcchenzeile-150x150.jpg\" class=\"attachment-thumbnail size-thumbnail\" alt=\"\" decoding=\"async\" loading=\"lazy\" aria-describedby=\"gallery-1-1456\" \/><\/a>\n\t\t\t<\/dt>\n\t\t\t\t<dd class='wp-caption-text gallery-caption' id='gallery-1-1456'>\n\t\t\t\tWohnbereich mit Blick zum Essbereich\n\t\t\t\t<\/dd><\/dl><br style=\"clear: both\" \/><dl class='gallery-item'>\n\t\t\t<dt class='gallery-icon landscape'>\n\t\t\t\t<a href='https:\/\/www.julius-pfalz.de\/?attachment_id=1455'><img width=\"150\" height=\"150\" src=\"https:\/\/www.julius-pfalz.de\/wp-content\/uploads\/2012\/07\/K\u00fcchenbereich-150x150.jpg\" class=\"attachment-thumbnail size-thumbnail\" alt=\"\" decoding=\"async\" loading=\"lazy\" aria-describedby=\"gallery-1-1455\" \/><\/a>\n\t\t\t<\/dt>\n\t\t\t\t<dd class='wp-caption-text gallery-caption' id='gallery-1-1455'>\n\t\t\t\tEss- und K\u00fcchenbereich\n\t\t\t\t<\/dd><\/dl><dl class='gallery-item'>\n\t\t\t<dt class='gallery-icon portrait'>\n\t\t\t\t<a href='https:\/\/www.julius-pfalz.de\/?attachment_id=1372'><img width=\"150\" height=\"150\" src=\"https:\/\/www.julius-pfalz.de\/wp-content\/uploads\/2012\/07\/tisch-700-150x150.jpg\" class=\"attachment-thumbnail size-thumbnail\" alt=\"\" decoding=\"async\" loading=\"lazy\" aria-describedby=\"gallery-1-1372\" \/><\/a>\n\t\t\t<\/dt>\n\t\t\t\t<dd class='wp-caption-text gallery-caption' id='gallery-1-1372'>\n\t\t\t\tTisch (abends)\n\t\t\t\t<\/dd><\/dl><dl class='gallery-item'>\n\t\t\t<dt class='gallery-icon landscape'>\n\t\t\t\t<a href='https:\/\/www.julius-pfalz.de\/?attachment_id=1368'><img width=\"150\" height=\"150\" src=\"https:\/\/www.julius-pfalz.de\/wp-content\/uploads\/2012\/07\/k\u00fcchenzeile-850-150x150.jpg\" class=\"attachment-thumbnail size-thumbnail\" alt=\"\" decoding=\"async\" loading=\"lazy\" aria-describedby=\"gallery-1-1368\" \/><\/a>\n\t\t\t<\/dt>\n\t\t\t\t<dd class='wp-caption-text gallery-caption' id='gallery-1-1368'>\n\t\t\t\tK\u00fcchenzeile\n\t\t\t\t<\/dd><\/dl><br style=\"clear: both\" \/><dl class='gallery-item'>\n\t\t\t<dt class='gallery-icon landscape'>\n\t\t\t\t<a href='https:\/\/www.julius-pfalz.de\/?attachment_id=1367'><img width=\"150\" height=\"150\" src=\"https:\/\/www.julius-pfalz.de\/wp-content\/uploads\/2012\/07\/fr\u00fchst\u00fcck-850-150x150.jpg\" class=\"attachment-thumbnail size-thumbnail\" alt=\"\" decoding=\"async\" loading=\"lazy\" aria-describedby=\"gallery-1-1367\" \/><\/a>\n\t\t\t<\/dt>\n\t\t\t\t<dd class='wp-caption-text gallery-caption' id='gallery-1-1367'>\n\t\t\t\tFr\u00fchst\u00fcck optional\n\t\t\t\t<\/dd><\/dl><dl class='gallery-item'>\n\t\t\t<dt class='gallery-icon landscape'>\n\t\t\t\t<a href='https:\/\/www.julius-pfalz.de\/?attachment_id=1369'><img width=\"150\" height=\"150\" src=\"https:\/\/www.julius-pfalz.de\/wp-content\/uploads\/2012\/07\/schlafbereich-850-150x150.jpg\" class=\"attachment-thumbnail size-thumbnail\" alt=\"\" decoding=\"async\" loading=\"lazy\" aria-describedby=\"gallery-1-1369\" \/><\/a>\n\t\t\t<\/dt>\n\t\t\t\t<dd class='wp-caption-text gallery-caption' id='gallery-1-1369'>\n\t\t\t\tSchlafbereich\n\t\t\t\t<\/dd><\/dl><dl class='gallery-item'>\n\t\t\t<dt class='gallery-icon landscape'>\n\t\t\t\t<a href='https:\/\/www.julius-pfalz.de\/?attachment_id=1370'><img width=\"150\" height=\"150\" src=\"https:\/\/www.julius-pfalz.de\/wp-content\/uploads\/2012\/07\/schlafen-1-850-150x150.jpg\" class=\"attachment-thumbnail size-thumbnail\" alt=\"\" decoding=\"async\" loading=\"lazy\" aria-describedby=\"gallery-1-1370\" \/><\/a>\n\t\t\t<\/dt>\n\t\t\t\t<dd class='wp-caption-text gallery-caption' id='gallery-1-1370'>\n\t\t\t\tSchlafbereich (App.4)\n\t\t\t\t<\/dd><\/dl><br style=\"clear: both\" \/><dl class='gallery-item'>\n\t\t\t<dt class='gallery-icon portrait'>\n\t\t\t\t<a href='https:\/\/www.julius-pfalz.de\/?attachment_id=1452'><img width=\"150\" height=\"150\" src=\"https:\/\/www.julius-pfalz.de\/wp-content\/uploads\/2012\/07\/am-Einbauschrank-vorbei-zum-Bad-150x150.jpg\" class=\"attachment-thumbnail size-thumbnail\" alt=\"\" decoding=\"async\" loading=\"lazy\" aria-describedby=\"gallery-1-1452\" \/><\/a>\n\t\t\t<\/dt>\n\t\t\t\t<dd class='wp-caption-text gallery-caption' id='gallery-1-1452'>\n\t\t\t\tAm Einbauschrank vorbei\n\t\t\t\t<\/dd><\/dl><dl class='gallery-item'>\n\t\t\t<dt class='gallery-icon portrait'>\n\t\t\t\t<a href='https:\/\/www.julius-pfalz.de\/?attachment_id=1365'><img width=\"150\" height=\"150\" src=\"https:\/\/www.julius-pfalz.de\/wp-content\/uploads\/2012\/07\/bad-2-700-150x150.jpg\" class=\"attachment-thumbnail size-thumbnail\" alt=\"\" decoding=\"async\" loading=\"lazy\" aria-describedby=\"gallery-1-1365\" \/><\/a>\n\t\t\t<\/dt>\n\t\t\t\t<dd class='wp-caption-text gallery-caption' id='gallery-1-1365'>\n\t\t\t\tBad\n\t\t\t\t<\/dd><\/dl><dl class='gallery-item'>\n\t\t\t<dt class='gallery-icon portrait'>\n\t\t\t\t<a href='https:\/\/www.julius-pfalz.de\/?attachment_id=1453'><img width=\"150\" height=\"150\" src=\"https:\/\/www.julius-pfalz.de\/wp-content\/uploads\/2012\/07\/Bad-150x150.jpg\" class=\"attachment-thumbnail size-thumbnail\" alt=\"\" decoding=\"async\" loading=\"lazy\" aria-describedby=\"gallery-1-1453\" \/><\/a>\n\t\t\t<\/dt>\n\t\t\t\t<dd class='wp-caption-text gallery-caption' id='gallery-1-1453'>\n\t\t\t\tBad 2\n\t\t\t\t<\/dd><\/dl><br style=\"clear: both\" \/>\n\t\t<\/div>\n\n<p><a title=\"Allgemeine Gesch\u00e4ftsbedingungen\" href=\"https:\/\/julius-pfalz.de\/?page_id=378\">Allgemeine Gesch\u00e4ftsbedingungen<\/a><\/p>\n<p><a title=\"Anwesen\" href=\"https:\/\/julius-pfalz.de\/\">zur\u00fcck<\/a><\/p>\n<p>&nbsp;<\/p>\n<p>&nbsp;<\/p>\n<p>&nbsp;<\/p>\n<p>&nbsp;<\/p>\n","protected":false},"excerpt":{"rendered":"<p>JULIUS in der PFALZ verf\u00fcgt \u00fcber vier Appartements. Sie liegen im\u00a0 ehemaligen Winzerhaus, je zwei im Erdgeschoss, zwei im 1. OG; alle sind fast baugleich mit einer Gr\u00f6\u00dfe zwischen 33 und 46 m2. Ausstattung Wohn- und K\u00fcchenbereich: alter Tisch mit &hellip; <a href=\"https:\/\/www.julius-pfalz.de\/?page_id=56\">Weiterlesen <span class=\"meta-nav\">&rarr;<\/span><\/a><\/p>\n","protected":false},"author":1,"featured_media":0,"parent":0,"menu_order":0,"comment_status":"closed","ping_status":"closed","template":"","meta":[],"_links":{"self":[{"href":"https:\/\/www.julius-pfalz.de\/index.php?rest_route=\/wp\/v2\/pages\/56"}],"collection":[{"href":"https:\/\/www.julius-pfalz.de\/index.php?rest_route=\/wp\/v2\/pages"}],"about":[{"href":"https:\/\/www.julius-pfalz.de\/index.php?rest_route=\/wp\/v2\/types\/page"}],"author":[{"embeddable":true,"href":"https:\/\/www.julius-pfalz.de\/index.php?rest_route=\/wp\/v2\/users\/1"}],"replies":[{"embeddable":true,"href":"https:\/\/www.julius-pfalz.de\/index.php?rest_route=%2Fwp%2Fv2%2Fcomments&post=56"}],"version-history":[{"count":98,"href":"https:\/\/www.julius-pfalz.de\/index.php?rest_route=\/wp\/v2\/pages\/56\/revisions"}],"predecessor-version":[{"id":9694,"href":"https:\/\/www.julius-pfalz.de\/index.php?rest_route=\/wp\/v2\/pages\/56\/revisions\/9694"}],"wp:attachment":[{"href":"https:\/\/www.julius-pfalz.de\/index.php?rest_route=%2Fwp%2Fv2%2Fmedia&parent=56"}],"curies":[{"name":"wp","href":"https:\/\/api.w.org\/{rel}","templated":true}]}}