{"id":5583,"date":"2018-02-04T08:56:04","date_gmt":"2018-02-04T06:56:04","guid":{"rendered":"http:\/\/www.julius-pfalz.de\/wp\/?page_id=5583"},"modified":"2025-09-04T12:34:45","modified_gmt":"2025-09-04T10:34:45","slug":"arrangement-spaetherbst-ii","status":"publish","type":"page","link":"https:\/\/www.julius-pfalz.de\/?page_id=5583","title":{"rendered":"Arrangement Sp\u00e4therbst 2025"},"content":{"rendered":"<h2><em>Sp\u00e4therbst-Arrangement 2025<\/em><em><br \/>\nFreitag, 31. bis Sonntag, 2. November 2025<a href=\"https:\/\/www.julius-pfalz.de\/wp-content\/uploads\/2021\/05\/herbstl-1-scaled.jpg\"><img decoding=\"async\" loading=\"lazy\" class=\"size-medium wp-image-7430 alignright\" src=\"https:\/\/www.julius-pfalz.de\/wp-content\/uploads\/2021\/05\/herbstl-1-300x97.jpg\" alt=\"\" width=\"300\" height=\"97\" srcset=\"https:\/\/www.julius-pfalz.de\/wp-content\/uploads\/2021\/05\/herbstl-1-300x97.jpg 300w, https:\/\/www.julius-pfalz.de\/wp-content\/uploads\/2021\/05\/herbstl-1-1024x331.jpg 1024w, https:\/\/www.julius-pfalz.de\/wp-content\/uploads\/2021\/05\/herbstl-1-768x248.jpg 768w, https:\/\/www.julius-pfalz.de\/wp-content\/uploads\/2021\/05\/herbstl-1-1536x497.jpg 1536w, https:\/\/www.julius-pfalz.de\/wp-content\/uploads\/2021\/05\/herbstl-1-2048x662.jpg 2048w, https:\/\/www.julius-pfalz.de\/wp-content\/uploads\/2021\/05\/herbstl-1-500x162.jpg 500w\" sizes=\"(max-width: 300px) 100vw, 300px\" \/><\/a><br \/>\n<\/em><\/h2>\n<ul>\n<li><em><span style=\"text-decoration: underline;\">Freitag<em>, 31.10.25, 16.30 Uhr<\/em>:<\/span> kleiner Spaziergang <\/em><em>\u00a0durch die herbstlichen Weinberge; Wie wird der Jahrgang 2025? Dazu zwei Fassproben; Abend zur freien Verf\u00fcgung, wir geben gerne Empfehlungen;<\/em><\/li>\n<li><em><span style=\"text-decoration: underline;\">Samstag, Allerheiligen, 1.11.25<\/span><\/em><em><span style=\"text-decoration: underline;\">:<\/span> <\/em><em><em>\u00a0<\/em><\/em><em><em>ab 16 Uhr Kochkurs: \u201eSp\u00e4therbst&#8220; (bzw. nur Men\u00fc 20 Uhr) &#8211; s.u.;<\/em><\/em><\/li>\n<li><span style=\"text-decoration: underline;\"><em>Sonntag, 2.11.25:<\/em><\/span> <em>Verabschiedung\/Abreise.<\/em><em><br \/>\n<\/em><\/li>\n<\/ul>\n<p><em><strong>Arrangement: 2 N\u00e4chte im Doppelzimmer-Appartement, Programm; Preis:\u00a0\u00a0 \u20ac\u00a0 390 \/ Person <\/strong>\u00a0(incl. gemeinsames Gourmet-Fr\u00fchst\u00fcck in der Kochwerkstatt und Programm: Wanderung &amp; kleine Weinprobe; Kochkurs).<br \/>\nAlternativ besteht die M\u00f6glichkeit statt am kompletten Kochkurs am Men\u00fc des Kochkurses teilzunehmen; Der Arrangement-Preis reduziert sich.<\/em><\/p>\n<hr \/>\n<p><strong>Samstag, 1. November 2025: Sp\u00e4therbst<\/strong><\/p>\n<ul>\n<li><em><a href=\"https:\/\/www.julius-pfalz.de\/wp-content\/uploads\/2015\/06\/A-11-marone.png\"><img decoding=\"async\" loading=\"lazy\" class=\"alignright wp-image-5410\" src=\"https:\/\/www.julius-pfalz.de\/wp-content\/uploads\/2015\/06\/A-11-marone-300x258.png\" alt=\"\" width=\"250\" height=\"215\" srcset=\"https:\/\/www.julius-pfalz.de\/wp-content\/uploads\/2015\/06\/A-11-marone-300x258.png 300w, https:\/\/www.julius-pfalz.de\/wp-content\/uploads\/2015\/06\/A-11-marone-349x300.png 349w, https:\/\/www.julius-pfalz.de\/wp-content\/uploads\/2015\/06\/A-11-marone.png 567w\" sizes=\"(max-width: 250px) 100vw, 250px\" \/><\/a>Maronensamtsuppe | G\u00e4nseleber | Staudensellerie | Pastinake &amp; Petersilienwurzel | Gew\u00fcrz-Waln\u00fcsse<\/em><\/li>\n<li><em>Apfel-Pflaumen-Ravioli | Wildschweinsugo | Radicchio &amp; Maronen | Butter &amp; Parmesan<\/em><\/li>\n<li><em>im Rotweinsud gegarte G\u00e4nsekeule | Espresso-Pfeffer-Sauce | S\u00fc\u00dfkartoffelp\u00fcree &amp; Ras-el-Hanout l Gew\u00fcrzrotkohl<\/em><\/li>\n<li><em>Schokokuchen mit Valrhona\u00b4s Guanaja Grand Cru | Mandel &amp; D\u00f6rrpflaume | Rote Bete &amp; Himbeeren | Joghurt | Schokobohnen | rote Pfefferbeeren<\/em><\/li>\n<\/ul>\n<p><a href=\"https:\/\/www.julius-pfalz.de\/?page_id=4451\"><span style=\"color: #ff0000;\">zur\u00fcck zur \u00dcbersicht<\/span><\/a><\/p>\n","protected":false},"excerpt":{"rendered":"<p>Sp\u00e4therbst-Arrangement 2025 Freitag, 31. bis Sonntag, 2. November 2025 Freitag, 31.10.25, 16.30 Uhr: kleiner Spaziergang \u00a0durch die herbstlichen Weinberge; Wie wird der Jahrgang 2025? Dazu zwei Fassproben; Abend zur freien Verf\u00fcgung, wir geben gerne Empfehlungen; Samstag, Allerheiligen, 1.11.25: \u00a0ab 16 &hellip; <a href=\"https:\/\/www.julius-pfalz.de\/?page_id=5583\">Weiterlesen <span class=\"meta-nav\">&rarr;<\/span><\/a><\/p>\n","protected":false},"author":1,"featured_media":0,"parent":0,"menu_order":0,"comment_status":"closed","ping_status":"closed","template":"","meta":[],"_links":{"self":[{"href":"https:\/\/www.julius-pfalz.de\/index.php?rest_route=\/wp\/v2\/pages\/5583"}],"collection":[{"href":"https:\/\/www.julius-pfalz.de\/index.php?rest_route=\/wp\/v2\/pages"}],"about":[{"href":"https:\/\/www.julius-pfalz.de\/index.php?rest_route=\/wp\/v2\/types\/page"}],"author":[{"embeddable":true,"href":"https:\/\/www.julius-pfalz.de\/index.php?rest_route=\/wp\/v2\/users\/1"}],"replies":[{"embeddable":true,"href":"https:\/\/www.julius-pfalz.de\/index.php?rest_route=%2Fwp%2Fv2%2Fcomments&post=5583"}],"version-history":[{"count":30,"href":"https:\/\/www.julius-pfalz.de\/index.php?rest_route=\/wp\/v2\/pages\/5583\/revisions"}],"predecessor-version":[{"id":9453,"href":"https:\/\/www.julius-pfalz.de\/index.php?rest_route=\/wp\/v2\/pages\/5583\/revisions\/9453"}],"wp:attachment":[{"href":"https:\/\/www.julius-pfalz.de\/index.php?rest_route=%2Fwp%2Fv2%2Fmedia&parent=5583"}],"curies":[{"name":"wp","href":"https:\/\/api.w.org\/{rel}","templated":true}]}}