{"id":5277,"date":"2017-11-13T16:50:11","date_gmt":"2017-11-13T14:50:11","guid":{"rendered":"http:\/\/www.julius-pfalz.de\/wp\/?page_id=5277"},"modified":"2026-04-17T10:43:18","modified_gmt":"2026-04-17T08:43:18","slug":"hotel-neu","status":"publish","type":"page","link":"https:\/\/www.julius-pfalz.de\/?page_id=5277","title":{"rendered":"Hotelzimmer"},"content":{"rendered":"<p><span style=\"color: #000000;\"><strong>JULIUS in der PFALZ verf\u00fcgt \u00fcber 3 Hotelzimmer; sie wurden 2017 neu erstellt und liegen im ehemaligen Scheunenbereich.<\/strong><\/span><\/p>\n<hr \/>\n<p><span style=\"color: #000000;\"><strong>Hotelzimmer \u201e5\u201c<\/strong> <strong>(31 <\/strong>m<sup>2<\/sup><\/span><strong><span style=\"color: #000000;\">)<a style=\"color: #000000;\" href=\"https:\/\/www.julius-pfalz.de\/wp-content\/uploads\/2017\/11\/zimmer5_bett_links.png\"><img decoding=\"async\" loading=\"lazy\" class=\"alignright wp-image-5257\" src=\"https:\/\/www.julius-pfalz.de\/wp-content\/uploads\/2017\/11\/zimmer5_bett_links-300x197.png\" alt=\"zimmer5_bett_links\" width=\"200\" height=\"131\" srcset=\"https:\/\/www.julius-pfalz.de\/wp-content\/uploads\/2017\/11\/zimmer5_bett_links-300x197.png 300w, https:\/\/www.julius-pfalz.de\/wp-content\/uploads\/2017\/11\/zimmer5_bett_links-457x300.png 457w, https:\/\/www.julius-pfalz.de\/wp-content\/uploads\/2017\/11\/zimmer5_bett_links.png 709w\" sizes=\"(max-width: 200px) 100vw, 200px\" \/><\/a><\/span><br \/>\nLage:<\/strong>\u00a0 direkt ebenerdig am Innenhof, S\u00fcdseite<\/p>\n<p><strong>Ausstattung: <\/strong><\/p>\n<ul>\n<li><strong>im separaten Wohnbereich:<\/strong> Designer-Schalenstuhl, Sofa im separaten Wohnbereich, Leselampe; auf einer Ablage aus massiven alten Holzbalken (aus eigenem\u00a0 Bestand): Nespresso-Kaffeemaschine, Tassen, Weingl\u00e4ser; TV;<\/li>\n<li><strong>im hinteren Schlafbereich:<\/strong> gro\u00dfes, massives Eichenbett (2*2m) vor einer alten Natursteinwand, gro\u00dfer ma\u00dfgefertigter Kleiderschrank mit Safe und Getr\u00e4nkek\u00fchlschrank.<\/li>\n<\/ul>\n<p><strong><span style=\"color: #000000;\">Preis: ab 150 \u20ac f\u00fcr das Hotelzimmer f\u00fcr 2 Personen pro Nacht , plus Gourmetfr\u00fchst\u00fcck 20,- \u20ac pro Person und Tag <\/span><\/strong><span style=\"color: #000000;\">(bei einem Mindestaufenthalt von zwei Tagen).<\/span><\/p>\n\n\t\t<style type=\"text\/css\">\n\t\t\t#gallery-1 {\n\t\t\t\tmargin: auto;\n\t\t\t}\n\t\t\t#gallery-1 .gallery-item {\n\t\t\t\tfloat: left;\n\t\t\t\tmargin-top: 10px;\n\t\t\t\ttext-align: center;\n\t\t\t\twidth: 33%;\n\t\t\t}\n\t\t\t#gallery-1 img {\n\t\t\t\tborder: 2px solid #cfcfcf;\n\t\t\t}\n\t\t\t#gallery-1 .gallery-caption {\n\t\t\t\tmargin-left: 0;\n\t\t\t}\n\t\t\t\/* see gallery_shortcode() in wp-includes\/media.php *\/\n\t\t<\/style>\n\t\t<div id='gallery-1' class='gallery galleryid-5277 gallery-columns-3 gallery-size-thumbnail'><dl class='gallery-item'>\n\t\t\t<dt class='gallery-icon portrait'>\n\t\t\t\t<a href='https:\/\/www.julius-pfalz.de\/?attachment_id=5260'><img width=\"150\" height=\"150\" src=\"https:\/\/www.julius-pfalz.de\/wp-content\/uploads\/2017\/11\/zimmer5-2-150x150.png\" class=\"attachment-thumbnail size-thumbnail\" alt=\"\" decoding=\"async\" loading=\"lazy\" \/><\/a>\n\t\t\t<\/dt><\/dl><dl class='gallery-item'>\n\t\t\t<dt class='gallery-icon landscape'>\n\t\t\t\t<a href='https:\/\/www.julius-pfalz.de\/?attachment_id=5259'><img width=\"150\" height=\"150\" src=\"https:\/\/www.julius-pfalz.de\/wp-content\/uploads\/2017\/11\/zimmer5_sofa-150x150.png\" class=\"attachment-thumbnail size-thumbnail\" alt=\"\" decoding=\"async\" loading=\"lazy\" \/><\/a>\n\t\t\t<\/dt><\/dl><dl class='gallery-item'>\n\t\t\t<dt class='gallery-icon portrait'>\n\t\t\t\t<a href='https:\/\/www.julius-pfalz.de\/?attachment_id=5318'><img width=\"150\" height=\"150\" src=\"https:\/\/www.julius-pfalz.de\/wp-content\/uploads\/2017\/11\/z5_bord-150x150.png\" class=\"attachment-thumbnail size-thumbnail\" alt=\"\" decoding=\"async\" loading=\"lazy\" \/><\/a>\n\t\t\t<\/dt><\/dl><br style=\"clear: both\" \/><dl class='gallery-item'>\n\t\t\t<dt class='gallery-icon portrait'>\n\t\t\t\t<a href='https:\/\/www.julius-pfalz.de\/?attachment_id=5319'><img width=\"150\" height=\"150\" src=\"https:\/\/www.julius-pfalz.de\/wp-content\/uploads\/2017\/11\/z5_sofa-150x150.png\" class=\"attachment-thumbnail size-thumbnail\" alt=\"\" decoding=\"async\" loading=\"lazy\" \/><\/a>\n\t\t\t<\/dt><\/dl><dl class='gallery-item'>\n\t\t\t<dt class='gallery-icon landscape'>\n\t\t\t\t<a href='https:\/\/www.julius-pfalz.de\/?attachment_id=5258'><img width=\"150\" height=\"150\" src=\"https:\/\/www.julius-pfalz.de\/wp-content\/uploads\/2017\/11\/zimmer5_bett_rechts-150x150.png\" class=\"attachment-thumbnail size-thumbnail\" alt=\"\" decoding=\"async\" loading=\"lazy\" \/><\/a>\n\t\t\t<\/dt><\/dl><dl class='gallery-item'>\n\t\t\t<dt class='gallery-icon landscape'>\n\t\t\t\t<a href='https:\/\/www.julius-pfalz.de\/?attachment_id=5316'><img width=\"150\" height=\"150\" src=\"https:\/\/www.julius-pfalz.de\/wp-content\/uploads\/2017\/11\/Pgrundriss_z5-150x150.png\" class=\"attachment-thumbnail size-thumbnail\" alt=\"\" decoding=\"async\" loading=\"lazy\" \/><\/a>\n\t\t\t<\/dt><\/dl><br style=\"clear: both\" \/>\n\t\t<\/div>\n\n<hr \/>\n<p><span style=\"color: #000000;\"><strong>Hotelzimmer \u201e6\u201c (21,5 m<sup>2<\/sup>)<a href=\"https:\/\/www.julius-pfalz.de\/wp-content\/uploads\/2017\/11\/zimmer6_bett-wand.png\"><img decoding=\"async\" loading=\"lazy\" class=\"alignright wp-image-5261\" src=\"https:\/\/www.julius-pfalz.de\/wp-content\/uploads\/2017\/11\/zimmer6_bett-wand-200x300.png\" alt=\"zimmer6_bett-wand\" width=\"200\" height=\"300\" srcset=\"https:\/\/www.julius-pfalz.de\/wp-content\/uploads\/2017\/11\/zimmer6_bett-wand-200x300.png 200w, https:\/\/www.julius-pfalz.de\/wp-content\/uploads\/2017\/11\/zimmer6_bett-wand.png 567w\" sizes=\"(max-width: 200px) 100vw, 200px\" \/><\/a><\/strong><\/span><br \/>\n<strong>Lage<\/strong>: im 1.OG der ehemaligen Scheune mit Balkon,\u00a0 Blick in den Innenhof, S\u00fcdseite<br \/>\n<strong>Ausstattung:<\/strong> Klimaanlage, zwei moderne Schalenst\u00fchle,(einer davon als Schaukelstuhl), auf einer Ablage aus massiven alten Holzbalken (aus eigenem Bestand): Nespresso-Kaffeemaschine, Tassen, Weingl\u00e4ser; TV,<br \/>\nma\u00dfgefertigter Schrank mit Safe und Getr\u00e4nkek\u00fchlschrank.<br \/>\n<strong><span style=\"color: #000000;\">Preis: ab 150 \u20ac f\u00fcr das Hotelzimmer f\u00fcr 2 Personen, plus Gourmetfr\u00fchst\u00fcck 19,50\u20ac \/ Person <\/span><\/strong><span style=\"color: #000000;\">(bei einem Mindestaufenthalt von zwei Tagen).<\/span><\/p>\n<p><span style=\"color: #000000;\"><strong>Hotelzimmer \u201e7\u201c <strong>(23 <\/strong><\/strong>m<sup>2<\/sup><strong>)<\/strong><\/span><sup><br \/>\n<\/sup><strong>Lage:<\/strong> 1.OG der ehemaligen Scheune mit Blick auf Garten und Weinberg, Nordseite<br \/>\n<strong>Ausstattung:<\/strong> zwei moderne Schalenst\u00fchle (einer davon als Schaukelstuhl), auf einer Ablage aus massiven alten Holzbalken (aus eigenem Bestand): Nespresso-Kaffeemaschine, Tassen, Weingl\u00e4ser; TV;<br \/>\nma\u00dfgefertigter Schrank mit Safe und Getr\u00e4nkek\u00fchlschrank.<br \/>\n<strong><span style=\"color: #000000;\">Preis: ab 150 \u20ac f\u00fcr das Hotelzimmer f\u00fcr 2 Personen, plus Gourmetfr\u00fchst\u00fcck 19,50\u20ac \/ Person <\/span><\/strong><span style=\"color: #000000;\">(bei einem Mindestaufenthalt von zwei Tagen).<\/span><\/p>\n\n\t\t<style type=\"text\/css\">\n\t\t\t#gallery-2 {\n\t\t\t\tmargin: auto;\n\t\t\t}\n\t\t\t#gallery-2 .gallery-item {\n\t\t\t\tfloat: left;\n\t\t\t\tmargin-top: 10px;\n\t\t\t\ttext-align: center;\n\t\t\t\twidth: 33%;\n\t\t\t}\n\t\t\t#gallery-2 img {\n\t\t\t\tborder: 2px solid #cfcfcf;\n\t\t\t}\n\t\t\t#gallery-2 .gallery-caption {\n\t\t\t\tmargin-left: 0;\n\t\t\t}\n\t\t\t\/* see gallery_shortcode() in wp-includes\/media.php *\/\n\t\t<\/style>\n\t\t<div id='gallery-2' class='gallery galleryid-5277 gallery-columns-3 gallery-size-thumbnail'><dl class='gallery-item'>\n\t\t\t<dt class='gallery-icon landscape'>\n\t\t\t\t<a href='https:\/\/www.julius-pfalz.de\/?attachment_id=5308'><img width=\"150\" height=\"150\" src=\"https:\/\/www.julius-pfalz.de\/wp-content\/uploads\/2017\/11\/Pgrundriss_6_7-150x150.png\" class=\"attachment-thumbnail size-thumbnail\" alt=\"\" decoding=\"async\" loading=\"lazy\" \/><\/a>\n\t\t\t<\/dt><\/dl><dl class='gallery-item'>\n\t\t\t<dt class='gallery-icon portrait'>\n\t\t\t\t<a href='https:\/\/www.julius-pfalz.de\/?attachment_id=5313'><img width=\"150\" height=\"150\" src=\"https:\/\/www.julius-pfalz.de\/wp-content\/uploads\/2017\/11\/z7_bord-150x150.png\" class=\"attachment-thumbnail size-thumbnail\" alt=\"\" decoding=\"async\" loading=\"lazy\" \/><\/a>\n\t\t\t<\/dt><\/dl><dl class='gallery-item'>\n\t\t\t<dt class='gallery-icon landscape'>\n\t\t\t\t<a href='https:\/\/www.julius-pfalz.de\/?attachment_id=5333'><img width=\"150\" height=\"150\" src=\"https:\/\/www.julius-pfalz.de\/wp-content\/uploads\/2017\/11\/z7_blick3-150x150.png\" class=\"attachment-thumbnail size-thumbnail\" alt=\"\" decoding=\"async\" loading=\"lazy\" \/><\/a>\n\t\t\t<\/dt><\/dl><br style=\"clear: both\" \/><dl class='gallery-item'>\n\t\t\t<dt class='gallery-icon portrait'>\n\t\t\t\t<a href='https:\/\/www.julius-pfalz.de\/?attachment_id=5310'><img width=\"150\" height=\"150\" src=\"https:\/\/www.julius-pfalz.de\/wp-content\/uploads\/2017\/11\/z7_bad-150x150.png\" class=\"attachment-thumbnail size-thumbnail\" alt=\"\" decoding=\"async\" loading=\"lazy\" \/><\/a>\n\t\t\t<\/dt><\/dl><dl class='gallery-item'>\n\t\t\t<dt class='gallery-icon portrait'>\n\t\t\t\t<a href='https:\/\/www.julius-pfalz.de\/?attachment_id=5314'><img width=\"150\" height=\"150\" src=\"https:\/\/www.julius-pfalz.de\/wp-content\/uploads\/2017\/11\/z7_schaukelstuhl-150x150.png\" class=\"attachment-thumbnail size-thumbnail\" alt=\"\" decoding=\"async\" loading=\"lazy\" \/><\/a>\n\t\t\t<\/dt><\/dl><dl class='gallery-item'>\n\t\t\t<dt class='gallery-icon portrait'>\n\t\t\t\t<a href='https:\/\/www.julius-pfalz.de\/?attachment_id=5332'><img width=\"150\" height=\"150\" src=\"https:\/\/www.julius-pfalz.de\/wp-content\/uploads\/2017\/11\/z7_blick2-150x150.png\" class=\"attachment-thumbnail size-thumbnail\" alt=\"\" decoding=\"async\" loading=\"lazy\" \/><\/a>\n\t\t\t<\/dt><\/dl><br style=\"clear: both\" \/>\n\t\t<\/div>\n\n<hr \/>\n<p><a href=\"https:\/\/www.julius-pfalz.de\/?page_id=1584\"><span style=\"color: #993300;\">zur\u00fcck zur \u00dcbersicht<\/span><\/a><\/p>\n","protected":false},"excerpt":{"rendered":"<p>JULIUS in der PFALZ verf\u00fcgt \u00fcber 3 Hotelzimmer; sie wurden 2017 neu erstellt und liegen im ehemaligen Scheunenbereich. Hotelzimmer \u201e5\u201c (31 m2) Lage:\u00a0 direkt ebenerdig am Innenhof, S\u00fcdseite Ausstattung: im separaten Wohnbereich: Designer-Schalenstuhl, Sofa im separaten Wohnbereich, Leselampe; auf einer &hellip; <a href=\"https:\/\/www.julius-pfalz.de\/?page_id=5277\">Weiterlesen <span class=\"meta-nav\">&rarr;<\/span><\/a><\/p>\n","protected":false},"author":1,"featured_media":0,"parent":0,"menu_order":0,"comment_status":"closed","ping_status":"closed","template":"","meta":[],"_links":{"self":[{"href":"https:\/\/www.julius-pfalz.de\/index.php?rest_route=\/wp\/v2\/pages\/5277"}],"collection":[{"href":"https:\/\/www.julius-pfalz.de\/index.php?rest_route=\/wp\/v2\/pages"}],"about":[{"href":"https:\/\/www.julius-pfalz.de\/index.php?rest_route=\/wp\/v2\/types\/page"}],"author":[{"embeddable":true,"href":"https:\/\/www.julius-pfalz.de\/index.php?rest_route=\/wp\/v2\/users\/1"}],"replies":[{"embeddable":true,"href":"https:\/\/www.julius-pfalz.de\/index.php?rest_route=%2Fwp%2Fv2%2Fcomments&post=5277"}],"version-history":[{"count":50,"href":"https:\/\/www.julius-pfalz.de\/index.php?rest_route=\/wp\/v2\/pages\/5277\/revisions"}],"predecessor-version":[{"id":9695,"href":"https:\/\/www.julius-pfalz.de\/index.php?rest_route=\/wp\/v2\/pages\/5277\/revisions\/9695"}],"wp:attachment":[{"href":"https:\/\/www.julius-pfalz.de\/index.php?rest_route=%2Fwp%2Fv2%2Fmedia&parent=5277"}],"curies":[{"name":"wp","href":"https:\/\/api.w.org\/{rel}","templated":true}]}}