{"id":51,"date":"2012-07-24T14:45:01","date_gmt":"2012-07-24T12:45:01","guid":{"rendered":"http:\/\/blog.julius-pfalz.de\/?page_id=51"},"modified":"2022-08-22T15:41:37","modified_gmt":"2022-08-22T13:41:37","slug":"imprint","status":"publish","type":"page","link":"https:\/\/www.julius-pfalz.de\/?page_id=51","title":{"rendered":"Impressum"},"content":{"rendered":"<p><strong>JULIUS IN DER PFALZ<\/strong><br \/>\nAPPART-HOTEL\u00a0 &#8211; KOCHWERKSTATT\u00a0 &#8211;\u00a0 VINOTHEK<br \/>\nUlrike und Hartmut Julius Meimberg<\/p>\n<p>WEYHERER STRASSE 6<br \/>\n76835 HAINFELD<\/p>\n<p>TELEFON: 06323. 913 87 55<br \/>\nTELEFAX: 06323. 913 87 54<br \/>\nMAIL:\u00a0<a href=\"mailto:freunde@julius-pfalz.de\">FREUNDE@JULIUS-PFALZ.DE<\/a><\/p>\n<p><strong>COPYRIGHT<\/strong><br \/>\nAlle auf der Webseite von www.julius-pfalz.de genannten und ggf. durch Dritte gesch\u00fctzten Marken- und Warenzeichen unterliegen uneingeschr\u00e4nkt den Bestimmungen des jeweils g\u00fcltigen Kennzeichenrechts und den Besitzrechten des jeweiligen eingetragenen Eigent\u00fcmers. Die auf der Webseite www.julius-pfalz.de wiedergegebenen Texte, Bilder sind urheberrechtlich gesch\u00fctzt und d\u00fcrfen ohne vorherige Zustimmung des Rechteinhabers nicht verwendet werden. Alle Rechte vorbehalten.<\/p>\n<p><strong>HAFTUNGSHINWEIS<\/strong><br \/>\nHartmut Julius und Ulrike Meimberg GbR, Vertretungsberechtigte Gesellschafter: Hartmut Julius und Ulrike Meimberg<br \/>\nHaftungshinweis: Trotz sorgf\u00e4ltiger inhaltlicher Kontrolle \u00fcbernehmen wir keine Haftung f\u00fcr die Inhalte externer Links. F\u00fcr den Inhalt der verlinkten Seiten sind ausschlie\u00dflich deren Betreiber verantwortlich.<\/p>\n<hr \/>\n<p><strong>TEXTE und BILDER: Hartmut Julius Meimberg<br \/>\nGRUNDKONZEPTION, PROGRAMMIERUNG: <\/strong><a href=\"http:\/\/www.kgp.de\/\" target=\"_blank\" rel=\"noopener\">www.kgp.de<\/a><\/p>\n<p>&nbsp;<\/p>\n","protected":false},"excerpt":{"rendered":"<p>JULIUS IN DER PFALZ APPART-HOTEL\u00a0 &#8211; KOCHWERKSTATT\u00a0 &#8211;\u00a0 VINOTHEK Ulrike und Hartmut Julius Meimberg WEYHERER STRASSE 6 76835 HAINFELD TELEFON: 06323. 913 87 55 TELEFAX: 06323. 913 87 54 MAIL:\u00a0FREUNDE@JULIUS-PFALZ.DE COPYRIGHT Alle auf der Webseite von www.julius-pfalz.de genannten und ggf. &hellip; <a href=\"https:\/\/www.julius-pfalz.de\/?page_id=51\">Weiterlesen <span class=\"meta-nav\">&rarr;<\/span><\/a><\/p>\n","protected":false},"author":1,"featured_media":0,"parent":0,"menu_order":0,"comment_status":"closed","ping_status":"closed","template":"","meta":[],"_links":{"self":[{"href":"https:\/\/www.julius-pfalz.de\/index.php?rest_route=\/wp\/v2\/pages\/51"}],"collection":[{"href":"https:\/\/www.julius-pfalz.de\/index.php?rest_route=\/wp\/v2\/pages"}],"about":[{"href":"https:\/\/www.julius-pfalz.de\/index.php?rest_route=\/wp\/v2\/types\/page"}],"author":[{"embeddable":true,"href":"https:\/\/www.julius-pfalz.de\/index.php?rest_route=\/wp\/v2\/users\/1"}],"replies":[{"embeddable":true,"href":"https:\/\/www.julius-pfalz.de\/index.php?rest_route=%2Fwp%2Fv2%2Fcomments&post=51"}],"version-history":[{"count":15,"href":"https:\/\/www.julius-pfalz.de\/index.php?rest_route=\/wp\/v2\/pages\/51\/revisions"}],"predecessor-version":[{"id":8054,"href":"https:\/\/www.julius-pfalz.de\/index.php?rest_route=\/wp\/v2\/pages\/51\/revisions\/8054"}],"wp:attachment":[{"href":"https:\/\/www.julius-pfalz.de\/index.php?rest_route=%2Fwp%2Fv2%2Fmedia&parent=51"}],"curies":[{"name":"wp","href":"https:\/\/api.w.org\/{rel}","templated":true}]}}