{"id":4562,"date":"2016-12-27T16:07:49","date_gmt":"2016-12-27T14:07:49","guid":{"rendered":"http:\/\/www.julius-pfalz.de\/wp\/?page_id=4562"},"modified":"2025-04-01T10:11:38","modified_gmt":"2025-04-01T08:11:38","slug":"arrangement-silvester-2017-18","status":"publish","type":"page","link":"https:\/\/www.julius-pfalz.de\/?page_id=4562","title":{"rendered":"Arrangement Silvester 2025\/26"},"content":{"rendered":"<h2><em>Samstag<\/em><em>, den 28. Dezember 2025 bis<br \/>\nNeujahr, den 1. Januar 2026<a href=\"https:\/\/www.julius-pfalz.de\/wp-content\/uploads\/2013\/03\/Feuer-im-Hoff.jpg\"><img decoding=\"async\" loading=\"lazy\" class=\"alignright wp-image-927 size-medium\" src=\"https:\/\/www.julius-pfalz.de\/wp-content\/uploads\/2013\/03\/Feuer-im-Hoff-300x231.jpg\" alt=\"\" width=\"300\" height=\"231\" srcset=\"https:\/\/www.julius-pfalz.de\/wp-content\/uploads\/2013\/03\/Feuer-im-Hoff-300x231.jpg 300w, https:\/\/www.julius-pfalz.de\/wp-content\/uploads\/2013\/03\/Feuer-im-Hoff-388x300.jpg 388w, https:\/\/www.julius-pfalz.de\/wp-content\/uploads\/2013\/03\/Feuer-im-Hoff.jpg 850w\" sizes=\"(max-width: 300px) 100vw, 300px\" \/><\/a><\/em><\/h2>\n<ul>\n<li><span style=\"text-decoration: underline;\"><em>Sonntag, 28.12.:<\/em><\/span><em><em><em>\u00a0 <em>Begr\u00fc\u00dfung,<br \/>\nsp\u00e4ter, 19h\u00a0 Men\u00fcabend in unserer Kochwerkstatt (drei G\u00e4nge, moderne Pf\u00e4lzer K\u00fcche zum Wein); Ausklang des Abends am Kaminofen.<\/em><\/em><\/em><\/em><\/li>\n<li><span style=\"text-decoration: underline;\"><em><em><em><em>Montag<\/em><\/em><\/em>, 29.12., 11h:<\/em><\/span><em><em><em> Weinbergwanderung durch Spitzenlagen Burrweiler, Weyher, Hainfeld mit anschlie\u00dfender Terroir-Weinprobe und verschiedensten Flammkuchen;<\/em><\/em><\/em><\/li>\n<li><span style=\"text-decoration: underline;\"><em>Dienstag, 30.12. <\/em><\/span><em><span style=\"text-decoration: underline;\">(abends, 17 h:)<\/span> Kochkurs \u201eSilvester\u201c<i> (incl. Rezepte, Speisen, begleitender Weine);<\/i> <a href=\"https:\/\/www.julius-pfalz.de\/wp-content\/uploads\/2014\/05\/Silvester-2013-\u00fcber-Hainfeld.jpg\"><img decoding=\"async\" loading=\"lazy\" class=\"alignright wp-image-2501 size-medium\" src=\"https:\/\/www.julius-pfalz.de\/wp-content\/uploads\/2014\/05\/Silvester-2013-\u00fcber-Hainfeld-300x222.jpg\" alt=\"\" width=\"300\" height=\"222\" srcset=\"https:\/\/www.julius-pfalz.de\/wp-content\/uploads\/2014\/05\/Silvester-2013-\u00fcber-Hainfeld-300x222.jpg 300w, https:\/\/www.julius-pfalz.de\/wp-content\/uploads\/2014\/05\/Silvester-2013-\u00fcber-Hainfeld-405x300.jpg 405w, https:\/\/www.julius-pfalz.de\/wp-content\/uploads\/2014\/05\/Silvester-2013-\u00fcber-Hainfeld.jpg 850w\" sizes=\"(max-width: 300px) 100vw, 300px\" \/><\/a><\/em><\/li>\n<li><em><span style=\"text-decoration: underline;\">Mittwoch<\/span><\/em><em><span style=\"text-decoration: underline;\">, 31.12.\/Silvester: abends:<\/span> Raclette &amp; Mont d\u00b4Or <\/em><i>(dazu Speisen, begleitende Weine, Wasser); Griesel Ros\u00e9 Brut zum Feuerwerk im Rheintal um Mitternacht;<\/i><\/li>\n<li><em><span style=\"text-decoration: underline;\">Donnerstag, 1.1.2026<\/span><span style=\"text-decoration: underline;\">:<\/span>\u00a0 Verabschiedung und R\u00fcckreise.<\/em><\/li>\n<\/ul>\n<div>\n<p><strong>Arrangement: 4 N\u00e4chte im Doppelzimmer-Appartement incl. Gourmet-Fr\u00fchst\u00fcck und\u00a0 Programm; Preis:\u00a0 \u20ac\u00a0 760<\/strong><strong>\u00a0\/ Person.<\/strong><br \/>\nHinweis: Eine Verl\u00e4ngerung Ihres Aufenthalts um 1 Tag ist m\u00f6glich. Auch k\u00f6nnten Sie bereits am Samstag, dem 27.12. anreisen.<\/p>\n<hr \/>\n<p><strong>Table d\u00b4h\u00f4te, 28.12.25, 19 h: <\/strong>(Neue Pfalzk\u00fcche)<\/p>\n<ul>\n<li>Roastbeef | Feldsalat | Meerrettich-Kartoffel-Dressing | glasierter Apfel | karamellisierte Gew\u00fcrz-Walnuss<\/li>\n<li>geschmorte Rinderbacke | Kartoffelgratin mit Munster und Speck | gebratene Sellerieknolle<\/li>\n<li>Maronen-Panna-Cotta | Orangengelee | getrocknete und kandierte Fr\u00fcchte | Bitterschokolade<\/li>\n<\/ul>\n<p><strong>\u00a0<\/strong><strong>Jahreswechsel (Kochkurs) \u2013 30.12.2025<\/strong><\/p>\n<ul>\n<li>mit Bergk\u00e4se gratinierter rote Bete Kn\u00f6del | Carpaccio verschiedenfarbener Bete | Fruchtdessing | Winter-Feldsalat<\/li>\n<li>Frischk\u00e4se-Ravioli | geschmorte, glasierte Radicchiostreifen &amp; Rosinen | (rote) Traubenmost-Balsamico-Reduktion<\/li>\n<li>Hasenragout | Sellerie aus dem Backofen mit schwarzem Kardamom und Soja<\/li>\n<li>innen fl\u00fcssiges Schokoladen-Souffl\u00e9 | Espresso-Sabayon | Apfel-Ragout<br \/>\n<hr \/>\n<\/li>\n<\/ul>\n<\/div>\n<div>\n<p><a title=\"Arrangements\" href=\"https:\/\/www.julius-pfalz.de\/?page_id=4451\"><strong>ZUR\u00dcCK<\/strong> zur \u00dcbersicht: Arrangements<\/a><\/p>\n<\/div>\n","protected":false},"excerpt":{"rendered":"<p>Samstag, den 28. Dezember 2025 bis Neujahr, den 1. Januar 2026 Sonntag, 28.12.:\u00a0 Begr\u00fc\u00dfung, sp\u00e4ter, 19h\u00a0 Men\u00fcabend in unserer Kochwerkstatt (drei G\u00e4nge, moderne Pf\u00e4lzer K\u00fcche zum Wein); Ausklang des Abends am Kaminofen. Montag, 29.12., 11h: Weinbergwanderung durch Spitzenlagen Burrweiler, Weyher, &hellip; <a href=\"https:\/\/www.julius-pfalz.de\/?page_id=4562\">Weiterlesen <span class=\"meta-nav\">&rarr;<\/span><\/a><\/p>\n","protected":false},"author":1,"featured_media":0,"parent":0,"menu_order":0,"comment_status":"closed","ping_status":"closed","template":"","meta":[],"_links":{"self":[{"href":"https:\/\/www.julius-pfalz.de\/index.php?rest_route=\/wp\/v2\/pages\/4562"}],"collection":[{"href":"https:\/\/www.julius-pfalz.de\/index.php?rest_route=\/wp\/v2\/pages"}],"about":[{"href":"https:\/\/www.julius-pfalz.de\/index.php?rest_route=\/wp\/v2\/types\/page"}],"author":[{"embeddable":true,"href":"https:\/\/www.julius-pfalz.de\/index.php?rest_route=\/wp\/v2\/users\/1"}],"replies":[{"embeddable":true,"href":"https:\/\/www.julius-pfalz.de\/index.php?rest_route=%2Fwp%2Fv2%2Fcomments&post=4562"}],"version-history":[{"count":32,"href":"https:\/\/www.julius-pfalz.de\/index.php?rest_route=\/wp\/v2\/pages\/4562\/revisions"}],"predecessor-version":[{"id":9314,"href":"https:\/\/www.julius-pfalz.de\/index.php?rest_route=\/wp\/v2\/pages\/4562\/revisions\/9314"}],"wp:attachment":[{"href":"https:\/\/www.julius-pfalz.de\/index.php?rest_route=%2Fwp%2Fv2%2Fmedia&parent=4562"}],"curies":[{"name":"wp","href":"https:\/\/api.w.org\/{rel}","templated":true}]}}