{"id":4451,"date":"2016-11-28T16:23:40","date_gmt":"2016-11-28T14:23:40","guid":{"rendered":"http:\/\/www.julius-pfalz.de\/wp\/?page_id=4451"},"modified":"2026-04-09T10:27:05","modified_gmt":"2026-04-09T08:27:05","slug":"arrangement-uebersicht","status":"publish","type":"page","link":"https:\/\/www.julius-pfalz.de\/?page_id=4451","title":{"rendered":"Arrangement 2026 &#8211; \u00dcbersicht"},"content":{"rendered":"<p>&nbsp;<\/p>\n<p><strong>Arrangement Himmelfahrt 2026<br \/>\n<\/strong><span style=\"color: #993300;\">&#8211; aktuell ausgebucht, wir setzen Sie gerne auf die Reserveliste &#8211;<\/span><strong><br \/>\n<\/strong>Donnerstag, den 14., bis Sonntag, den 17. Mai 2026<br \/>\n3 \u00dcbernachtungen mit Programm wie: vergleichende Weinprobe und Weinmen\u00fc.<br \/>\n<a href=\"https:\/\/www.julius-pfalz.de\/?page_id=3719\"><span style=\"color: #993300;\"><strong>MEHR<\/strong> zu Arrangement Himmelfahrt<\/span><\/a><\/p>\n<p><strong>Arrangement Pfingsten 2026<\/strong><\/p>\n<p><strong><span style=\"color: #993300;\">&#8211; aktuell ausgebucht, wir setzen Sie gerne auf die Reserveliste &#8211;<\/span><br \/>\n<\/strong>Donnerstag, den 22., bis Sonntag, den 25. Mai 2026<br \/>\n3 \u00dcbernachtungen mit Programm wie: Kochkurs und Weinfr\u00fchschoppen am Pfingstsonntag.<br \/>\n<a href=\"https:\/\/www.julius-pfalz.de\/?page_id=4668\"><span style=\"color: #993300;\"><strong>MEHR<\/strong> zum Arrangement Pfingsten<\/span><\/a><\/p>\n<p><strong>Arrangement Fronleichnam 2026<br \/>\n<\/strong>Donnerstag, den 4., bis Sonntag, den 7. Juni 2026<br \/>\n3 \u00dcbernachtungen mit Programm wie: Weinprobe und Weinmen\u00fc.<br \/>\n<a href=\"https:\/\/www.julius-pfalz.de\/?page_id=1979\"><span style=\"color: #993300;\"><strong>MEHR<\/strong> zum Arrangement Fronleichnam<\/span><\/a><\/p>\n<header class=\"entry-header\"><\/header>\n<hr \/>\n<p>PERSONLICHES ARRANGEMENT<br \/>\nWir organisieren gerne Ihre Feier, ob Familientreffen, Hochzeit, Treffen mit Freunden, Geburtstags- oder Weihnachtsfeier, privat oder gesch\u00e4ftlich f\u00fcr max. 30 Personen. Wir zaubern Ihnen dazu das passende Men\u00fc mit Weinbegleitung.<\/p>\n","protected":false},"excerpt":{"rendered":"<p>&nbsp; Arrangement Himmelfahrt 2026 &#8211; aktuell ausgebucht, wir setzen Sie gerne auf die Reserveliste &#8211; Donnerstag, den 14., bis Sonntag, den 17. Mai 2026 3 \u00dcbernachtungen mit Programm wie: vergleichende Weinprobe und Weinmen\u00fc. MEHR zu Arrangement Himmelfahrt Arrangement Pfingsten 2026 &hellip; <a href=\"https:\/\/www.julius-pfalz.de\/?page_id=4451\">Weiterlesen <span class=\"meta-nav\">&rarr;<\/span><\/a><\/p>\n","protected":false},"author":1,"featured_media":0,"parent":0,"menu_order":0,"comment_status":"closed","ping_status":"closed","template":"","meta":[],"_links":{"self":[{"href":"https:\/\/www.julius-pfalz.de\/index.php?rest_route=\/wp\/v2\/pages\/4451"}],"collection":[{"href":"https:\/\/www.julius-pfalz.de\/index.php?rest_route=\/wp\/v2\/pages"}],"about":[{"href":"https:\/\/www.julius-pfalz.de\/index.php?rest_route=\/wp\/v2\/types\/page"}],"author":[{"embeddable":true,"href":"https:\/\/www.julius-pfalz.de\/index.php?rest_route=\/wp\/v2\/users\/1"}],"replies":[{"embeddable":true,"href":"https:\/\/www.julius-pfalz.de\/index.php?rest_route=%2Fwp%2Fv2%2Fcomments&post=4451"}],"version-history":[{"count":555,"href":"https:\/\/www.julius-pfalz.de\/index.php?rest_route=\/wp\/v2\/pages\/4451\/revisions"}],"predecessor-version":[{"id":9657,"href":"https:\/\/www.julius-pfalz.de\/index.php?rest_route=\/wp\/v2\/pages\/4451\/revisions\/9657"}],"wp:attachment":[{"href":"https:\/\/www.julius-pfalz.de\/index.php?rest_route=%2Fwp%2Fv2%2Fmedia&parent=4451"}],"curies":[{"name":"wp","href":"https:\/\/api.w.org\/{rel}","templated":true}]}}