{"id":378,"date":"2012-07-28T16:14:17","date_gmt":"2012-07-28T14:14:17","guid":{"rendered":"http:\/\/blog.julius-pfalz.de\/?page_id=378"},"modified":"2025-03-10T08:38:38","modified_gmt":"2025-03-10T06:38:38","slug":"allgemeine-geschaftsbedingungen","status":"publish","type":"page","link":"https:\/\/www.julius-pfalz.de\/?page_id=378","title":{"rendered":"wichtige Hinweise &#038; unsere allgemeinen Gesch\u00e4ftsbedingungen (AGB)"},"content":{"rendered":"<p><span style=\"color: #808080;\"><strong>Der Mindestaufenthalt f\u00fcr unsere Appartements und Hotelzimmer betr\u00e4gt ( in der Regel ) zwei Tage.<\/strong><\/span><\/p>\n<p><span style=\"color: #808080;\"><strong>Parkpl\u00e4tze:<\/strong> Unseren G\u00e4sten stellen wir einen kostenlosen Parkplatz auf unserem gegen\u00fcberliegenden Grundst\u00fcck (Parkplatz\/Garten) zur Verf\u00fcgung. Beachten Sie bitte unbedingt die Markierung der Parkpl\u00e4tze (Buntsandsteine im Boden)<\/span><\/p>\n<p><span style=\"color: #808080;\"><strong>Im Freien sitzen:<\/strong> F\u00fcr unsere G\u00e4sten halten wir in unserem Kr\u00e4uter- und Naschgarten (hinter den Parkpl\u00e4tzen), sowie im Garten hinter dem Haus und im gro\u00dfz\u00fcgigen Hofraum ausreichende Sitz- und Liegem\u00f6glichkeiten zum Sonnen und Verweilen bereit.<\/span><\/p>\n<p><span style=\"color: #808080;\"><strong>Fahrr\u00e4der:<\/strong> Wir vermieten unseren G\u00e4sten zwei eigene Tourenr\u00e4der und zwei E-Bikes (8 bzw. 29 \u20ac).<br \/>\n<\/span><\/p>\n<p><span style=\"color: #808080;\"><strong>Rauchen:<\/strong> Alle Zimmer, R\u00e4ume sind Nichtraucherr\u00e4ume. Zum Rauchen bitten wir den Au\u00dfenbereich zu nutzen.<a style=\"color: #808080;\" href=\"https:\/\/www.julius-pfalz.de\/wp-content\/uploads\/2012\/07\/fr\u00fchst\u00fcck-850.jpg\"><img decoding=\"async\" loading=\"lazy\" class=\"alignright wp-image-1367 size-medium\" src=\"https:\/\/www.julius-pfalz.de\/wp-content\/uploads\/2012\/07\/fr\u00fchst\u00fcck-850-300x200.jpg\" alt=\"\" width=\"300\" height=\"200\" srcset=\"https:\/\/www.julius-pfalz.de\/wp-content\/uploads\/2012\/07\/fr\u00fchst\u00fcck-850-300x200.jpg 300w, https:\/\/www.julius-pfalz.de\/wp-content\/uploads\/2012\/07\/fr\u00fchst\u00fcck-850-449x300.jpg 449w, https:\/\/www.julius-pfalz.de\/wp-content\/uploads\/2012\/07\/fr\u00fchst\u00fcck-850.jpg 850w\" sizes=\"(max-width: 300px) 100vw, 300px\" \/><\/a><\/span><\/p>\n<p><span style=\"color: #808080;\"><strong>Fr\u00fchst\u00fcck:<\/strong> Ein reichhaltiges, kreatives, t\u00e4glich wechselndes Fr\u00fchst\u00fcck wird in der Kochwerkstatt, im Laden\u00a0 oder im Hof, von 9.00 bis 10.00 Uhr serviert (Service im Zimmer oder Garten gegen Aufpreis). Preis f\u00fcr das Fr\u00fchst\u00fcck: 19,50\u20ac\u00a0 f\u00fcr unsere Hotelg\u00e4ste. Unser Fr\u00fchst\u00fcck wird je Paar auf einem Tablett mit Etagere serviert. Es besteht aus je einem Wurst- und K\u00e4seteller, zwei hausgefertigten Salaten (mit Fleisch, Fisch, Frischgem\u00fcse oder Frischk\u00e4se), zwei eigenen Konfit\u00fcren, Joghurt mit Obst und evtl. M\u00fcsli, Brot und Br\u00f6tchenauswahl, Butter. Zweimal w\u00f6chentlich gibt es eine Eierspeise. Mehraufwand ist kostenpflichtig (z.B. zus\u00e4tzliche Eierspeisen, besonderes Angebot f\u00fcr Vegetarier\/Veganer, allergiebedingtes Angebot bei Brot und Br\u00f6tchen \/ glutenfrei).<br \/>\n<\/span><\/p>\n<p><span style=\"color: #808080;\">W\u00fcnschen Sie Ihr Fr\u00fchst\u00fcck aufs Zimmer, oder im Garten berechnen wir 4,00 \u20ac Zuschlag.<\/span><\/p>\n<p><span style=\"color: #808080;\">Unser Fr\u00fchst\u00fcck ist nur in Ausnahmef\u00e4llen vor 9 h m\u00f6glich.<\/span><\/p>\n<p><span style=\"color: #808080;\"><strong>W\u00e4sche und Reinigung der Zimmer: <\/strong>Handtuchwechsel (Hand-\/Dusch- und K\u00fcchent\u00fccher) und kleiner Reinigungs-Service nach 3 Tagen (Aufpreis von 10,00\u20ac f\u00fcr einen t\u00e4glichen Zimmerservice mit\u00a0 Handtuchwechsel je Tag und Appartement\/Zimmer). Ein Wechsel der Bettw\u00e4sche sowie die gr\u00fcndliche Reinigung der Zimmer erfolgt nach einer Woche und immer nach einem Wechsel des Gastes. Im Mietpreis ist die Endreinigung inkludiert.<\/span><\/p>\n<p><span style=\"color: #808080;\">Es ist nicht gestattet, Handt\u00fccher und Kleidung zum L\u00fcften oder Trocknen au\u00dferhalb des Appartements\/Zimmers (also etwa im Fenster, der Balkonbr\u00fcstung etc.) aufzuh\u00e4ngen.<\/span><\/p>\n<p><span style=\"color: #808080;\"><strong>Sauna:<\/strong> Unsere Sauna im ehemaligen Weinkeller des Winzerhauses steht unseren G\u00e4sten t\u00e4glich ab 16 Uhr (bis maximal 21 Uhr) zur freien Nutzung zur Verf\u00fcgung (bei einem Mindestaufenthalt von 2 Tagen ohne Berechnung, ansonsten 10,-\/15,- \u20ac je Person).\u00a0Damit wir alles f\u00fcr Sie vorbereiten k\u00f6nnen, informieren Sie uns bitte vorab, Vorw\u00e4rmzeit 1 Std. Handt\u00fccher liegen bereit. Der Verleih eines Bademantels kostet 10 \u20ac.<\/span><\/p>\n<p><span style=\"color: #808080;\"><strong>Ladenlokal:<\/strong> unser kleiner Laden bietet ein kleines Feinkostsortiment und eine herausragende Weinauswahl (Schwerpunkt Pfalz).<\/span><\/p>\n<p><span style=\"color: #808080;\"><strong>Kochen:<\/strong> Die Appartements verf\u00fcgen alle \u00fcber eine K\u00fcchenzeile.<br \/>\n<\/span><\/p>\n<p style=\"text-align: justify;\"><span style=\"color: #808080;\"><strong>ALLGEMEINE GESCH\u00c4FTSBEDINGUNGEN<\/strong><br \/>\n<\/span><\/p>\n<p style=\"text-align: left;\"><span style=\"color: #808080;\"><strong>Reservierung: <\/strong>Gerne telefonisch oder per E-Mail. Sie erhalten eine Best\u00e4tigung per E-Mail. Erst mit dieser, unserer Buchungsbest\u00e4tigung kommt eine Vertragsbeziehung zustande. Die Kenntnis unserer Gesch\u00e4ftsbedingungen setzen wir mit Ihrer Reservierung voraus.<br \/>\n<\/span><\/p>\n<p><span style=\"color: #808080;\"><strong>Stornierung Hotelaufenthalt:<\/strong>\u00a0Eine Stornierung des Hotelaufenthalts bis vier Wochen vor Anreise ist kostenfrei m\u00f6glich. Bei Nichtanreise, bei Stornierungen au\u00dferhalb dieser Frist oder Verk\u00fcrzung des Aufenthalts berechnen wir 80 % des \u00dcbernachtungspreises. Ohne Stornierung berechnen wir 100 % des gebuchten Aufenthaltes. Alle diese Stornierungsgeb\u00fchren entfallen, wenn wir das reservierte Appartement kurzfristig anderweitig vermieten k\u00f6nnen.<br \/>\nWerden mehr als zwei Appartements\/Zimmer gebucht, gelten gesonderte Stornierungsbedingungen.<\/span><\/p>\n<p><span style=\"color: #808080;\">Parallel zum K\u00fcndigungsrecht des Gastes behalten auch wir uns als Gastgeber ein K\u00fcndigungsrecht vor, das wir aber nur im Ausnahmefall und dann deutlich fr\u00fchzeitiger wahrnehmen werden.<\/span><\/p>\n<p style=\"text-align: left;\"><span style=\"color: #808080;\"><strong>Stornierung Arrangement:<\/strong> Bei Verk\u00fcrzung, Stornierung oder Nichtteilnahme eines Arrangements (oder Teilen davon) werden die Programmpunkte mit mindestens 50% berechnet, bei nicht zur\u00fcckgebbaren (Theater-\/Oper-) Karten mit 100%. Selbstverst\u00e4ndlich reduzieren wir\u00a0 unsere Entsch\u00e4digungsforderung, wenn wir Leistungen anderweitig vergeben oder stornieren k\u00f6nnen.<\/span><\/p>\n<p style=\"text-align: left;\"><span style=\"color: #808080;\"><strong>Stornierung Kochkurs oder Weinmen\u00fc: <\/strong>Die Stornierung eines Men\u00fcs oder eines Kochkurses ist bis 4 Wochen vor dem Men\u00fc oder dem Kurs kostenfrei m\u00f6glich. Bei Nichtteilnahme oder Stornierungen au\u00dferhalb dieser Frist ist 100 % des Preises f\u00fcr Men\u00fc oder Kochkurs als Stornierungsgeb\u00fchr f\u00e4llig. Diese Geb\u00fchr entf\u00e4llt, wenn wir Men\u00fc oder Kurs anderweitig verkaufen k\u00f6nnen.<\/span><\/p>\n<p style=\"text-align: left;\"><span style=\"color: #808080;\"><strong>Stornierungen<\/strong><strong>\u00a0nehmen wir ausschlie\u00dflich nur schriftlich entgegen!<\/strong><\/span><\/p>\n<p style=\"text-align: left;\"><span style=\"color: #808080;\">Die<strong> Mindestteilnehmerzahl<\/strong> f\u00fcr unsere Arrangements, Kochkurs und Men\u00fcveranstaltungen betr\u00e4gt 8 Personen. Wird diese nicht erreicht, stornieren wir ganz oder teilweise, sp\u00e4testens 10 Tage vor der Veranstaltung. Der Kunde\/Gast erh\u00e4lt in diesem Fall das Recht, gegebenenfalls seinen Aufenthalt zu k\u00fcndigen.<\/span><\/p>\n<p style=\"text-align: justify;\"><span style=\"color: #808080;\"><strong>Zahlung: <\/strong>Die Zahlung ist in bar und per \u00dcberweisung m\u00f6glich.<\/span><\/p>\n<p style=\"text-align: left;\"><span style=\"color: #808080;\"><strong><strong>An- und Abreise<\/strong>: <\/strong>Gew\u00fcnscht ist die Anreise zwischen 16 und 18 Uhr, die Abreise zwischen 9 und 11 Uhr. Einen Early-check-in oder late-check-out berechnen wir jeweils mit mind. 15 \u20ac. Er sollte angek\u00fcndigt werden.<br \/>\n<\/span><\/p>\n<p style=\"text-align: left;\"><span style=\"color: #808080;\"><strong>Haustiere: <\/strong>F\u00fcr Ihren vierbeinigen Freund stellen wir ausschlie\u00dflich <strong>ein<\/strong> ausgew\u00e4hltes Appartement zur Verf\u00fcgung. Wir erwarten, dass Ihr Hund mit seinem Fressgeschirr und Schlafk\u00f6rbchen (-Decke) anreist und auch darauf schl\u00e4ft. F\u00fcr den besonderen Reinigungsaufwand berechnen wir 20 \u20ac \/Tag.<\/span><\/p>\n<p><span style=\"color: #808080;\"><strong>Vergessene Kleidung, Gegenst\u00e4nde: <\/strong>Sollen wir von Ihnen vergessene Kleidungsst\u00fccke, Gegenst\u00e4nde (Handy, Kabel etc) per Paket nachsenden, berechnen wir den Aufwand, je nach Gr\u00f6\u00dfe mit mindestens 15 \u20ac pauschal.<\/span><\/p>\n<p><a title=\"Kontaktformular\" href=\"https:\/\/julius-pfalz.de\/?page_id=359\">Kontakt\/Anfrage<\/a><\/p>\n<p><a title=\"Appartements\" href=\"https:\/\/julius-pfalz.de\/?page_id=56\">zur\u00fcck<br \/>\n<\/a><\/p>\n","protected":false},"excerpt":{"rendered":"<p>Der Mindestaufenthalt f\u00fcr unsere Appartements und Hotelzimmer betr\u00e4gt ( in der Regel ) zwei Tage. Parkpl\u00e4tze: Unseren G\u00e4sten stellen wir einen kostenlosen Parkplatz auf unserem gegen\u00fcberliegenden Grundst\u00fcck (Parkplatz\/Garten) zur Verf\u00fcgung. Beachten Sie bitte unbedingt die Markierung der Parkpl\u00e4tze (Buntsandsteine im &hellip; <a href=\"https:\/\/www.julius-pfalz.de\/?page_id=378\">Weiterlesen <span class=\"meta-nav\">&rarr;<\/span><\/a><\/p>\n","protected":false},"author":1,"featured_media":0,"parent":0,"menu_order":0,"comment_status":"closed","ping_status":"closed","template":"","meta":[],"_links":{"self":[{"href":"https:\/\/www.julius-pfalz.de\/index.php?rest_route=\/wp\/v2\/pages\/378"}],"collection":[{"href":"https:\/\/www.julius-pfalz.de\/index.php?rest_route=\/wp\/v2\/pages"}],"about":[{"href":"https:\/\/www.julius-pfalz.de\/index.php?rest_route=\/wp\/v2\/types\/page"}],"author":[{"embeddable":true,"href":"https:\/\/www.julius-pfalz.de\/index.php?rest_route=\/wp\/v2\/users\/1"}],"replies":[{"embeddable":true,"href":"https:\/\/www.julius-pfalz.de\/index.php?rest_route=%2Fwp%2Fv2%2Fcomments&post=378"}],"version-history":[{"count":51,"href":"https:\/\/www.julius-pfalz.de\/index.php?rest_route=\/wp\/v2\/pages\/378\/revisions"}],"predecessor-version":[{"id":9273,"href":"https:\/\/www.julius-pfalz.de\/index.php?rest_route=\/wp\/v2\/pages\/378\/revisions\/9273"}],"wp:attachment":[{"href":"https:\/\/www.julius-pfalz.de\/index.php?rest_route=%2Fwp%2Fv2%2Fmedia&parent=378"}],"curies":[{"name":"wp","href":"https:\/\/api.w.org\/{rel}","templated":true}]}}