{"id":3739,"date":"2016-11-15T15:15:13","date_gmt":"2016-11-15T13:15:13","guid":{"rendered":"http:\/\/www.julius-pfalz.de\/wp\/?page_id=3739"},"modified":"2023-01-20T16:30:54","modified_gmt":"2023-01-20T14:30:54","slug":"archiv-die-bisherigen-weinmenues","status":"publish","type":"page","link":"https:\/\/www.julius-pfalz.de\/?page_id=3739","title":{"rendered":"Archiv: die bisherigen Weinmen\u00fcs \/ Themen &#038; Winzer"},"content":{"rendered":"<p>&nbsp;<\/p>\n<p>Seit September 2015 gibt es unsere Weinmen\u00fc, der Verm\u00e4hlung von Pf\u00e4lzer Weinen mit hochwertiger, kreativer K\u00fcche. Meist werden erst Winzer und Weine ausgesucht bis wir auf diese Weine hin kochen.<\/p>\n<h1>Die bisherigen Themen und die beteiligten Winzer<\/h1>\n<hr \/>\n<p><span style=\"color: #000000;\">2 0 2 2<\/span><\/p>\n<p><span style=\"color: #000000;\">Samstag, 12. M\u00e4rz 2022, &#8222;S\u00fcdpfalz trifft Baden&#8220; mit den <em>rebellischen <\/em>Landweinen von Weingut Brenneisen, Egrigen (Effringen-Kirchen \/ Markgr\u00e4flerland) und Weinen von Theo Minges, Flemlingen (S\u00fcdpfalz)<\/span><\/p>\n<p><span style=\"color: #000000;\">Samstag, 14. Mai 2022, &#8222;S\u00fcdpfalz trifft Saar&#8220; mit Christian Ebert (VDP Weingut Schloss Saarstein) und Gregor Me\u00dfmer (Weingut Johanneshof, Siebeldingen)<\/span><\/p>\n<p><span style=\"color: #000000;\">Sonntag, 05. Juni (Pfingsten), Genu\u00dftrilogie \u2013 Bl\u00fcten | Weinmen\u00fc | Wortzauber:<\/span><br \/>\n<span style=\"color: #000000;\">&lt; Rosenbl\u00fctengew\u00e4chse &#8211; Rosaceae &gt; mit Weingut \u00d6konomierat Rebholz, Siebeldingen<\/span><\/p>\n<p><span style=\"color: #000000;\">Samstag, 11. Juni 2022, Weinmen\u00fc mit Weingut Gies-D\u00fcppel, Birkweiler<\/span><\/p>\n<p><span style=\"color: #000000;\">Samstag, 13. August 2022,\u00a0 Weinmen\u00fc &#8222;Schiefer&#8220; mit Annick Perolari, Domaine de Cambis (Saint Chinian &#8211; Berlou) und Gregor Me\u00dfmer, Weingut Johanneshof (Siebeldingen)<\/span><\/p>\n<p><span style=\"color: #000000;\">Samstag 1. Oktober 2022, Weinmen\u00fc: \u201eS\u00fcdpfalz trifft Elsass\u201c<\/span><br \/>\n<span style=\"color: #000000;\">mit Domaine Hurst (Turckheim) und Marius Meyer, Rhodt<\/span><\/p>\n<p><span style=\"color: #000000;\">Samstag 12. November 2022, Weinmen\u00fc: S\u00fcdpfalz trifft \u00d6sterreich<\/span><br \/>\n<span style=\"color: #000000;\">mit Leopold Auer, Thermenregion<\/span><\/p>\n<hr \/>\n<p><span style=\"color: #000000;\">2 0 2 1<\/span><\/p>\n<p><span style=\"color: #000000;\">Samstag, 12. Juni 2021, Weinmen\u00fc zu Weinen des Weinguts Gerhard Hochd\u00f6rffer mit Matthias Dollt (Nussdorf)<\/span><\/p>\n<p><span style=\"color: #000000;\">Samstag, 10. Juli 2021, Weinmen\u00fc mit Marius Meyer, Rhodt<\/span><\/p>\n<p><span style=\"color: #000000;\">Samstag, 11. September 2021, \u201eGregor Me\u00dfmer PUR\u201c mit Gregor Me\u00dfmer (Weingut Johanneshof, Siebeldingen)<\/span><\/p>\n<p><span style=\"color: #000000;\">Samstag, 9. Oktober 2021, Weinmen\u00fc mit Michael M\u00f6wes, Weyher<\/span><\/p>\n<p><span style=\"color: #000000;\">Samstag, 13. November 2021, Weinmen\u00fc: &#8222;Elsass trifft Pfalz&#8220;,<\/span><br \/>\n<span style=\"color: #000000;\">mit Thomas Dollt, Flemlingen<\/span><\/p>\n<p><span style=\"color: #000000;\">Samstag, 27. November 2021, Weinmen\u00fc &#8222;Im Sonnenschein&#8220;, Men\u00fc zu Weinen aus Grand Cru Lagen der S\u00fcdpfalz, hier der Muschelkalklage \u201eim Sonnenschein\u201c, Siebeldingen mit Hansj\u00f6rg\/Birgit Rebholz, Franz Wehrheim und Gregor Me\u00dfmer<\/span><\/p>\n<hr \/>\n<p><strong><span style=\"color: #000000;\">2 0 2 0<\/span><\/strong><\/p>\n<p><span style=\"color: #000000;\">Samstag, 13. Juni 2020, Weinmen\u00fc mit Gregor Me\u00dfmer, Weingut Johanneshof im Sonnenschein (Siebeldingen)<\/span><\/p>\n<p><span style=\"color: #000000;\">Samstag, 11. Juli 2020, Weinmen\u00fc &#8222;S\u00fcdtirol trifft Pfalz&#8220; mit Oliver Gabel (Herxheim am Berg)<\/span><\/p>\n<p><span style=\"color: #000000;\">Samstag, 12. September 2020, Sektgut\/Sektkellerei Griesel &amp; Compagnie, Bensheim (Hess. Bergstrasse)<\/span><\/p>\n<p><span style=\"color: #000000;\">Samstag, 10. Oktober 2020, Weinmen\u00fc mit Michael M\u00f6wes (Weyher)<\/span><\/p>\n<hr \/>\n<p><strong><span style=\"color: #000000;\">2 0 1 9<\/span><\/strong><\/p>\n<p><span style=\"color: #000000;\">Samstag, 9. M\u00e4rz 2019, Weinmen\u00fc mit Weingut \u00d6konomierat Rebholz, Siebeldingen<\/span><\/p>\n<p><span style=\"color: #000000;\">Samstag, 13. April 2019, Weinmen\u00fc: S\u00fcdpfalz trifft Elsass mit Gregor Me\u00dfmer (Weingut Me\u00dfmer, Burrweiler) und Genevi\u00e8ve Barm\u00e8s (Domaine Barm\u00e9s Buecher, Wettolsheim)<\/span><\/p>\n<p><span style=\"color: #000000;\">Samstag 11. Mai 2019, &#8222;S\u00fcdpfalz trifft Gardasee&#8220;<\/span><\/p>\n<p><span style=\"color: #000000;\">Samstag, 8. Juni 2019, &#8222;S\u00fcdpfalz trifft S\u00fcdtirol&#8220; mit Erich Stachel, Maikammer<\/span><\/p>\n<p><span style=\"color: #000000;\">Samstag, 10. August 2019, Weinmen\u00fc mit Frank Ackermann, Ilbesheim<\/span><\/p>\n<p><span style=\"color: #000000;\">Samstag, 14. September 2019, Weinmen\u00fcmit Mathias Wolf, Birkweiler<\/span><\/p>\n<p><span style=\"color: #000000;\">Samstag, 12. Oktober 2019, Weinmen\u00fc mit Michael M\u00f6wes Weyher<\/span><\/p>\n<p><span style=\"color: #000000;\">Samstag, 9. November 2019, Weinmen\u00fc mit Annette Diehl (Weingut Borell-Diehl) und Andreas Scherr (Weingut Scherr), beide Hainfeld<\/span><\/p>\n<p><span style=\"color: #000000;\">Samstag, 30. November 2019, Weinmen\u00fc mit Roman Niewodniczanski, VDP-Weingut van Volxem (Wiltingen,Saar)<\/span><\/p>\n<hr \/>\n<p><span style=\"color: #000000;\">2 0 1 8<\/span><\/p>\n<p><span style=\"color: #000000;\">Samstag, 10. M\u00e4rz 2018, Riesling (vor allem aus dem Sch\u00e4wer) mit Gregor Me\u00dfmer, Burrweiler<\/span><\/p>\n<p><span style=\"color: #000000;\">Samstag, 14. April 2018, &#8222;Burgunder&#8220; mit Mathias Stachel, Maikammer<\/span><\/p>\n<p><span style=\"color: #000000;\">Samstag, 12. Mai 2018,\u00a0 Weinmen\u00fc \u201eFr\u00fchjahr\u201c: S\u00fcdpfalz trifft Gardasee<\/span><\/p>\n<p><span style=\"color: #000000;\">Samstag, 9. Juni 2018, Weinmen\u00fc mit Thomas Pfaffmann, Weingut Wageck, Bissersheim\u00a0<\/span><\/p>\n<p><span style=\"color: #000000;\">Samstag, 14. Juli 2018, Weinmen\u00fc &#8222;typisch S\u00fcdpfalz \u2013 leidenschaftlich &amp; jung&#8220; mit Sabine Hochd\u00f6rffer &amp; Matthias Dollt, Weingut Gerhard Hochd\u00f6rffer, Landau-Nu\u00dfdorf<\/span><\/p>\n<p><span style=\"color: #000000;\">Samstag, 11. August 2018, Weinmen\u00fc \u201cHainfeld trifft Weyher\u201d mit Andreas Scherr, Hainfeld und Michael M\u00f6wes, Weyher<\/span><\/p>\n<p><span style=\"color: #000000;\">Samstag, 8. September 2018, Weinmen\u00fc mit Marius Meyer, Rhodt<\/span><\/p>\n<p><span style=\"color: #000000;\">Samstag, 13. Oktober 2018, Weinmen\u00fc: &#8222;S\u00fcdpfalz trifft Piemont&#8220;<\/span><\/p>\n<p><span style=\"color: #000000;\">Samstag, 17. November 2018, &#8222;S\u00fcdpfalz trifft Bordeaux&#8220;\u00a0 mit Mathias Wolf, (Junior-Inhaber von Weingut Wolf, Birkweiler) und<\/span><br \/>\n<span style=\"color: #000000;\">Jan Thienpont (Produzent und N\u00e9gociant, C\u00f4tes de Francs &#8211; Bordeaux)<\/span><\/p>\n<hr \/>\n<p><strong><span style=\"color: #000000;\">2 0 1 7<\/span><\/strong><\/p>\n<p><span style=\"color: #000000;\">Samstag, 11. M\u00e4rz 2017, &#8222;Weingeschwister: Wei\u00dfburgunder &#8211; Grauburgunder- Sp\u00e4tburgunder&#8220;\u00a0 mit Gregor Me\u00dfmer, VDP-Weingut Me\u00dfmer, Burrweiler<\/span><br \/>\n<span style=\"color: #000000;\">Thema: Weingeschwister<\/span><\/p>\n<p><span style=\"color: #000000;\">Samstag, 8. April 2017, Weinmen\u00fc mit den Weing\u00fctern Hochd\u00f6rffer\/ Nussdorf und Dollt\/Flemlingen<\/span><\/p>\n<p><span style=\"color: #000000;\">Samstag, 13. Mai 2017, Weinmen\u00fc mit Marius Meyer, Weingut Klaus Meyer, Rhodt<\/span><\/p>\n<p><span style=\"color: #000000;\">Samstag, 10. Juni 2017, \u201eRotliegendes trifft Kalk\u201c mit Mathias Wolf, Weingut Wolf, Birkweiler<\/span><\/p>\n<p><span style=\"color: #000000;\">Samstag, 8. Juli 2017, Weinmen\u00fc mit Michael M\u00f6wes, Weyher<\/span><\/p>\n<p><span style=\"color: #000000;\">Samstag, 12. August 2017, \u201eMen\u00fc in Wei\u00df\u201c &#8211; S\u00fcdpfalz trifft S\u00fcdtirol\u00a0<\/span><\/p>\n<p><span style=\"color: #000000;\">Samstag, 9. September 2017, Weinmen\u00fc mit Frank Ackermann, Ilbesheim<\/span><\/p>\n<p><span style=\"color: #000000;\">Samstag, 14. Okober 2017, Weinmen\u00fc zu &#8222;j\u00fcnf Jahre Julius in der Pfalz&#8220;<\/span><br \/>\n<span style=\"color: #000000;\">unser BEST-OF-Men\u00fc mit besten Weinen aus Hainfeld<\/span><\/p>\n<p><span style=\"color: #000000;\">Samstag, 11. November 2017, Weinmen\u00fc mit Erich Stachel, Maikammer<\/span><\/p>\n<hr \/>\n<p><strong>2 0 1 6<\/strong><\/p>\n<p>Sonntag, 6. M\u00e4rz 2016, Pf\u00e4lzer Rotwein mit internationalen Rebsorten, Weinmen\u00fc mit Oliver Zeter<\/p>\n<p>Samstag, 9. April 2016, &#8222;Wei\u00dfbugunder pur: Variantenreich&#8220;, Weinmen\u00fc mit Mathias Kleinmann, Birkweiler<\/p>\n<p>Samstag, 14. Mai 2016, \u201eMittelhaardt heute: mehr als eine traditionsreiche Spitzenregion f\u00fcr Riesling&#8220;, Weinmen\u00fc mit Sabine Ohler-Jost, Weingut Ohler, Gimmeldingen<\/p>\n<p>Samstag, 11. Juni 2016, \u201eS\u00fcdpf\u00e4lzer Riesling: Buntsandstein trifft Kalk, Granit und Rotliegendes\u201c, Weinmen\u00fc mit Marius Meyer, Rhodt<\/p>\n<p>Samstag, 9. Juli 2016,&#8220;Schweigen\u00a0 &#8211; Grenzg\u00e4nger-Burgunder&#8220;, Weinmen\u00fc mit Andreas Grimm, Schweigen<\/p>\n<p>Samstag, 6. August 2016, Weinmne\u00fc &#8222;S\u00fcdpfalz trifft Gardasee&#8220;: Pf\u00e4lzer Sommernachtstraum in Wei\u00df<\/p>\n<p>Samstag, 13. August 2016, \u201eWeine vom ber\u00fchmten Kastanienbusch und Mandelberg&#8220;, Weinmen\u00fc mit Mathias Wolf, Birkweiler<\/p>\n<p>Samstag, 10. September 2016, Weinmen\u00fc mit Thomas Lergem\u00fcller (Weingut Theodorus): \u201eherausragender S\u00fcdpf\u00e4lzer Bio-Wein&#8220;<\/p>\n<p>Samstag, 8. Oktober 2016, \u201eDer Weinausbau zwischen Edelstahl, Holzfa\u00df und Barrique&#8220;, Weinmen\u00fc mit Annette und Thomas Diehl, Weingut Borell-Diehl, Hainfeld<\/p>\n<p>Samstag, 12. November 2016, <a href=\"https:\/\/www.julius-pfalz.de\/wp-content\/uploads\/2015\/08\/me\u00dfmer11i.png\">\u00a0<\/a>&#8222;Weink\u00f6nige&#8220;, Weinmen\u00fc mit Gregor Me\u00dfmer, VDP-Weingut Me\u00dfmer, Burweiler<\/p>\n<p>Sonntag, 4. Dezember 2016, &#8222;Zwischen Tradition und Moderne&#8220; mit Senior-Chef Karl-Ludwig Scherr, Weingut Scherr, Hainfeld<\/p>\n<hr \/>\n<p>2 0 1 5<\/p>\n<p>Freitag, 11. September 2015, &#8222;untersch\u00e4tzte Rebsorten: Silvaner und Portugieser&#8220;<br \/>\nmit Andreas Porzelt, Klingenm\u00fcnster<\/p>\n<p>Samstag, 10. Oktober 2015,\u00a0 &#8222;frischer und gereifter Wei\u00dfwein&#8220;\u00a0 mit Gregor Me\u00dfmer, Burrweiler<\/p>\n<p>Samstag, 14. November 2015, &#8222;Sp\u00e4tburgunder&#8220; , Weinmen\u00fc mit Borell-Diehl, Hainfeld<\/p>\n<p>Sonntag, 6. Dezember 2015, Weihnachtsmen\u00fc mit Burgunder mit Andreas Scherr, Hainfeld<\/p>\n<hr \/>\n<p><a href=\"https:\/\/www.julius-pfalz.de\/?page_id=3739\"><strong><span style=\"color: #ff0000;\">ZUR\u00dcCK nach oben<\/span><\/strong><\/a><\/p>\n","protected":false},"excerpt":{"rendered":"<p>&nbsp; Seit September 2015 gibt es unsere Weinmen\u00fc, der Verm\u00e4hlung von Pf\u00e4lzer Weinen mit hochwertiger, kreativer K\u00fcche. Meist werden erst Winzer und Weine ausgesucht bis wir auf diese Weine hin kochen. Die bisherigen Themen und die beteiligten Winzer 2 0 &hellip; <a href=\"https:\/\/www.julius-pfalz.de\/?page_id=3739\">Weiterlesen <span class=\"meta-nav\">&rarr;<\/span><\/a><\/p>\n","protected":false},"author":1,"featured_media":0,"parent":0,"menu_order":0,"comment_status":"closed","ping_status":"closed","template":"","meta":[],"_links":{"self":[{"href":"https:\/\/www.julius-pfalz.de\/index.php?rest_route=\/wp\/v2\/pages\/3739"}],"collection":[{"href":"https:\/\/www.julius-pfalz.de\/index.php?rest_route=\/wp\/v2\/pages"}],"about":[{"href":"https:\/\/www.julius-pfalz.de\/index.php?rest_route=\/wp\/v2\/types\/page"}],"author":[{"embeddable":true,"href":"https:\/\/www.julius-pfalz.de\/index.php?rest_route=\/wp\/v2\/users\/1"}],"replies":[{"embeddable":true,"href":"https:\/\/www.julius-pfalz.de\/index.php?rest_route=%2Fwp%2Fv2%2Fcomments&post=3739"}],"version-history":[{"count":107,"href":"https:\/\/www.julius-pfalz.de\/index.php?rest_route=\/wp\/v2\/pages\/3739\/revisions"}],"predecessor-version":[{"id":8362,"href":"https:\/\/www.julius-pfalz.de\/index.php?rest_route=\/wp\/v2\/pages\/3739\/revisions\/8362"}],"wp:attachment":[{"href":"https:\/\/www.julius-pfalz.de\/index.php?rest_route=%2Fwp%2Fv2%2Fmedia&parent=3739"}],"curies":[{"name":"wp","href":"https:\/\/api.w.org\/{rel}","templated":true}]}}