{"id":3509,"date":"2015-08-10T12:11:05","date_gmt":"2015-08-10T10:11:05","guid":{"rendered":"http:\/\/www.julius-pfalz.de\/wp\/?page_id=3509"},"modified":"2021-11-22T10:54:51","modified_gmt":"2021-11-22T08:54:51","slug":"kochen-zum-wein","status":"publish","type":"page","link":"https:\/\/www.julius-pfalz.de\/?page_id=3509","title":{"rendered":"kochen zum Wein"},"content":{"rendered":"<p><strong>Kochkurse, Weinmen\u00fcs<\/strong><\/p>\n<p>Die K\u00fcche von Hartmut Julius Meimberg ist eine wichtige S\u00e4ule von \u201eJulius in der Pfalz\u201c: Seit Jahren kocht er ambitionierte Men\u00fcs. Seine Leidenschaft gilt der Qualit\u00e4t, der Raffinesse und der Harmonie von Speise und Wein. Er hat nicht nur das Kochen gelernt, er ist immer noch Weinh\u00e4ndler, besonders wenn er die Keller der S\u00fcdpfalz durchstreift.<\/p>\n<p>In Hainfeld kocht er:<\/p>\n<ul>\n<li style=\"text-align: left;\">Men\u00fc f\u00fcr Hausg\u00e4ste (table d\u00b4hote), f\u00fcr Familienfeiern (Geburtstag), Hochzeiten \u2026 oder<\/li>\n<li style=\"text-align: left;\">Weinmen\u00fc zu Weinen eines (Top-)Winzers oder er organisiert<\/li>\n<li style=\"text-align: left;\">begehrte Kochkurse.<\/li>\n<\/ul>\n<p>Diese Veranstaltungen richten sich nicht nur an Hausg\u00e4ste.<\/p>\n<p><a href=\"https:\/\/www.julius-pfalz.de\/?page_id=3429\"><span style=\"color: #993300;\"><strong>Link zu den aktuellen Kochkursen<\/strong><\/span><\/a><\/p>\n<p><a href=\"https:\/\/www.julius-pfalz.de\/?page_id=3511\"><span style=\"color: #993300;\"><strong>Link zu den n\u00e4chsten Weinmen\u00fcs<\/strong><\/span><\/a><\/p>\n","protected":false},"excerpt":{"rendered":"<p>Kochkurse, Weinmen\u00fcs Die K\u00fcche von Hartmut Julius Meimberg ist eine wichtige S\u00e4ule von \u201eJulius in der Pfalz\u201c: Seit Jahren kocht er ambitionierte Men\u00fcs. Seine Leidenschaft gilt der Qualit\u00e4t, der Raffinesse und der Harmonie von Speise und Wein. Er hat nicht &hellip; <a href=\"https:\/\/www.julius-pfalz.de\/?page_id=3509\">Weiterlesen <span class=\"meta-nav\">&rarr;<\/span><\/a><\/p>\n","protected":false},"author":1,"featured_media":0,"parent":0,"menu_order":0,"comment_status":"closed","ping_status":"closed","template":"","meta":[],"_links":{"self":[{"href":"https:\/\/www.julius-pfalz.de\/index.php?rest_route=\/wp\/v2\/pages\/3509"}],"collection":[{"href":"https:\/\/www.julius-pfalz.de\/index.php?rest_route=\/wp\/v2\/pages"}],"about":[{"href":"https:\/\/www.julius-pfalz.de\/index.php?rest_route=\/wp\/v2\/types\/page"}],"author":[{"embeddable":true,"href":"https:\/\/www.julius-pfalz.de\/index.php?rest_route=\/wp\/v2\/users\/1"}],"replies":[{"embeddable":true,"href":"https:\/\/www.julius-pfalz.de\/index.php?rest_route=%2Fwp%2Fv2%2Fcomments&post=3509"}],"version-history":[{"count":7,"href":"https:\/\/www.julius-pfalz.de\/index.php?rest_route=\/wp\/v2\/pages\/3509\/revisions"}],"predecessor-version":[{"id":7691,"href":"https:\/\/www.julius-pfalz.de\/index.php?rest_route=\/wp\/v2\/pages\/3509\/revisions\/7691"}],"wp:attachment":[{"href":"https:\/\/www.julius-pfalz.de\/index.php?rest_route=%2Fwp%2Fv2%2Fmedia&parent=3509"}],"curies":[{"name":"wp","href":"https:\/\/api.w.org\/{rel}","templated":true}]}}