{"id":3321,"date":"2015-05-06T23:52:27","date_gmt":"2015-05-06T21:52:27","guid":{"rendered":"http:\/\/blog.julius-pfalz.de\/?page_id=3321"},"modified":"2022-03-04T15:42:19","modified_gmt":"2022-03-04T13:42:19","slug":"bewertung-in-der-presse","status":"publish","type":"page","link":"https:\/\/www.julius-pfalz.de\/?page_id=3321","title":{"rendered":"Bewertung in der Presse"},"content":{"rendered":"<h1><\/h1>\n\n\t\t<style type=\"text\/css\">\n\t\t\t#gallery-1 {\n\t\t\t\tmargin: auto;\n\t\t\t}\n\t\t\t#gallery-1 .gallery-item {\n\t\t\t\tfloat: left;\n\t\t\t\tmargin-top: 10px;\n\t\t\t\ttext-align: center;\n\t\t\t\twidth: 50%;\n\t\t\t}\n\t\t\t#gallery-1 img {\n\t\t\t\tborder: 2px solid #cfcfcf;\n\t\t\t}\n\t\t\t#gallery-1 .gallery-caption {\n\t\t\t\tmargin-left: 0;\n\t\t\t}\n\t\t\t\/* see gallery_shortcode() in wp-includes\/media.php *\/\n\t\t<\/style>\n\t\t<div id='gallery-1' class='gallery galleryid-3321 gallery-columns-2 gallery-size-medium'><dl class='gallery-item'>\n\t\t\t<dt class='gallery-icon portrait'>\n\t\t\t\t<a href='https:\/\/www.julius-pfalz.de\/?attachment_id=7810'><img width=\"203\" height=\"300\" src=\"https:\/\/www.julius-pfalz.de\/wp-content\/uploads\/2021\/11\/pf-restfuehr-203x300.jpg\" class=\"attachment-medium size-medium\" alt=\"\" decoding=\"async\" loading=\"lazy\" srcset=\"https:\/\/www.julius-pfalz.de\/wp-content\/uploads\/2021\/11\/pf-restfuehr-203x300.jpg 203w, https:\/\/www.julius-pfalz.de\/wp-content\/uploads\/2021\/11\/pf-restfuehr.jpg 425w\" sizes=\"(max-width: 203px) 100vw, 203px\" \/><\/a>\n\t\t\t<\/dt><\/dl><dl class='gallery-item'>\n\t\t\t<dt class='gallery-icon portrait'>\n\t\t\t\t<a href='https:\/\/www.julius-pfalz.de\/?attachment_id=7811'><img width=\"125\" height=\"300\" src=\"https:\/\/www.julius-pfalz.de\/wp-content\/uploads\/2021\/11\/pf-restfuehr-innen-125x300.jpg\" class=\"attachment-medium size-medium\" alt=\"\" decoding=\"async\" loading=\"lazy\" srcset=\"https:\/\/www.julius-pfalz.de\/wp-content\/uploads\/2021\/11\/pf-restfuehr-innen-125x300.jpg 125w, https:\/\/www.julius-pfalz.de\/wp-content\/uploads\/2021\/11\/pf-restfuehr-innen.jpg 425w\" sizes=\"(max-width: 125px) 100vw, 125px\" \/><\/a>\n\t\t\t<\/dt><\/dl><br style=\"clear: both\" \/>\n\t\t<\/div>\n\n<hr \/>\n<h1><span style=\"color: #333300;\"><strong>&#8222;Hotels zum Verlieben &#8211;<\/strong><\/span><span style=\"background-image: initial; background-position: initial; background-size: initial; background-repeat: initial; background-attachment: initial; background-origin: initial; background-clip: initial;\"><u><a style=\"text-decoration-line: underline;\" href=\"https:\/\/www.julius-pfalz.de\/wp-content\/uploads\/2021\/10\/zeit-hotel.jpg\"><img decoding=\"async\" loading=\"lazy\" class=\"alignright wp-image-7594 size-medium\" style=\"border-color: #bbbbbb; background: #eeeeee;\" src=\"https:\/\/www.julius-pfalz.de\/wp-content\/uploads\/2021\/10\/zeit-hotel-285x300.jpg\" alt=\"\" width=\"285\" height=\"300\" srcset=\"https:\/\/www.julius-pfalz.de\/wp-content\/uploads\/2021\/10\/zeit-hotel-285x300.jpg 285w, https:\/\/www.julius-pfalz.de\/wp-content\/uploads\/2021\/10\/zeit-hotel.jpg 567w\" sizes=\"(max-width: 285px) 100vw, 285px\" \/><\/a><\/u><\/span><span style=\"color: #333300;\"><strong><br \/>\n45 einzigartige Orte<br \/>\n<\/strong><\/span><strong style=\"color: #333300;\">und ihre Gastgeber&#8220;<br \/>\n<\/strong><span style=\"color: #333300;\"><strong>Zeitverlag 2021<\/strong><\/span><\/h1>\n<h1><\/h1>\n<hr \/>\n<h1><span style=\"color: #333300;\"><strong>&#8222;Gro\u00dfe Lage<a href=\"https:\/\/www.julius-pfalz.de\/wp-content\/uploads\/2021\/01\/zeit1.png\"><img decoding=\"async\" loading=\"lazy\" class=\"alignright size-medium wp-image-7213\" src=\"https:\/\/www.julius-pfalz.de\/wp-content\/uploads\/2021\/01\/zeit1.png\" alt=\"\" width=\"300\" height=\"169\" data-wp-editing=\"1\" \/><\/a><\/strong><\/span><br \/>\n<span style=\"color: #333300;\"><strong>Tage voller Trauben und Licht&#8220;<\/strong><\/span><br \/>\n<span style=\"color: #333300;\"><strong>in Reisen-Spezial, Stille Verf\u00fchrer<br \/>\n<\/strong><\/span><span style=\"color: #333300;\"><strong>&#8211; Acht deutsche Hotels<br \/>\nf\u00fcr den perfekten R\u00fcckzug,<\/strong><\/span><br \/>\n<span style=\"color: #333300;\"><strong>Die Zeit Oktober 2020<\/strong><\/span><span style=\"color: #333300;\"><strong><a href=\"https:\/\/www.julius-pfalz.de\/wp-content\/uploads\/2021\/01\/zeit2.png\"><img decoding=\"async\" loading=\"lazy\" class=\"alignright size-full wp-image-7214\" src=\"https:\/\/www.julius-pfalz.de\/wp-content\/uploads\/2021\/01\/zeit2.png\" alt=\"\" width=\"709\" height=\"399\" \/><\/a><\/strong><\/span><\/h1>\n<p>&nbsp;<\/p>\n<p>&nbsp;<\/p>\n<p>&nbsp;<\/p>\n<p>&nbsp;<\/p>\n<p>&nbsp;<\/p>\n<p>&nbsp;<\/p>\n<p>&nbsp;<\/p>\n<hr \/>\n<p>&nbsp;<\/p>\n<hr \/>\n<hr \/>\n\n\t\t<style type=\"text\/css\">\n\t\t\t#gallery-2 {\n\t\t\t\tmargin: auto;\n\t\t\t}\n\t\t\t#gallery-2 .gallery-item {\n\t\t\t\tfloat: left;\n\t\t\t\tmargin-top: 10px;\n\t\t\t\ttext-align: center;\n\t\t\t\twidth: 50%;\n\t\t\t}\n\t\t\t#gallery-2 img {\n\t\t\t\tborder: 2px solid #cfcfcf;\n\t\t\t}\n\t\t\t#gallery-2 .gallery-caption {\n\t\t\t\tmargin-left: 0;\n\t\t\t}\n\t\t\t\/* see gallery_shortcode() in wp-includes\/media.php *\/\n\t\t<\/style>\n\t\t<div id='gallery-2' class='gallery galleryid-3321 gallery-columns-2 gallery-size-medium'><dl class='gallery-item'>\n\t\t\t<dt class='gallery-icon landscape'>\n\t\t\t\t<a href='https:\/\/www.julius-pfalz.de\/?attachment_id=7808'><img width=\"300\" height=\"234\" src=\"https:\/\/www.julius-pfalz.de\/wp-content\/uploads\/2021\/11\/gluecksorte-innen-300x234.jpg\" class=\"attachment-medium size-medium\" alt=\"\" decoding=\"async\" loading=\"lazy\" srcset=\"https:\/\/www.julius-pfalz.de\/wp-content\/uploads\/2021\/11\/gluecksorte-innen-300x234.jpg 300w, https:\/\/www.julius-pfalz.de\/wp-content\/uploads\/2021\/11\/gluecksorte-innen-384x300.jpg 384w, https:\/\/www.julius-pfalz.de\/wp-content\/uploads\/2021\/11\/gluecksorte-innen.jpg 567w\" sizes=\"(max-width: 300px) 100vw, 300px\" \/><\/a>\n\t\t\t<\/dt><\/dl><dl class='gallery-item'>\n\t\t\t<dt class='gallery-icon portrait'>\n\t\t\t\t<a href='https:\/\/www.julius-pfalz.de\/?attachment_id=7807'><img width=\"185\" height=\"300\" src=\"https:\/\/www.julius-pfalz.de\/wp-content\/uploads\/2021\/11\/gluecksorte-185x300.jpg\" class=\"attachment-medium size-medium\" alt=\"\" decoding=\"async\" loading=\"lazy\" srcset=\"https:\/\/www.julius-pfalz.de\/wp-content\/uploads\/2021\/11\/gluecksorte-185x300.jpg 185w, https:\/\/www.julius-pfalz.de\/wp-content\/uploads\/2021\/11\/gluecksorte.jpg 425w\" sizes=\"(max-width: 185px) 100vw, 185px\" \/><\/a>\n\t\t\t<\/dt><\/dl><br style=\"clear: both\" \/>\n\t\t<\/div>\n\n<h1><span style=\"color: #333300;\"><strong>&#8222;Das Rundum &#8211; Wohlf\u00fch<\/strong><\/span><span style=\"color: #333300;\"><strong>l &#8211; Paket b<\/strong><\/span><span style=\"color: #333300;\"><strong>ei Julius in der Pfalz in Hainfeld&#8220;,<br \/>\n<\/strong><\/span><span style=\"color: #333300;\"><strong>Katja Edelmann, Gl\u00fcckorte in der Pfalz, S. 96\/97, <\/strong><\/span><span style=\"color: #333300;\"><strong>Buch, Droste Verlag 2019<\/strong><\/span><\/h1>\n<h1><\/h1>\n<hr \/>\n<p>&nbsp;<\/p>\n<h1><span style=\"color: #333300;\"><strong>&#8222;Adventsausstellung im ehemaligen Weingut&#8220;\u00a0<\/strong><\/span><br \/>\n<span style=\"color: #333300;\"><strong>in:\u00a0 workbook, Floristische <\/strong><\/span><strong>Advent Ausstellungen, S. 94 &#8211; 133, <\/strong><strong>blomms 2018<\/strong><\/h1>\n<h1><span style=\"color: #333300;\"><strong><a href=\"https:\/\/www.julius-pfalz.de\/wp-content\/uploads\/2021\/01\/workbook.png\"><img decoding=\"async\" loading=\"lazy\" class=\"alignright size-full wp-image-7212\" src=\"https:\/\/www.julius-pfalz.de\/wp-content\/uploads\/2021\/01\/workbook.png\" alt=\"\" width=\"709\" height=\"399\" \/><\/a><\/strong><\/span><\/h1>\n<p>&nbsp;<\/p>\n<p>&nbsp;<\/p>\n<p>&nbsp;<\/p>\n<p><span style=\"color: #008000;\"><strong>Unser Kunst- und Handwerkermarkt lockt die Fachpresse<\/strong><\/span><br \/>\n<span style=\"color: #008000;\"><strong>November 2016<\/strong><\/span><\/p>\n<h1><strong>&#8222;Gemeinsam erfolgreich<a href=\"https:\/\/www.julius-pfalz.de\/wp-content\/uploads\/2015\/05\/florieren-09-2016-auszug.png\"><img decoding=\"async\" loading=\"lazy\" class=\"alignright wp-image-4890 size-medium\" src=\"https:\/\/www.julius-pfalz.de\/wp-content\/uploads\/2015\/05\/florieren-09-2016-auszug-300x153.png\" alt=\"florieren-09-2016-auszug\" width=\"300\" height=\"153\" srcset=\"https:\/\/www.julius-pfalz.de\/wp-content\/uploads\/2015\/05\/florieren-09-2016-auszug-300x153.png 300w, https:\/\/www.julius-pfalz.de\/wp-content\/uploads\/2015\/05\/florieren-09-2016-auszug-500x255.png 500w, https:\/\/www.julius-pfalz.de\/wp-content\/uploads\/2015\/05\/florieren-09-2016-auszug.png 638w\" sizes=\"(max-width: 300px) 100vw, 300px\" \/><\/a><\/strong><br \/>\n<strong>Adventsfloristik<br \/>\nals Teil eines K\u00fcnstlermarktes&#8220;<\/strong><br \/>\n<strong>in: florieren 9-2016<\/strong><\/h1>\n<p>&nbsp;<\/p>\n<p>&nbsp;<\/p>\n\n\t\t<style type=\"text\/css\">\n\t\t\t#gallery-3 {\n\t\t\t\tmargin: auto;\n\t\t\t}\n\t\t\t#gallery-3 .gallery-item {\n\t\t\t\tfloat: left;\n\t\t\t\tmargin-top: 10px;\n\t\t\t\ttext-align: center;\n\t\t\t\twidth: 33%;\n\t\t\t}\n\t\t\t#gallery-3 img {\n\t\t\t\tborder: 2px solid #cfcfcf;\n\t\t\t}\n\t\t\t#gallery-3 .gallery-caption {\n\t\t\t\tmargin-left: 0;\n\t\t\t}\n\t\t\t\/* see gallery_shortcode() in wp-includes\/media.php *\/\n\t\t<\/style>\n\t\t<div id='gallery-3' class='gallery galleryid-3321 gallery-columns-3 gallery-size-thumbnail'><dl class='gallery-item'>\n\t\t\t<dt class='gallery-icon portrait'>\n\t\t\t\t<a href='https:\/\/www.julius-pfalz.de\/?attachment_id=4891'><img width=\"150\" height=\"150\" src=\"https:\/\/www.julius-pfalz.de\/wp-content\/uploads\/2015\/05\/florieren2-09-2016-1-150x150.png\" class=\"attachment-thumbnail size-thumbnail\" alt=\"\" decoding=\"async\" loading=\"lazy\" \/><\/a>\n\t\t\t<\/dt><\/dl><dl class='gallery-item'>\n\t\t\t<dt class='gallery-icon portrait'>\n\t\t\t\t<a href='https:\/\/www.julius-pfalz.de\/?attachment_id=4892'><img width=\"150\" height=\"150\" src=\"https:\/\/www.julius-pfalz.de\/wp-content\/uploads\/2015\/05\/florieren3-09-2016-150x150.png\" class=\"attachment-thumbnail size-thumbnail\" alt=\"\" decoding=\"async\" loading=\"lazy\" \/><\/a>\n\t\t\t<\/dt><\/dl><dl class='gallery-item'>\n\t\t\t<dt class='gallery-icon portrait'>\n\t\t\t\t<a href='https:\/\/www.julius-pfalz.de\/?attachment_id=4893'><img width=\"150\" height=\"150\" src=\"https:\/\/www.julius-pfalz.de\/wp-content\/uploads\/2015\/05\/florierena-09-2016-150x150.png\" class=\"attachment-thumbnail size-thumbnail\" alt=\"\" decoding=\"async\" loading=\"lazy\" \/><\/a>\n\t\t\t<\/dt><\/dl><br style=\"clear: both\" \/>\n\t\t<\/div>\n\n<hr \/>\n<p><strong><span style=\"color: #008000;\">Magzin Pfalzclub Ausgabe 2016<\/span><\/strong><\/p>\n<p>&nbsp;<\/p>\n<p><a href=\"https:\/\/www.julius-pfalz.de\/wp-content\/uploads\/2015\/05\/Pfalzclub-2014.png\"><img decoding=\"async\" loading=\"lazy\" class=\"wp-image-4876 alignright\" src=\"https:\/\/www.julius-pfalz.de\/wp-content\/uploads\/2015\/05\/Pfalzclub-2014.png\" alt=\"Pfalzclub-2014\" width=\"250\" height=\"424\" srcset=\"https:\/\/www.julius-pfalz.de\/wp-content\/uploads\/2015\/05\/Pfalzclub-2014.png 567w, https:\/\/www.julius-pfalz.de\/wp-content\/uploads\/2015\/05\/Pfalzclub-2014-177x300.png 177w\" sizes=\"(max-width: 250px) 100vw, 250px\" \/><\/a><\/p>\n<p><img decoding=\"async\" loading=\"lazy\" class=\"alignleft wp-image-4875\" src=\"https:\/\/www.julius-pfalz.de\/wp-content\/uploads\/2015\/05\/logo-pfalzclub-300x143.png\" alt=\"logo-pfalzclub\" width=\"240\" height=\"115\" srcset=\"https:\/\/www.julius-pfalz.de\/wp-content\/uploads\/2015\/05\/logo-pfalzclub-300x143.png 300w, https:\/\/www.julius-pfalz.de\/wp-content\/uploads\/2015\/05\/logo-pfalzclub-768x367.png 768w, https:\/\/www.julius-pfalz.de\/wp-content\/uploads\/2015\/05\/logo-pfalzclub-1024x489.png 1024w, https:\/\/www.julius-pfalz.de\/wp-content\/uploads\/2015\/05\/logo-pfalzclub-500x239.png 500w\" sizes=\"(max-width: 240px) 100vw, 240px\" \/><\/p>\n<p>&nbsp;<\/p>\n<p>&nbsp;<\/p>\n<p>&nbsp;<\/p>\n<p>&nbsp;<\/p>\n<p>&nbsp;<\/p>\n<p>&nbsp;<\/p>\n<p>&nbsp;<\/p>\n<p>&nbsp;<\/p>\n<p>&nbsp;<\/p>\n<p>&nbsp;<\/p>\n<hr \/>\n<p><strong><span style=\"color: #008000;\">GEO-SAISON\u00a0 &#8222;durch den Herbst&#8220;<br \/>\nOktober 2015<img decoding=\"async\" loading=\"lazy\" class=\"alignright size-medium wp-image-4884\" src=\"https:\/\/www.julius-pfalz.de\/wp-content\/uploads\/2015\/05\/GEO_Saison_10_2015-300x300.png\" alt=\"GEO_Saison_10_2015\" width=\"300\" height=\"300\" srcset=\"https:\/\/www.julius-pfalz.de\/wp-content\/uploads\/2015\/05\/GEO_Saison_10_2015-300x300.png 300w, https:\/\/www.julius-pfalz.de\/wp-content\/uploads\/2015\/05\/GEO_Saison_10_2015-150x150.png 150w, https:\/\/www.julius-pfalz.de\/wp-content\/uploads\/2015\/05\/GEO_Saison_10_2015.png 350w\" sizes=\"(max-width: 300px) 100vw, 300px\" \/><\/span><\/strong><br \/>\nDie Journalistin Elsemarie Maletzke bereiste im Herbst 2014 vier Regionen in Deutschland, u.a. die S\u00fcdpfalz. Sie wohnte bei uns (begeistert) und radelte mit unserem E-bike durch die Weinberge. Mit unserer Unterst\u00fctzung besuchte sie einige Restaurants u.a. die Weinstube Hahn in Landau-Arzheim und half bei der Weinlese im Weingut Gerhard Klein. Ihr Bericht ist unter dem Titel &#8222;Sp\u00e4tlese&#8220;\u00a0 erschienen.<\/p>\n<p><strong><span style=\"color: #008000;\"><a href=\"https:\/\/www.julius-pfalz.de\/wp-content\/uploads\/2015\/05\/geo-15-10-2.png\"><img decoding=\"async\" loading=\"lazy\" class=\"alignright wp-image-4886 size-medium\" src=\"https:\/\/www.julius-pfalz.de\/wp-content\/uploads\/2015\/05\/geo-15-10-2-300x201.png\" alt=\"geo-15-10-2\" width=\"300\" height=\"201\" srcset=\"https:\/\/www.julius-pfalz.de\/wp-content\/uploads\/2015\/05\/geo-15-10-2-300x201.png 300w, https:\/\/www.julius-pfalz.de\/wp-content\/uploads\/2015\/05\/geo-15-10-2-448x300.png 448w, https:\/\/www.julius-pfalz.de\/wp-content\/uploads\/2015\/05\/geo-15-10-2.png 709w\" sizes=\"(max-width: 300px) 100vw, 300px\" \/><\/a> <a href=\"https:\/\/www.julius-pfalz.de\/wp-content\/uploads\/2015\/05\/geo-15-10-1.png\"><img decoding=\"async\" loading=\"lazy\" class=\"wp-image-4885 size-medium alignleft\" src=\"https:\/\/www.julius-pfalz.de\/wp-content\/uploads\/2015\/05\/geo-15-10-1-176x300.png\" alt=\"geo-15-10-1\" width=\"176\" height=\"300\" srcset=\"https:\/\/www.julius-pfalz.de\/wp-content\/uploads\/2015\/05\/geo-15-10-1-176x300.png 176w, https:\/\/www.julius-pfalz.de\/wp-content\/uploads\/2015\/05\/geo-15-10-1-601x1024.png 601w, https:\/\/www.julius-pfalz.de\/wp-content\/uploads\/2015\/05\/geo-15-10-1.png 709w\" sizes=\"(max-width: 176px) 100vw, 176px\" \/><\/a><\/span><\/strong><\/p>\n<p>&nbsp;<\/p>\n<p>&nbsp;<\/p>\n<p>&nbsp;<\/p>\n<p>&nbsp;<\/p>\n<p>&nbsp;<\/p>\n<p>&nbsp;<\/p>\n<p>&nbsp;<\/p>\n<p><strong><span style=\"color: #008000;\">GEO-SAISON\u00a0 &#8222;S\u00fcdpfalz&#8220;, Oktober 2014<\/span><\/strong><\/p>\n<p><img decoding=\"async\" loading=\"lazy\" class=\"alignleft wp-image-4887\" src=\"https:\/\/www.julius-pfalz.de\/wp-content\/uploads\/2015\/05\/GEO_Saison_10_2014-300x300.png\" alt=\"GEO_Saison_10_2014\" width=\"250\" height=\"250\" srcset=\"https:\/\/www.julius-pfalz.de\/wp-content\/uploads\/2015\/05\/GEO_Saison_10_2014-300x300.png 300w, https:\/\/www.julius-pfalz.de\/wp-content\/uploads\/2015\/05\/GEO_Saison_10_2014-150x150.png 150w, https:\/\/www.julius-pfalz.de\/wp-content\/uploads\/2015\/05\/GEO_Saison_10_2014.png 350w\" sizes=\"(max-width: 250px) 100vw, 250px\" \/><\/p>\n<p><strong><span style=\"color: #008000;\"><img decoding=\"async\" loading=\"lazy\" class=\"size-medium wp-image-4889 alignright\" src=\"https:\/\/www.julius-pfalz.de\/wp-content\/uploads\/2015\/05\/geo15-empf-255x300.png\" alt=\"geo15-empf\" width=\"255\" height=\"300\" srcset=\"https:\/\/www.julius-pfalz.de\/wp-content\/uploads\/2015\/05\/geo15-empf-255x300.png 255w, https:\/\/www.julius-pfalz.de\/wp-content\/uploads\/2015\/05\/geo15-empf-768x902.png 768w, https:\/\/www.julius-pfalz.de\/wp-content\/uploads\/2015\/05\/geo15-empf-872x1024.png 872w, https:\/\/www.julius-pfalz.de\/wp-content\/uploads\/2015\/05\/geo15-empf.png 1376w\" sizes=\"(max-width: 255px) 100vw, 255px\" \/><\/span><\/strong><\/p>\n<p>&nbsp;<\/p>\n<p>&nbsp;<\/p>\n<p>&nbsp;<\/p>\n<p>&nbsp;<\/p>\n<p>&nbsp;<\/p>\n<p>&nbsp;<\/p>\n<p>&nbsp;<\/p>\n<p><a href=\"https:\/\/www.julius-pfalz.de\/wp-content\/uploads\/2015\/05\/GEO_Saison_10_2014-ausz.png\"><img decoding=\"async\" loading=\"lazy\" class=\"alignleft wp-image-4888\" src=\"https:\/\/www.julius-pfalz.de\/wp-content\/uploads\/2015\/05\/GEO_Saison_10_2014-ausz-300x154.png\" alt=\"GEO_Saison_10_2014-ausz\" width=\"250\" height=\"128\" srcset=\"https:\/\/www.julius-pfalz.de\/wp-content\/uploads\/2015\/05\/GEO_Saison_10_2014-ausz-300x154.png 300w, https:\/\/www.julius-pfalz.de\/wp-content\/uploads\/2015\/05\/GEO_Saison_10_2014-ausz-768x394.png 768w, https:\/\/www.julius-pfalz.de\/wp-content\/uploads\/2015\/05\/GEO_Saison_10_2014-ausz-500x256.png 500w, https:\/\/www.julius-pfalz.de\/wp-content\/uploads\/2015\/05\/GEO_Saison_10_2014-ausz.png 850w\" sizes=\"(max-width: 250px) 100vw, 250px\" \/><\/a><\/p>\n<p>&nbsp;<\/p>\n<p>&nbsp;<\/p>\n<p>&nbsp;<\/p>\n<p>&nbsp;<\/p>\n<hr \/>\n<p><strong><span style=\"color: #008000;\">DER FEINSCHMECKER, Juli 2014:<br \/>\n<\/span>\u201eAlle reden von Hainfeld? Zu Recht!\u201c<a href=\"https:\/\/julius-pfalz.de\/wp-content\/uploads\/2014\/07\/FE-titel0714.jpg\"><img decoding=\"async\" loading=\"lazy\" class=\"alignright size-medium wp-image-2546\" src=\"https:\/\/julius-pfalz.de\/wp-content\/uploads\/2014\/07\/FE-titel0714-226x300.jpg\" alt=\"FE-titel0714.pdf\" width=\"226\" height=\"300\" srcset=\"https:\/\/www.julius-pfalz.de\/wp-content\/uploads\/2014\/07\/FE-titel0714-226x300.jpg 226w, https:\/\/www.julius-pfalz.de\/wp-content\/uploads\/2014\/07\/FE-titel0714.jpg 600w\" sizes=\"(max-width: 226px) 100vw, 226px\" \/><\/a><\/strong> Unter dieser Zwischen\u00fcberschrift gibt es Lob \u00fcber uns. Und das obwohl der Artikel <strong>\u201eS\u00fcdpfalz? coole Gegend!\u201c<\/strong> sich eigentlich mit der Gastronomie der S\u00fcdpfalz besch\u00e4ftigt:\u00a0 Aber der Autor hat bei uns \u00fcbernachtet, unser Fr\u00fchst\u00fcck genossen, zwei top Hainfelder Restaurants getestet und war offensichtlich begeistert. Im Artikel hei\u00dft es:<br \/>\n<i>\u201eAlle reden von Hainfeld. Das Dorf entwickelt sich dank zwei neuer Restaurants zum Genuss-zentrum. Mit dem j\u00fcngst er\u00f6ffneten Hotel &lt; Julius in der Pfalz &gt; kommt obendrein eine \u00dcbernachtungsm\u00f6glichkeit fernab falscher Weinstrassenfolklore hinzu, die puristische Zimmer mit dem Charme eines heimeligen Winzerhofes verbindet. H\u00fcbsch ist Hainfeld obendrein \u2026\u201c<br \/>\n<\/i><\/p>\n<hr \/>\n<p><span style=\"color: #008000;\"><strong>TAGE der ARCHITEKTUR Juni 2014<a style=\"color: #008000;\" href=\"https:\/\/julius-pfalz.de\/wp-content\/uploads\/2014\/04\/logo-architektouren2014.jpg\"><img decoding=\"async\" loading=\"lazy\" class=\"alignright wp-image-2361\" src=\"https:\/\/julius-pfalz.de\/wp-content\/uploads\/2014\/04\/logo-architektouren2014.jpg\" alt=\"logo-architektouren2014\" width=\"240\" height=\"170\" \/><\/a><\/strong><\/span><br \/>\nMit unserem AppartHotel \u201eJulius in der Pfalz\u201c waren wir dabei, neben 59 anderen Objekten der Pfalz. Die Jury hatte unser Objekt einstimmig ausgew\u00e4hlt. Die Architekturtage fanden als \u201eTage der offenen T\u00fcr\u201c statt, es kamen hunderte von Besuchern, vor allem am zweiten Tage, dem Sonntag. Es konnte besichtigt, geplaudert oder auch fachgesimpelt werden. Alle waren begeisert. Ein Ehepaar aus Neustadt (12 km entfernt) kam gleich eine Woche sp\u00e4ter wieder, zu einer Auszeit von zwei Tagen. In der Pfalz, bei uns, kann man wunderbar urlauben.<\/p>\n<hr \/>\n<p><strong><span style=\"color: #008000;\">DIE RHEINPFALZ, Juni 2013<\/span><\/strong><br \/>\nDie gro\u00dfe Regionalzeitung \u201cDie Rheinpfalz\u201d <a href=\"https:\/\/julius-pfalz.de\/wp-content\/uploads\/2012\/07\/RP13-06-04-300x160.jpg\" data-slb-group=\"1689\" data-slb-active=\"1\" data-slb-internal=\"0\"><img decoding=\"async\" loading=\"lazy\" class=\"alignright\" src=\"https:\/\/julius-pfalz.de\/wp-content\/uploads\/2012\/07\/RP13-06-04-300x160.jpg\" alt=\"RP13-06-04\" width=\"300\" height=\"160\" \/><\/a>schrieb:<br \/>\n\u201cHainfeld: Neues Hotel &lt; Julius in der Pfalz &gt; wird schon gut angenommen \u2013 Zusammenarbeit mit \u00f6rtlichen Winzern\u201d<\/p>\n<p><em>(wenn Sie den Artikel anklicken, k\u00f6nnen Sie ihn lesen)<\/em><\/p>\n<p>&nbsp;<\/p>\n<hr \/>\n<p><span style=\"color: #008000;\"><strong>&#8230; BOULEVARD! weinstrasse, M\u00e4rz 2013<\/strong><\/span><\/p>\n<p>&#8222;Wo die Sinne Urlaub machen &#8211;<a href=\"https:\/\/julius-pfalz.de\/wp-content\/uploads\/2012\/07\/IMG_1344-1000.jpg\" data-slb-group=\"1689\" data-slb-active=\"1\" data-slb-internal=\"0\"><img decoding=\"async\" loading=\"lazy\" class=\"alignright\" src=\"https:\/\/julius-pfalz.de\/wp-content\/uploads\/2012\/07\/IMG_1344-1000-300x245.jpg\" alt=\"IMG_1344-1000\" width=\"300\" height=\"245\" \/><\/a> &lt;Julius in der Pfalz&gt; ist die<br \/>\nNummer Eins f\u00fcr Kenner und Genie\u00dfer<\/p>\n<p><em>(wenn Sie den Artikel anklicken, k\u00f6nnen Sie ihn lesen)<\/em><\/p>\n<p>&nbsp;<\/p>\n","protected":false},"excerpt":{"rendered":"<p>&#8222;Hotels zum Verlieben &#8211; 45 einzigartige Orte und ihre Gastgeber&#8220; Zeitverlag 2021 &#8222;Gro\u00dfe Lage Tage voller Trauben und Licht&#8220; in Reisen-Spezial, Stille Verf\u00fchrer &#8211; Acht deutsche Hotels f\u00fcr den perfekten R\u00fcckzug, Die Zeit Oktober 2020 &nbsp; &nbsp; &nbsp; &nbsp; &nbsp; &hellip; <a href=\"https:\/\/www.julius-pfalz.de\/?page_id=3321\">Weiterlesen <span class=\"meta-nav\">&rarr;<\/span><\/a><\/p>\n","protected":false},"author":1,"featured_media":0,"parent":0,"menu_order":0,"comment_status":"closed","ping_status":"closed","template":"","meta":[],"_links":{"self":[{"href":"https:\/\/www.julius-pfalz.de\/index.php?rest_route=\/wp\/v2\/pages\/3321"}],"collection":[{"href":"https:\/\/www.julius-pfalz.de\/index.php?rest_route=\/wp\/v2\/pages"}],"about":[{"href":"https:\/\/www.julius-pfalz.de\/index.php?rest_route=\/wp\/v2\/types\/page"}],"author":[{"embeddable":true,"href":"https:\/\/www.julius-pfalz.de\/index.php?rest_route=\/wp\/v2\/users\/1"}],"replies":[{"embeddable":true,"href":"https:\/\/www.julius-pfalz.de\/index.php?rest_route=%2Fwp%2Fv2%2Fcomments&post=3321"}],"version-history":[{"count":21,"href":"https:\/\/www.julius-pfalz.de\/index.php?rest_route=\/wp\/v2\/pages\/3321\/revisions"}],"predecessor-version":[{"id":7815,"href":"https:\/\/www.julius-pfalz.de\/index.php?rest_route=\/wp\/v2\/pages\/3321\/revisions\/7815"}],"wp:attachment":[{"href":"https:\/\/www.julius-pfalz.de\/index.php?rest_route=%2Fwp%2Fv2%2Fmedia&parent=3321"}],"curies":[{"name":"wp","href":"https:\/\/api.w.org\/{rel}","templated":true}]}}