{"id":225,"date":"2012-07-27T16:00:49","date_gmt":"2012-07-27T14:00:49","guid":{"rendered":"http:\/\/blog.julius-pfalz.de\/?page_id=225"},"modified":"2013-11-04T11:56:36","modified_gmt":"2013-11-04T09:56:36","slug":"wir-uber-uns","status":"publish","type":"page","link":"https:\/\/www.julius-pfalz.de\/?page_id=225","title":{"rendered":"Wir \u00fcber uns"},"content":{"rendered":"<p>Nach langer Suche fanden die Eheleute Ulrike und Hartmut Julius Meimberg ein sehr altes, ehemaliges Winzeranwesen in Hainfeld. Es ist f\u00fcr die s\u00fcdliche Weinstra\u00dfe\u00a0 recht gro\u00df, gebaut in U-Form mit gro\u00dfem, nach S\u00fcden ausgerichtetem Innenhof. \u00dcber einem Torbogen prangt die Jahreszahl 1710. \u00dcbrigens \u2013 der Vater des letzten Eigent\u00fcmers hie\u00df mit Vornamen \u201eJulius\u201c.<\/p>\n<p><a href=\"https:\/\/julius-pfalz.de\/wp-content\/uploads\/2013\/08\/strasse.jpg\"><img decoding=\"async\" loading=\"lazy\" class=\"size-medium wp-image-1239 alignright\" alt=\"von Parkplatz zum Appart-Hotel\" src=\"https:\/\/julius-pfalz.de\/wp-content\/uploads\/2013\/08\/strasse-300x215.jpg\" width=\"300\" height=\"215\" srcset=\"https:\/\/www.julius-pfalz.de\/wp-content\/uploads\/2013\/08\/strasse-300x215.jpg 300w, https:\/\/www.julius-pfalz.de\/wp-content\/uploads\/2013\/08\/strasse-417x300.jpg 417w, https:\/\/www.julius-pfalz.de\/wp-content\/uploads\/2013\/08\/strasse.jpg 800w\" sizes=\"(max-width: 300px) 100vw, 300px\" \/><\/a><\/p>\n<p>Der Name \u201eJulius\u201c hat f\u00fcr uns eine besondere Bedeutung. Mitten im Ruhrgebiet, in Herne f\u00fchrt Hartmut Julius Meimberg seit 1986 die Weinhandlung \u201eJulius Meimberg\u201c, in vierter Generation. Seit \u00fcber zehn Jahren ist er am gleichen Ort auch K\u00fcchenchef eines Veranstaltungs- Restaurants mit Namen \u201eJulius\u201c,\u00a0 das seit Mitte 2012 zum Vollrestaurant weiterentwickelt wurde.<\/p>\n<p>\u201eJulius in der Pfalz\u201c ist ein neues Projekt, gleichzeitig &#8211; Schritt f\u00fcr Schritt &#8211; neuer Lebensmittelpunkt <a href=\"https:\/\/julius-pfalz.de\/wp-content\/uploads\/2012\/07\/Meimbergs.jpg\"><img decoding=\"async\" loading=\"lazy\" class=\"alignright size-medium wp-image-918\" title=\"Meimbergs\" alt=\"\" src=\"https:\/\/julius-pfalz.de\/wp-content\/uploads\/2012\/07\/Meimbergs-300x209.jpg\" width=\"300\" height=\"209\" srcset=\"https:\/\/www.julius-pfalz.de\/wp-content\/uploads\/2012\/07\/Meimbergs-300x209.jpg 300w, https:\/\/www.julius-pfalz.de\/wp-content\/uploads\/2012\/07\/Meimbergs-429x300.jpg 429w, https:\/\/www.julius-pfalz.de\/wp-content\/uploads\/2012\/07\/Meimbergs.jpg 850w\" sizes=\"(max-width: 300px) 100vw, 300px\" \/><\/a>von Ulrike und Hartmut Julius Meimberg. Beide sind gerne Gastgeber und haben deshalb beschlossen, hier in der S\u00fcdpfalz eine kleine, individuelle Ferienappartement- Anlage zu errichten und bieten seit September 2012 an: \u201eWohnen bei Freunden\u201c. Auch Kochkurse, Weinbergwanderungen (&#8222;Terroir&#8220;), Weinproben, Golfarrangement, Winzerbesuche geh\u00f6ren bereits zum Angebot.<\/p>\n<hr \/>\n<p><a title=\"Anwesen\" href=\"https:\/\/julius-pfalz.de\/?page_id=65\"> zur\u00fcck<\/a><\/p>\n","protected":false},"excerpt":{"rendered":"<p>Nach langer Suche fanden die Eheleute Ulrike und Hartmut Julius Meimberg ein sehr altes, ehemaliges Winzeranwesen in Hainfeld. Es ist f\u00fcr die s\u00fcdliche Weinstra\u00dfe\u00a0 recht gro\u00df, gebaut in U-Form mit gro\u00dfem, nach S\u00fcden ausgerichtetem Innenhof. \u00dcber einem Torbogen prangt die &hellip; <a href=\"https:\/\/www.julius-pfalz.de\/?page_id=225\">Weiterlesen <span class=\"meta-nav\">&rarr;<\/span><\/a><\/p>\n","protected":false},"author":1,"featured_media":0,"parent":0,"menu_order":0,"comment_status":"closed","ping_status":"closed","template":"","meta":[],"_links":{"self":[{"href":"https:\/\/www.julius-pfalz.de\/index.php?rest_route=\/wp\/v2\/pages\/225"}],"collection":[{"href":"https:\/\/www.julius-pfalz.de\/index.php?rest_route=\/wp\/v2\/pages"}],"about":[{"href":"https:\/\/www.julius-pfalz.de\/index.php?rest_route=\/wp\/v2\/types\/page"}],"author":[{"embeddable":true,"href":"https:\/\/www.julius-pfalz.de\/index.php?rest_route=\/wp\/v2\/users\/1"}],"replies":[{"embeddable":true,"href":"https:\/\/www.julius-pfalz.de\/index.php?rest_route=%2Fwp%2Fv2%2Fcomments&post=225"}],"version-history":[{"count":18,"href":"https:\/\/www.julius-pfalz.de\/index.php?rest_route=\/wp\/v2\/pages\/225\/revisions"}],"predecessor-version":[{"id":1561,"href":"https:\/\/www.julius-pfalz.de\/index.php?rest_route=\/wp\/v2\/pages\/225\/revisions\/1561"}],"wp:attachment":[{"href":"https:\/\/www.julius-pfalz.de\/index.php?rest_route=%2Fwp%2Fv2%2Fmedia&parent=225"}],"curies":[{"name":"wp","href":"https:\/\/api.w.org\/{rel}","templated":true}]}}