{"id":1979,"date":"2015-11-08T13:30:15","date_gmt":"2015-11-08T11:30:15","guid":{"rendered":"http:\/\/blog.julius-pfalz.de\/?page_id=1979"},"modified":"2026-05-06T09:40:29","modified_gmt":"2026-05-06T07:40:29","slug":"arrangement-himmelfahrt-2014","status":"publish","type":"page","link":"https:\/\/www.julius-pfalz.de\/?page_id=1979","title":{"rendered":"Arrangement Fronleichnam 2026"},"content":{"rendered":"<p><span style=\"color: #000000;\"><i style=\"font-weight: bold;\">Donnerstag den 04.06. bis Sonntag, den 07.06.2026<\/i><\/span><\/p>\n<div class=\"entry-content\">\n<h2><i><a href=\"https:\/\/www.julius-pfalz.de\/wp-content\/uploads\/2020\/11\/fisch-suppe.gif\"><img decoding=\"async\" loading=\"lazy\" class=\"alignright wp-image-7099\" src=\"https:\/\/www.julius-pfalz.de\/wp-content\/uploads\/2020\/11\/fisch-suppe-300x234.gif\" alt=\"\" width=\"250\" height=\"195\" srcset=\"https:\/\/www.julius-pfalz.de\/wp-content\/uploads\/2020\/11\/fisch-suppe-300x234.gif 300w, https:\/\/www.julius-pfalz.de\/wp-content\/uploads\/2020\/11\/fisch-suppe-768x599.gif 768w, https:\/\/www.julius-pfalz.de\/wp-content\/uploads\/2020\/11\/fisch-suppe-385x300.gif 385w\" sizes=\"(max-width: 250px) 100vw, 250px\" \/><\/a><\/i><\/h2>\n<ul>\n<li><i>Donnerstag, 04.06.:<\/i><i> <em>Begr\u00fc\u00dfung mit einem Glas Wein;<\/em><\/i><\/li>\n<li><i><\/i><i><em>Freitag, 05.06., um 11h Weinprobe Wei\u00dfburgunder, seine Unterschiede im Vergleich (Jahrgang, Lage, Kellerwirtschaft, Reife); je nach Wetter vielleicht im sonnigen Hof;<\/em><\/i><\/li>\n<li><i><em>Samstag, 06.06., ab 19h: kleines, feines Abendmen\u00fc, 3 1\/2 G\u00e4nge mit<br \/>\nunseren eigenen Weinen;<\/em><\/i><\/li>\n<li><em>Sonntag, 07.06.<\/em><em>\u00a0Verabschiedung\/Abreise.<\/em><\/li>\n<\/ul>\n<p><strong>Arrangement: 3 N\u00e4chte im Doppelzimmer-Appartement incl. Gourmet-Fr\u00fchst\u00fcck, Programm incl. Wein-Men\u00fc; <\/strong><b><strong>Preis:\u00a0 440 <\/strong><\/b><b><strong>\u20ac\u00a0 je Person (im Doppelzimmer)<\/strong><\/b><\/p>\n<\/div>\n<p><span style=\"color: #993300;\"><em><a href=\"https:\/\/www.julius-pfalz.de\/?page_id=4451\">ZUR\u00dcCK zur \u00dcbersicht Arrangements<\/a><\/em><\/span><\/p>\n","protected":false},"excerpt":{"rendered":"<p>Donnerstag den 04.06. bis Sonntag, den 07.06.2026 Donnerstag, 04.06.: Begr\u00fc\u00dfung mit einem Glas Wein; Freitag, 05.06., um 11h Weinprobe Wei\u00dfburgunder, seine Unterschiede im Vergleich (Jahrgang, Lage, Kellerwirtschaft, Reife); je nach Wetter vielleicht im sonnigen Hof; Samstag, 06.06., ab 19h: kleines, &hellip; <a href=\"https:\/\/www.julius-pfalz.de\/?page_id=1979\">Weiterlesen <span class=\"meta-nav\">&rarr;<\/span><\/a><\/p>\n","protected":false},"author":1,"featured_media":0,"parent":0,"menu_order":0,"comment_status":"closed","ping_status":"closed","template":"","meta":[],"_links":{"self":[{"href":"https:\/\/www.julius-pfalz.de\/index.php?rest_route=\/wp\/v2\/pages\/1979"}],"collection":[{"href":"https:\/\/www.julius-pfalz.de\/index.php?rest_route=\/wp\/v2\/pages"}],"about":[{"href":"https:\/\/www.julius-pfalz.de\/index.php?rest_route=\/wp\/v2\/types\/page"}],"author":[{"embeddable":true,"href":"https:\/\/www.julius-pfalz.de\/index.php?rest_route=\/wp\/v2\/users\/1"}],"replies":[{"embeddable":true,"href":"https:\/\/www.julius-pfalz.de\/index.php?rest_route=%2Fwp%2Fv2%2Fcomments&post=1979"}],"version-history":[{"count":57,"href":"https:\/\/www.julius-pfalz.de\/index.php?rest_route=\/wp\/v2\/pages\/1979\/revisions"}],"predecessor-version":[{"id":9718,"href":"https:\/\/www.julius-pfalz.de\/index.php?rest_route=\/wp\/v2\/pages\/1979\/revisions\/9718"}],"wp:attachment":[{"href":"https:\/\/www.julius-pfalz.de\/index.php?rest_route=%2Fwp%2Fv2%2Fmedia&parent=1979"}],"curies":[{"name":"wp","href":"https:\/\/api.w.org\/{rel}","templated":true}]}}