{"id":1977,"date":"2016-11-07T13:29:10","date_gmt":"2016-11-07T11:29:10","guid":{"rendered":"http:\/\/blog.julius-pfalz.de\/?page_id=1977"},"modified":"2026-03-31T15:36:54","modified_gmt":"2026-03-31T13:36:54","slug":"ostern-2014","status":"publish","type":"page","link":"https:\/\/www.julius-pfalz.de\/?page_id=1977","title":{"rendered":"Arrangement Ostern 2026"},"content":{"rendered":"<h2><strong>Karfreitag bis Ostermontag, 03. \u2013 06. April 2026<a href=\"https:\/\/www.julius-pfalz.de\/wp-content\/uploads\/2013\/03\/Oster-Angebot-im-Laden.jpg\"><img decoding=\"async\" loading=\"lazy\" class=\"alignright wp-image-944\" src=\"https:\/\/www.julius-pfalz.de\/wp-content\/uploads\/2013\/03\/Oster-Angebot-im-Laden-300x200.jpg\" alt=\"Oster-Angebot im Laden\" width=\"200\" height=\"133\" srcset=\"https:\/\/www.julius-pfalz.de\/wp-content\/uploads\/2013\/03\/Oster-Angebot-im-Laden-300x200.jpg 300w, https:\/\/www.julius-pfalz.de\/wp-content\/uploads\/2013\/03\/Oster-Angebot-im-Laden-449x300.jpg 449w, https:\/\/www.julius-pfalz.de\/wp-content\/uploads\/2013\/03\/Oster-Angebot-im-Laden.jpg 850w\" sizes=\"(max-width: 200px) 100vw, 200px\" \/><\/a><\/strong><\/h2>\n<ul>\n<li><em>Karfreitag, 03.04., 19h: 3-G\u00e4nge Fisch-Men\u00fc (Speisen, begleitende Weine, Wasser, Espresso)<\/em><\/li>\n<li><em>Samstag, 04.04.: zun\u00e4chst zur freien Verf\u00fcgung, Empfehlungen: Besuch des Landauer Wochenmarktes, Spaziergang zur Villa Ludwigsh\u00f6he, (wahrscheinlich unter bl\u00fchenden Mandeln),<br \/>\n<\/em><em>ab 17 h: Kochkurs &#8222;Ostermen\u00fc&#8220; (4-G\u00e4nge-Men\u00fc mit Rezepten, Wasser und Weinbegleitung, 40 cl)<\/em><\/li>\n<li><em>Ostersonntag, 05.04., zum Fr\u00fchst\u00fcck: eine Oster\u00fcberraschung<br \/>\nund ab 11.00 h &#8222;Ostern im Kr\u00e4uter- und Naschgarten<a href=\"https:\/\/www.julius-pfalz.de\/wp-content\/uploads\/2016\/01\/oster-schaaf.jpg\"><img decoding=\"async\" loading=\"lazy\" class=\"alignright wp-image-3880\" src=\"https:\/\/www.julius-pfalz.de\/wp-content\/uploads\/2016\/01\/oster-schaaf-300x194.jpg\" alt=\"oster schaaf\" width=\"200\" height=\"129\" srcset=\"https:\/\/www.julius-pfalz.de\/wp-content\/uploads\/2016\/01\/oster-schaaf-300x194.jpg 300w, https:\/\/www.julius-pfalz.de\/wp-content\/uploads\/2016\/01\/oster-schaaf-464x300.jpg 464w, https:\/\/www.julius-pfalz.de\/wp-content\/uploads\/2016\/01\/oster-schaaf.jpg 950w\" sizes=\"(max-width: 200px) 100vw, 200px\" \/><\/a>&#8220; mit Sekt<\/em><\/li>\n<li><em>Ostermontag, 06.04.: Verabschiedung\/Abreise.<\/em>\n<p style=\"text-align: left;\" align=\"left\"><strong>Arrangement: 3 N\u00e4chte im Doppelzimmer-Appartement incl. Gourmet-Fr\u00fchst\u00fcck, Programm insbesondere Karfreitagsmen\u00fc, Kochkurs; <\/strong><b><strong>Preis:\u00a0 590 \u20ac\u00a0 (je Person im Doppelzimmer)<\/strong><\/b><\/p>\n<p>Hinweis: es besteht die M\u00f6glichkeit, dass man nur am Men\u00fc, anstelle am gesamten Kochkurs teilzunehmen (Preisreduktion: \u20ac 45).<\/p>\n<p><b><\/b><strong>Option:<\/strong> Verl\u00e4ngerung um eine Nacht m\u00f6glich (Anreise: Gr\u00fcndonnerstag und\/oder Osterdienstag).<\/li>\n<\/ul>\n<hr \/>\n<p><strong>Karfreitag,03. April 2026: Fisch-Men\u00fc<\/strong><\/p>\n<ul>\n<li>AG: Radieschen | Gorgonzola-Creme<\/li>\n<li>ger\u00e4ucherte Forelle | Linsensalat | Birne |<\/li>\n<li>gegrillte Lachsschnitte | geschmortes Sauerkraut &amp; Apfel | Kartoffelp\u00fcree | K\u00fcmmel-Wacholder-Schaum<\/li>\n<li>Panna Cotta mit Holunderbl\u00fcte | Erdbeeren &amp; karamellisierter Rhabarber<\/li>\n<\/ul>\n<p><strong>Men\u00fc Kochkurs, Samstag, 04. April 2025, OSTERN\u00a0 mit Pf\u00e4lzer Mandelbl\u00fcte<br \/>\n<\/strong><em><a href=\"https:\/\/www.julius-pfalz.de\/wp-content\/uploads\/2015\/06\/A-4-tiramisu.png\" data-slb-active=\"1\" data-slb-asset=\"447811624\" data-slb-internal=\"0\" data-slb-group=\"3429\"><img decoding=\"async\" loading=\"lazy\" class=\"alignright wp-image-5406\" src=\"https:\/\/www.julius-pfalz.de\/wp-content\/uploads\/2015\/06\/A-4-tiramisu-202x300.png\" sizes=\"(max-width: 150px) 100vw, 150px\" srcset=\"https:\/\/www.julius-pfalz.de\/wp-content\/uploads\/2015\/06\/A-4-tiramisu-202x300.png 202w, https:\/\/www.julius-pfalz.de\/wp-content\/uploads\/2015\/06\/A-4-tiramisu.png 483w\" alt=\"\" width=\"150\" height=\"223\" \/><\/a><\/em><\/p>\n<ul>\n<li>Terrine von Lachs und Forelle | Fr\u00fchlingssalate mit Radieschen | rote Senf-Dressing<\/li>\n<li>Mandelsuppe | gegarter Knoblauch | Tandoori-Garnele | (ganz frisches) Oliven\u00f6l extra Vergine<\/li>\n<li>geschmorte Lammh\u00fcfte | Kruste mit Dukkah (\u00e4gyptische Gew\u00fcrz\/Nuss-Mischung) | Safran-Reis mit Mandelstiften | Sauce mit Trockenfr\u00fcchten &amp; Ras-el-Hanout<\/li>\n<li>Tiramisu im Glas | Amaretti | Erdbeeren | dunkle Schokolade<\/li>\n<\/ul>\n<p><a title=\"Arrangements\" href=\"https:\/\/www.julius-pfalz.de\/?page_id=4451\"><span style=\"color: #800000;\"><strong>ZUR\u00dcCK<\/strong> zur \u00dcbersicht: Arrangements<\/span><\/a><br \/>\n<b><\/b><\/p>\n","protected":false},"excerpt":{"rendered":"<p>Karfreitag bis Ostermontag, 03. \u2013 06. April 2026 Karfreitag, 03.04., 19h: 3-G\u00e4nge Fisch-Men\u00fc (Speisen, begleitende Weine, Wasser, Espresso) Samstag, 04.04.: zun\u00e4chst zur freien Verf\u00fcgung, Empfehlungen: Besuch des Landauer Wochenmarktes, Spaziergang zur Villa Ludwigsh\u00f6he, (wahrscheinlich unter bl\u00fchenden Mandeln), ab 17 h: &hellip; <a href=\"https:\/\/www.julius-pfalz.de\/?page_id=1977\">Weiterlesen <span class=\"meta-nav\">&rarr;<\/span><\/a><\/p>\n","protected":false},"author":1,"featured_media":0,"parent":0,"menu_order":0,"comment_status":"closed","ping_status":"closed","template":"","meta":[],"_links":{"self":[{"href":"https:\/\/www.julius-pfalz.de\/index.php?rest_route=\/wp\/v2\/pages\/1977"}],"collection":[{"href":"https:\/\/www.julius-pfalz.de\/index.php?rest_route=\/wp\/v2\/pages"}],"about":[{"href":"https:\/\/www.julius-pfalz.de\/index.php?rest_route=\/wp\/v2\/types\/page"}],"author":[{"embeddable":true,"href":"https:\/\/www.julius-pfalz.de\/index.php?rest_route=\/wp\/v2\/users\/1"}],"replies":[{"embeddable":true,"href":"https:\/\/www.julius-pfalz.de\/index.php?rest_route=%2Fwp%2Fv2%2Fcomments&post=1977"}],"version-history":[{"count":57,"href":"https:\/\/www.julius-pfalz.de\/index.php?rest_route=\/wp\/v2\/pages\/1977\/revisions"}],"predecessor-version":[{"id":9640,"href":"https:\/\/www.julius-pfalz.de\/index.php?rest_route=\/wp\/v2\/pages\/1977\/revisions\/9640"}],"wp:attachment":[{"href":"https:\/\/www.julius-pfalz.de\/index.php?rest_route=%2Fwp%2Fv2%2Fmedia&parent=1977"}],"curies":[{"name":"wp","href":"https:\/\/api.w.org\/{rel}","templated":true}]}}