{"id":1689,"date":"2013-11-09T14:52:04","date_gmt":"2013-11-09T12:52:04","guid":{"rendered":"http:\/\/blog.julius-pfalz.de\/?page_id=1689"},"modified":"2021-05-06T09:35:47","modified_gmt":"2021-05-06T07:35:47","slug":"freunde-links","status":"publish","type":"page","link":"https:\/\/www.julius-pfalz.de\/?page_id=1689","title":{"rendered":"Freunde &#038; Links"},"content":{"rendered":"<h2>Wir sind freundschaftlich verbunden und empfehlen:<\/h2>\n<h2><strong><span style=\"font-family: Helvetica,Arial,sans-serif;\"><span style=\"font-family: Helvetica,Arial,sans-serif;\"><span style=\"color: gray; font-family: Zurich BT; font-size: x-large;\"><span style=\"color: #000000;\">unsere ARCHITEKTEN:<\/span><\/span><\/span><\/span><\/strong><\/h2>\n<ul>\n<li>Tina und Tim Allmeier <span style=\"color: #993300;\">\u00a0<a style=\"color: #993300;\" href=\"http:\/\/tntarchitektur.de\"><span style=\"font-family: Helvetica, Arial, sans-serif;\"><span style=\"font-family: Helvetica, Arial, sans-serif;\"><b><i><span style=\"font-family: Zurich\\ BT; font-size: x-large;\">tnt<\/span><\/i><\/b><span style=\"font-size: small;\">architektur<\/span><\/span><\/span><\/a><\/span><\/li>\n<li><a href=\"http:\/\/www.guenter-mader.com\">Dipl. Ing. G\u00fcnter Mader, Freier Architekt und Gartenplaner<\/a><\/li>\n<\/ul>\n<p><strong><span style=\"color: #000000;\">WEIN<br \/>\n<\/span><\/strong><\/p>\n<ul>\n<li>Weinhandel\/Weinimport:<a href=\"http:\/\/julius-meimberg.de\"> Julius Meimberg-Herne<\/a><\/li>\n<li>Hainfelder Weing\u00fcter:\u00a0<a href=\"http:\/\/borell-diehl.de\">Borell-Diehl<\/a>,\u00a0<a href=\"http:\/\/weingut-gerhard-klein.de\">Gerhard Klein<\/a>,\u00a0<a href=\"http:\/\/weingut-scherr.de\">Karl-Ludwig Scherr<\/a><a href=\"http:\/\/wein-glaser.de\">,<\/a> <a href=\"http:\/\/weingut-hundemer.de\">Ralf Hundemer<\/a><\/li>\n<li><span style=\"text-decoration: underline;\">andere Weing\u00fcter der S\u00fcdpfalz:<\/span><\/li>\n<li>Bissersheim: <a href=\"http:\/\/www.wageck-pfaffmann.de\">Wageck<\/a><\/li>\n<li>Weyher:\u00a0<a href=\"http:\/valentin-ziegler-sohn.de\"> Georg Meier<\/a>, <a href=\"http:\/\/weingut-moewes.de\">Michael M\u00f6wes<\/a><\/li>\n<li>Rhodt unter der Riedburg: <a href=\"http:\/\/www.weingut-meyer.com\">Marius Meyer<\/a><\/li>\n<li>Flemlingen: <a href=\"http:\/\/weingut-minges.com\">Theo Minges<\/a><\/li>\n<li>Burrweiler: <a href=\"http:\/\/weingut-messmer.de\">Herbert Me\u00dfmer<\/a><\/li>\n<li>Siebeldingen: <a href=\"http:\/\/oekonomierat-rebholz.com\">\u00d6konomierat Rebholz<\/a>, <a href=\"https:\/\/johanneshof-im-sonnenschein.de\">Johanneshof im Sonnenschein\/Gregor Me\u00dfmer<\/a><\/li>\n<li>Birkweiler:<a href=\"http:\/\/www.weingut-wolf-birkweiler.de\"> Mathias Wolf<\/a><\/li>\n<li>Ilbesheim: <a href=\"http:\/\/www.weingut-ackermann.de\">Frank Ackermann<\/a><\/li>\n<li>Schweigen: <a href=\"http:\/\/weingutgrimm.de\">Andreas Grimm<\/a><\/li>\n<\/ul>\n<h2><span style=\"color: #000000;\"><strong>GASTRONOMIE<\/strong><\/span><\/h2>\n<ul>\n<li>Hainfelder Gastronomie:\u00a0<a href=\"http:\/\/dorfbrunnen-hainfeld.de\">Dorfbrunnen<\/a>,\u00a0<a href=\"http:\/\/zum-logel.de\">Gasthaus zum Logel<\/a>, <a href=\"http:\/\/www.pfaelzer-genuss-fraktion.de\/\">Pf\u00e4lzer Genussfraktion<\/a><\/li>\n<li>S\u00fcdpf\u00e4lzer Gastronomie: <a href=\"http:\/\/hubertushof-Ilbesheim.de\">Hubertushof\/Ilbesheim<\/a>, Weinstube Hahn\/Landau-Arzheim, Weinstube Brand\/Frankweiler, <a href=\"http:\/\/www.ritterhofzurrose.de\/\">Ritter zur Rose\/Burrweiler<\/a>, Burrweiler M\u00fchle\/Burrweiler<\/li>\n<\/ul>\n<h2><span style=\"color: #000000;\"><strong>TOURISMUS<\/strong><\/span><\/h2>\n<div class=\"rs-column -large-col-5-3 -large-last -large-first-row -medium-col-2-1 -medium-last -medium-first-row -small-col-1-1 -small-first -small-last\">\n<div class=\"ce_text information block\">\n<ul>\n<li>Burgen, Schl\u00f6sser, Altert\u00fcmer in Rheinland-Pfalz<a href=\"http:\/\/www.burgen-rlp.de\" target=\"_blank\" rel=\"noopener\"> www.burgen-rlp.de<\/a><\/li>\n<li class=\"preline\">UNESCO-Biosph\u00e4renreservat Pf\u00e4lzerwald-Nordvogesen <a href=\"http:\/\/www.pfaelzerwald.de\" target=\"_blank\" rel=\"noopener\">www.pfaelzerwald.de<\/a><\/li>\n<li class=\"preline\"><span class=\"st\">Wandern und Radfahren in der Pfalz\u00a0<\/span><a href=\"http:\/\/www.wanderportal-pfalz.de\" target=\"_blank\" rel=\"noopener\"> www.wanderportal-pfalz.de<\/a><\/li>\n<li>Wandertouren Pfalz<a href=\"http:\/\/www.wandermenue-pfalz.de\/\" target=\"_blank\" rel=\"noopener\"> www.wandermenue-pfalz.de\/<\/a><\/li>\n<li>Tourismusverband S\u00fcdliche Weinstra\u00dfe : <a href=\"http:\/\/suedlicheweinstrasse.de\/\">www.suedlicheweinstrasse.de<\/a><\/li>\n<\/ul>\n<ul>\n<li>Schlo\u00df Villa Ludwigsh\u00f6he, Edenkoben <a href=\"http:\/\/www.schloss-villa-ludwigshoehe.de\"><cite class=\"_Rm\">www.schloss-villa-ludwigshoehe.de<\/cite><\/a><\/li>\n<li>Hambacher Schloss, Weltkulturerbe\u00a0 <a href=\"https:\/\/hambacherschloss.eu\/\" target=\"_blank\" rel=\"noopener\">www.hambacherschloss.eu<\/a><\/li>\n<li>Dom zu Speyer, Weltkulturerbe <a href=\"http:\/\/www.dom-zu-speyer.de\" target=\"_blank\" rel=\"noopener\">www.dom-zu-speyer.de\u00a0 <\/a><\/li>\n<li>Kloster Maulbronn <a href=\"http:\/\/www.kloster-maulbronn.de\" target=\"_blank\" rel=\"noopener\">www.kloster-maulbronn.de <\/a><\/li>\n<li>Schloss Schwetzingen <a href=\"http:\/\/www.schloss-schwetzingen.de\" target=\"_blank\" rel=\"noopener\">www.schloss-schwetzingen.de<\/a><\/li>\n<\/ul>\n<p><span style=\"color: #000000;\"><strong>Gut EINKAUFEN<\/strong><\/span><\/p>\n<\/div>\n<\/div>\n<ul>\n<li>Floristik auch Floristk-Seminare (bei uns im Haus): <span style=\"color: #800000;\"><strong><a style=\"color: #800000;\" href=\"http:\/\/www.blattgold-landau.de\">www.blattgold-landau.de<\/a><\/strong><\/span><\/li>\n<li>Brot: M\u00fchlenbrot in Siebeldingen, freitags\/samstags <a href=\"http:\/\/kuegler-muehle.de\"><strong>K\u00fcgler M\u00fchle<\/strong><\/a><\/li>\n<li>Hemden und Blusen auf Ma\u00df herstellen, seit Generationen in Herxheim, hinzu kommen Ma\u00dfanz\u00fcge in Kooperation: <strong><a href=\"http:\/\/rieder-massmanufaktur.de\">Rieder Ma\u00dfmanufaktur<\/a><\/strong><\/li>\n<\/ul>\n<hr \/>\n<p><span style=\"color: #000000;\"><strong>JULIUS IN DER PFALZ<\/strong><\/span><br \/>\n<span style=\"color: #000000;\"> WEIN &#8211; HOTEL<br \/>\nAPPART-HOTEL\u00a0 &#8211;\u00a0 KOCHWERKSTATT\u00a0 &#8211;\u00a0 VINOTHEk<\/span><br \/>\n<span style=\"color: #000000;\">Ulrike und Hartmut Julius Meimberg<\/span><br \/>\n<span style=\"color: #000000;\"> WEYHERER STRASSE 6\u00a0 &#8211; 76835 HAINFELD<\/span><br \/>\n<span style=\"color: #000000;\"> TELEFON: 06323. 913 87 55<\/span><br \/>\n<span style=\"color: #000000;\"> MAIL:\u00a0<a style=\"color: #000000;\" href=\"mailto:freunde@julius-pfalz.de\">FREUNDE@JULIUS-PFALZ.DE<\/a><\/span><\/p>\n","protected":false},"excerpt":{"rendered":"<p>Wir sind freundschaftlich verbunden und empfehlen: unsere ARCHITEKTEN: Tina und Tim Allmeier \u00a0tntarchitektur Dipl. Ing. G\u00fcnter Mader, Freier Architekt und Gartenplaner WEIN Weinhandel\/Weinimport: Julius Meimberg-Herne Hainfelder Weing\u00fcter:\u00a0Borell-Diehl,\u00a0Gerhard Klein,\u00a0Karl-Ludwig Scherr, Ralf Hundemer andere Weing\u00fcter der S\u00fcdpfalz: Bissersheim: Wageck Weyher:\u00a0 Georg Meier, &hellip; <a href=\"https:\/\/www.julius-pfalz.de\/?page_id=1689\">Weiterlesen <span class=\"meta-nav\">&rarr;<\/span><\/a><\/p>\n","protected":false},"author":5,"featured_media":0,"parent":81,"menu_order":0,"comment_status":"closed","ping_status":"closed","template":"","meta":[],"_links":{"self":[{"href":"https:\/\/www.julius-pfalz.de\/index.php?rest_route=\/wp\/v2\/pages\/1689"}],"collection":[{"href":"https:\/\/www.julius-pfalz.de\/index.php?rest_route=\/wp\/v2\/pages"}],"about":[{"href":"https:\/\/www.julius-pfalz.de\/index.php?rest_route=\/wp\/v2\/types\/page"}],"author":[{"embeddable":true,"href":"https:\/\/www.julius-pfalz.de\/index.php?rest_route=\/wp\/v2\/users\/5"}],"replies":[{"embeddable":true,"href":"https:\/\/www.julius-pfalz.de\/index.php?rest_route=%2Fwp%2Fv2%2Fcomments&post=1689"}],"version-history":[{"count":52,"href":"https:\/\/www.julius-pfalz.de\/index.php?rest_route=\/wp\/v2\/pages\/1689\/revisions"}],"predecessor-version":[{"id":7417,"href":"https:\/\/www.julius-pfalz.de\/index.php?rest_route=\/wp\/v2\/pages\/1689\/revisions\/7417"}],"up":[{"embeddable":true,"href":"https:\/\/www.julius-pfalz.de\/index.php?rest_route=\/wp\/v2\/pages\/81"}],"wp:attachment":[{"href":"https:\/\/www.julius-pfalz.de\/index.php?rest_route=%2Fwp%2Fv2%2Fmedia&parent=1689"}],"curies":[{"name":"wp","href":"https:\/\/api.w.org\/{rel}","templated":true}]}}