{"id":1651,"date":"2013-11-09T14:40:15","date_gmt":"2013-11-09T12:40:15","guid":{"rendered":"http:\/\/blog.julius-pfalz.de\/?page_id=1651"},"modified":"2021-04-28T08:43:53","modified_gmt":"2021-04-28T06:43:53","slug":"unsere-gaerten","status":"publish","type":"page","link":"https:\/\/www.julius-pfalz.de\/?page_id=1651","title":{"rendered":"Unsere G\u00e4rten"},"content":{"rendered":"<h1><strong><span style=\"color: #008000;\">Kr\u00e4uter- und Naschgarten<a href=\"https:\/\/julius-pfalz.de\/wp-content\/uploads\/2013\/01\/Garten-im-Juni.jpg\"><span style=\"color: #008000;\"><img decoding=\"async\" loading=\"lazy\" class=\"alignright wp-image-1177\" src=\"https:\/\/julius-pfalz.de\/wp-content\/uploads\/2013\/01\/Garten-im-Juni-300x191.jpg\" alt=\"Garten im Juni\" width=\"243\" height=\"155\" srcset=\"https:\/\/www.julius-pfalz.de\/wp-content\/uploads\/2013\/01\/Garten-im-Juni-300x191.jpg 300w, https:\/\/www.julius-pfalz.de\/wp-content\/uploads\/2013\/01\/Garten-im-Juni-470x300.jpg 470w, https:\/\/www.julius-pfalz.de\/wp-content\/uploads\/2013\/01\/Garten-im-Juni.jpg 850w\" sizes=\"(max-width: 243px) 100vw, 243px\" \/><\/span><\/a><\/span><\/strong><\/h1>\n<p>Unserem eigentlichen Anwesen gegen\u00fcber, auf der anderen Stra\u00dfenseite, liegt ein 900 m<sup>2<\/sup> gro\u00dfes Grundst\u00fcck. Zun\u00e4chst finden Sie hier unsere (f\u00fcr unsere G\u00e4ste) kostenlosen Parkpl\u00e4tze (feiner Kies aus Kalkstein, mit Einfassungen aus Buntsandstein).<\/p>\n<p>Dahinter befindet sich unser eigentlicher Garten, umfriedet von einer hohen Hain-Buchenhecke. Durch ein schmuckes, schmiedeeisernes T\u00f6rchen betritt man den aufw\u00e4ndig gestalteten <strong>Kr\u00e4uter- und Naschgarten<\/strong>. Der Garten ist nach S\u00fcden gerichtet und verf\u00fcgt \u00fcber 12 Hochbeete aus Cortenstahl. Sie sind bepflanzt mit Stauden, mehr als 1000 Blumenzwiebeln, verschiedensten Kr\u00e4utern, Erdbeeren und ein wenig Gem\u00fcse.<br \/>\nHinter den Hochbeeten pflanzten wir einen Apfelbaum. Unsere G\u00e4ste sind hier eingeladen zum ungest\u00f6rten Plaudern, Lesen und Genie\u00dfen.<\/p>\n<p>\u00dcbrigens: Seit 2014 sind wir bei den &#8222;<strong>Offene G\u00e4rten Elsass und Pfalz<\/strong>&#8220; dabei.<\/p>\n<p><span style=\"color: #008000;\"><strong>Impressionen aus unserem Kr\u00e4uter- und Naschgarten:<\/strong><\/span><\/p>\n\n\t\t<style type=\"text\/css\">\n\t\t\t#gallery-1 {\n\t\t\t\tmargin: auto;\n\t\t\t}\n\t\t\t#gallery-1 .gallery-item {\n\t\t\t\tfloat: left;\n\t\t\t\tmargin-top: 10px;\n\t\t\t\ttext-align: center;\n\t\t\t\twidth: 33%;\n\t\t\t}\n\t\t\t#gallery-1 img {\n\t\t\t\tborder: 2px solid #cfcfcf;\n\t\t\t}\n\t\t\t#gallery-1 .gallery-caption {\n\t\t\t\tmargin-left: 0;\n\t\t\t}\n\t\t\t\/* see gallery_shortcode() in wp-includes\/media.php *\/\n\t\t<\/style>\n\t\t<div id='gallery-1' class='gallery galleryid-1651 gallery-columns-3 gallery-size-thumbnail'><dl class='gallery-item'>\n\t\t\t<dt class='gallery-icon landscape'>\n\t\t\t\t<a href='https:\/\/www.julius-pfalz.de\/?attachment_id=1229'><img width=\"150\" height=\"150\" src=\"https:\/\/www.julius-pfalz.de\/wp-content\/uploads\/2013\/08\/gartentor-150x150.jpg\" class=\"attachment-thumbnail size-thumbnail\" alt=\"\" decoding=\"async\" loading=\"lazy\" aria-describedby=\"gallery-1-1229\" \/><\/a>\n\t\t\t<\/dt>\n\t\t\t\t<dd class='wp-caption-text gallery-caption' id='gallery-1-1229'>\n\t\t\t\therein in den Kr\u00e4uter- und Naschgarten\n\t\t\t\t<\/dd><\/dl><dl class='gallery-item'>\n\t\t\t<dt class='gallery-icon landscape'>\n\t\t\t\t<a href='https:\/\/www.julius-pfalz.de\/?attachment_id=1270'><img width=\"150\" height=\"150\" src=\"https:\/\/www.julius-pfalz.de\/wp-content\/uploads\/2012\/11\/Sommerblumen-2-150x150.jpg\" class=\"attachment-thumbnail size-thumbnail\" alt=\"\" decoding=\"async\" loading=\"lazy\" aria-describedby=\"gallery-1-1270\" \/><\/a>\n\t\t\t<\/dt>\n\t\t\t\t<dd class='wp-caption-text gallery-caption' id='gallery-1-1270'>\n\t\t\t\tRingelblumen\n\t\t\t\t<\/dd><\/dl><dl class='gallery-item'>\n\t\t\t<dt class='gallery-icon landscape'>\n\t\t\t\t<a href='https:\/\/www.julius-pfalz.de\/?attachment_id=1269'><img width=\"150\" height=\"150\" src=\"https:\/\/www.julius-pfalz.de\/wp-content\/uploads\/2012\/11\/Sommerblumen-1-150x150.jpg\" class=\"attachment-thumbnail size-thumbnail\" alt=\"\" decoding=\"async\" loading=\"lazy\" aria-describedby=\"gallery-1-1269\" \/><\/a>\n\t\t\t<\/dt>\n\t\t\t\t<dd class='wp-caption-text gallery-caption' id='gallery-1-1269'>\n\t\t\t\tL\u00f6wenm\u00e4ulchen und Katzenminze\n\t\t\t\t<\/dd><\/dl><br style=\"clear: both\" \/><dl class='gallery-item'>\n\t\t\t<dt class='gallery-icon landscape'>\n\t\t\t\t<a href='https:\/\/www.julius-pfalz.de\/?attachment_id=1268'><img width=\"150\" height=\"150\" src=\"https:\/\/www.julius-pfalz.de\/wp-content\/uploads\/2012\/11\/rotes-Baslikum-und-Salat-150x150.jpg\" class=\"attachment-thumbnail size-thumbnail\" alt=\"\" decoding=\"async\" loading=\"lazy\" aria-describedby=\"gallery-1-1268\" \/><\/a>\n\t\t\t<\/dt>\n\t\t\t\t<dd class='wp-caption-text gallery-caption' id='gallery-1-1268'>\n\t\t\t\tRotes Basilikum und Salat\n\t\t\t\t<\/dd><\/dl><dl class='gallery-item'>\n\t\t\t<dt class='gallery-icon portrait'>\n\t\t\t\t<a href='https:\/\/www.julius-pfalz.de\/?attachment_id=1267'><img width=\"150\" height=\"150\" src=\"https:\/\/www.julius-pfalz.de\/wp-content\/uploads\/2012\/11\/Rote-Bete-150x150.jpg\" class=\"attachment-thumbnail size-thumbnail\" alt=\"\" decoding=\"async\" loading=\"lazy\" \/><\/a>\n\t\t\t<\/dt><\/dl><dl class='gallery-item'>\n\t\t\t<dt class='gallery-icon landscape'>\n\t\t\t\t<a href='https:\/\/www.julius-pfalz.de\/?attachment_id=1427'><img width=\"150\" height=\"150\" src=\"https:\/\/www.julius-pfalz.de\/wp-content\/uploads\/2013\/10\/Herbstblumen-850-150x150.jpg\" class=\"attachment-thumbnail size-thumbnail\" alt=\"\" decoding=\"async\" loading=\"lazy\" \/><\/a>\n\t\t\t<\/dt><\/dl><br style=\"clear: both\" \/><dl class='gallery-item'>\n\t\t\t<dt class='gallery-icon landscape'>\n\t\t\t\t<a href='https:\/\/www.julius-pfalz.de\/?attachment_id=1426'><img width=\"150\" height=\"150\" src=\"https:\/\/www.julius-pfalz.de\/wp-content\/uploads\/2013\/10\/Herbstblumen-2-850-150x150.jpg\" class=\"attachment-thumbnail size-thumbnail\" alt=\"\" decoding=\"async\" loading=\"lazy\" \/><\/a>\n\t\t\t<\/dt><\/dl><dl class='gallery-item'>\n\t\t\t<dt class='gallery-icon portrait'>\n\t\t\t\t<a href='https:\/\/www.julius-pfalz.de\/?attachment_id=1425'><img width=\"150\" height=\"150\" src=\"https:\/\/www.julius-pfalz.de\/wp-content\/uploads\/2013\/10\/Herbst-mit-Kohrabi-800-150x150.jpg\" class=\"attachment-thumbnail size-thumbnail\" alt=\"\" decoding=\"async\" loading=\"lazy\" \/><\/a>\n\t\t\t<\/dt><\/dl><dl class='gallery-item'>\n\t\t\t<dt class='gallery-icon landscape'>\n\t\t\t\t<a href='https:\/\/www.julius-pfalz.de\/?attachment_id=1266'><img width=\"150\" height=\"150\" src=\"https:\/\/www.julius-pfalz.de\/wp-content\/uploads\/2012\/11\/Gartentor-im-Sommer-150x150.jpg\" class=\"attachment-thumbnail size-thumbnail\" alt=\"\" decoding=\"async\" loading=\"lazy\" \/><\/a>\n\t\t\t<\/dt><\/dl><br style=\"clear: both\" \/>\n\t\t<\/div>\n\n<p><strong>Unsere Anlage verf\u00fcgt \u00fcber einen zweiten Garten, 2017 grunds\u00e4tzlich umgestaltet:<br \/>\n<\/strong><span style=\"color: #008000;\"><strong>Garten hinter dem Haus<\/strong><\/span><\/p>\n<p><a href=\"https:\/\/julius-pfalz.de\/wp-content\/uploads\/2013\/11\/eingene-Birnen-Anfang-Nov.jpg\"><img decoding=\"async\" loading=\"lazy\" class=\"alignright\" src=\"https:\/\/julius-pfalz.de\/wp-content\/uploads\/2013\/11\/eingene-Birnen-Anfang-Nov-300x200.jpg\" alt=\"alter Birnenbaum hinterm Haus\" width=\"240\" height=\"160\" \/><\/a>Dieser alte Garten liegt hinter dem eigentlichen Anwesen, nach Norden ausgerichtet. Aktuell ist es ein Rasen-grundst\u00fcck mit je einem alten\u00a0 Walnuss- und Birnbaum und einem neu gepflanzten Quittenbaum. Markant ist das Holzregal aus rostendem Cortenstahl. Im Sommer stehen unseren G\u00e4sten Liegen und Garnituren zum Sitzen, Trinken und Speisen zur Verf\u00fcgung. Dieser Garten ist besonders im Hochsommer sehr beliebt, dann wenn es im Hof zu warm wird.<\/p>\n<p>Hier einige Impressionen von der Umgestaltung im September\/Oktober 2017:<\/p>\n\n\t\t<style type=\"text\/css\">\n\t\t\t#gallery-2 {\n\t\t\t\tmargin: auto;\n\t\t\t}\n\t\t\t#gallery-2 .gallery-item {\n\t\t\t\tfloat: left;\n\t\t\t\tmargin-top: 10px;\n\t\t\t\ttext-align: center;\n\t\t\t\twidth: 33%;\n\t\t\t}\n\t\t\t#gallery-2 img {\n\t\t\t\tborder: 2px solid #cfcfcf;\n\t\t\t}\n\t\t\t#gallery-2 .gallery-caption {\n\t\t\t\tmargin-left: 0;\n\t\t\t}\n\t\t\t\/* see gallery_shortcode() in wp-includes\/media.php *\/\n\t\t<\/style>\n\t\t<div id='gallery-2' class='gallery galleryid-1651 gallery-columns-3 gallery-size-thumbnail'><dl class='gallery-item'>\n\t\t\t<dt class='gallery-icon landscape'>\n\t\t\t\t<a href='https:\/\/www.julius-pfalz.de\/?attachment_id=5370'><img width=\"150\" height=\"150\" src=\"https:\/\/www.julius-pfalz.de\/wp-content\/uploads\/2013\/11\/hg-raupe-150x150.png\" class=\"attachment-thumbnail size-thumbnail\" alt=\"\" decoding=\"async\" loading=\"lazy\" \/><\/a>\n\t\t\t<\/dt><\/dl><dl class='gallery-item'>\n\t\t\t<dt class='gallery-icon landscape'>\n\t\t\t\t<a href='https:\/\/www.julius-pfalz.de\/?attachment_id=5368'><img width=\"150\" height=\"150\" src=\"https:\/\/www.julius-pfalz.de\/wp-content\/uploads\/2013\/11\/hg-holzregal-1-150x150.png\" class=\"attachment-thumbnail size-thumbnail\" alt=\"\" decoding=\"async\" loading=\"lazy\" \/><\/a>\n\t\t\t<\/dt><\/dl><dl class='gallery-item'>\n\t\t\t<dt class='gallery-icon landscape'>\n\t\t\t\t<a href='https:\/\/www.julius-pfalz.de\/?attachment_id=5369'><img width=\"150\" height=\"150\" src=\"https:\/\/www.julius-pfalz.de\/wp-content\/uploads\/2013\/11\/hg-holzregal-2-150x150.png\" class=\"attachment-thumbnail size-thumbnail\" alt=\"\" decoding=\"async\" loading=\"lazy\" \/><\/a>\n\t\t\t<\/dt><\/dl><br style=\"clear: both\" \/><dl class='gallery-item'>\n\t\t\t<dt class='gallery-icon landscape'>\n\t\t\t\t<a href='https:\/\/www.julius-pfalz.de\/?attachment_id=5364'><img width=\"150\" height=\"150\" src=\"https:\/\/www.julius-pfalz.de\/wp-content\/uploads\/2013\/11\/hg-bagger-150x150.png\" class=\"attachment-thumbnail size-thumbnail\" alt=\"\" decoding=\"async\" loading=\"lazy\" \/><\/a>\n\t\t\t<\/dt><\/dl><dl class='gallery-item'>\n\t\t\t<dt class='gallery-icon landscape'>\n\t\t\t\t<a href='https:\/\/www.julius-pfalz.de\/?attachment_id=5365'><img width=\"150\" height=\"150\" src=\"https:\/\/www.julius-pfalz.de\/wp-content\/uploads\/2013\/11\/hg-bagger2-150x150.png\" class=\"attachment-thumbnail size-thumbnail\" alt=\"\" decoding=\"async\" loading=\"lazy\" \/><\/a>\n\t\t\t<\/dt><\/dl><dl class='gallery-item'>\n\t\t\t<dt class='gallery-icon landscape'>\n\t\t\t\t<a href='https:\/\/www.julius-pfalz.de\/?attachment_id=5367'><img width=\"150\" height=\"150\" src=\"https:\/\/www.julius-pfalz.de\/wp-content\/uploads\/2013\/11\/hg-haus_hinten-150x150.png\" class=\"attachment-thumbnail size-thumbnail\" alt=\"\" decoding=\"async\" loading=\"lazy\" \/><\/a>\n\t\t\t<\/dt><\/dl><br style=\"clear: both\" \/><dl class='gallery-item'>\n\t\t\t<dt class='gallery-icon landscape'>\n\t\t\t\t<a href='https:\/\/www.julius-pfalz.de\/?attachment_id=5366'><img width=\"150\" height=\"150\" src=\"https:\/\/www.julius-pfalz.de\/wp-content\/uploads\/2013\/11\/hg-buchenhecke-150x150.png\" class=\"attachment-thumbnail size-thumbnail\" alt=\"\" decoding=\"async\" loading=\"lazy\" \/><\/a>\n\t\t\t<\/dt><\/dl>\n\t\t\t<br style='clear: both' \/>\n\t\t<\/div>\n\n<p><a title=\"Wohlf\u00fchlen &amp; Genie\u00dfen\" href=\"https:\/\/julius-pfalz.de\/?page_id=68\">zur\u00fcck<\/a><\/p>\n","protected":false},"excerpt":{"rendered":"<p>Kr\u00e4uter- und Naschgarten Unserem eigentlichen Anwesen gegen\u00fcber, auf der anderen Stra\u00dfenseite, liegt ein 900 m2 gro\u00dfes Grundst\u00fcck. Zun\u00e4chst finden Sie hier unsere (f\u00fcr unsere G\u00e4ste) kostenlosen Parkpl\u00e4tze (feiner Kies aus Kalkstein, mit Einfassungen aus Buntsandstein). Dahinter befindet sich unser eigentlicher &hellip; <a href=\"https:\/\/www.julius-pfalz.de\/?page_id=1651\">Weiterlesen <span class=\"meta-nav\">&rarr;<\/span><\/a><\/p>\n","protected":false},"author":5,"featured_media":0,"parent":0,"menu_order":0,"comment_status":"closed","ping_status":"closed","template":"","meta":[],"_links":{"self":[{"href":"https:\/\/www.julius-pfalz.de\/index.php?rest_route=\/wp\/v2\/pages\/1651"}],"collection":[{"href":"https:\/\/www.julius-pfalz.de\/index.php?rest_route=\/wp\/v2\/pages"}],"about":[{"href":"https:\/\/www.julius-pfalz.de\/index.php?rest_route=\/wp\/v2\/types\/page"}],"author":[{"embeddable":true,"href":"https:\/\/www.julius-pfalz.de\/index.php?rest_route=\/wp\/v2\/users\/5"}],"replies":[{"embeddable":true,"href":"https:\/\/www.julius-pfalz.de\/index.php?rest_route=%2Fwp%2Fv2%2Fcomments&post=1651"}],"version-history":[{"count":28,"href":"https:\/\/www.julius-pfalz.de\/index.php?rest_route=\/wp\/v2\/pages\/1651\/revisions"}],"predecessor-version":[{"id":7377,"href":"https:\/\/www.julius-pfalz.de\/index.php?rest_route=\/wp\/v2\/pages\/1651\/revisions\/7377"}],"wp:attachment":[{"href":"https:\/\/www.julius-pfalz.de\/index.php?rest_route=%2Fwp%2Fv2%2Fmedia&parent=1651"}],"curies":[{"name":"wp","href":"https:\/\/api.w.org\/{rel}","templated":true}]}}