{"id":1649,"date":"2013-11-09T14:39:45","date_gmt":"2013-11-09T12:39:45","guid":{"rendered":"http:\/\/blog.julius-pfalz.de\/?page_id=1649"},"modified":"2019-01-13T12:58:42","modified_gmt":"2019-01-13T10:58:42","slug":"unser-laden","status":"publish","type":"page","link":"https:\/\/www.julius-pfalz.de\/?page_id=1649","title":{"rendered":"Unser kleiner Laden"},"content":{"rendered":"<p><a href=\"https:\/\/julius-pfalz.de\/wp-content\/uploads\/2012\/11\/laden-rechts.jpg\"><img decoding=\"async\" loading=\"lazy\" class=\" wp-image-1276 alignright\" src=\"https:\/\/julius-pfalz.de\/wp-content\/uploads\/2012\/11\/laden-rechts-200x300.jpg\" alt=\"Weinladen links\" width=\"160\" height=\"240\" srcset=\"https:\/\/www.julius-pfalz.de\/wp-content\/uploads\/2012\/11\/laden-rechts-200x300.jpg 200w, https:\/\/www.julius-pfalz.de\/wp-content\/uploads\/2012\/11\/laden-rechts-683x1024.jpg 683w, https:\/\/www.julius-pfalz.de\/wp-content\/uploads\/2012\/11\/laden-rechts.jpg 750w\" sizes=\"(max-width: 160px) 100vw, 160px\" \/><\/a>Im Erdgescho\u00df des ehemaligen Gesindehaus befindet sich unsere Rezeption und ein kleiner Laden.<\/p>\n<p><strong>Unser Laden-Sortiment:<\/strong><\/p>\n<ul>\n<li>Exclusive Selektionen als Gutsabf\u00fcllungen unserer Auswahl unseres Labels &#8222;Julius in der Pfalz&#8220;<\/li>\n<li>Unsere pers\u00f6nliche, leidenschaftliche Auswahl herausragender Weine aus der Pfalz, aus Hainfeld, den umliegenden D\u00f6rfern der S\u00fcdpfalz, aber auch der Nordpfalz &#8211; alle zu Weingutspreisen!<\/li>\n<li>Referenzweine aus Frankreich und S\u00fctirol (Sauvigon, Wei\u00dfburgunder) bei den wei\u00dfen, Bordeaux, Toskana, Piemont bei den roten Weinen. Sie stammen aus dem Import unserer Weinhandlung in Herne.<\/li>\n<li>Meimberg Sekt, Champagner, Sekt von Me\u00dfmer und Wolf<\/li>\n<li>Spirituosen (Grappa; Els\u00e4sser Williams; fa\u00dfgelagerter Korn, Wacholdergeist und Kr\u00e4uter-Halbbitter von Julius Meimberg, Herne)<\/li>\n<li>Feinkost Italien (Nudeln, Saucen, Oliven\u00f6le)<\/li>\n<li>Pf\u00e4lzer Edel-Essige vom Doktorenhof, Venningen<\/li>\n<li>traditioneller Essig aus Modena<\/li>\n<li>Geschenkartikel<\/li>\n<\/ul>\n<p><strong>Impressionen kleiner &#8222;Laden Julius in der Pfalz&#8220;<img decoding=\"async\" title=\"gallery link=&quot;file&quot; ids=&quot;597,598,599,600,601,602,603,604,701,702,703,1274,1275,1276,944&quot;\" src=\"https:\/\/julius-pfalz.de\/wp-includes\/js\/tinymce\/plugins\/wpgallery\/img\/t.gif\" alt=\"\" \/><\/strong><\/p>\n\n\t\t<style type=\"text\/css\">\n\t\t\t#gallery-1 {\n\t\t\t\tmargin: auto;\n\t\t\t}\n\t\t\t#gallery-1 .gallery-item {\n\t\t\t\tfloat: left;\n\t\t\t\tmargin-top: 10px;\n\t\t\t\ttext-align: center;\n\t\t\t\twidth: 33%;\n\t\t\t}\n\t\t\t#gallery-1 img {\n\t\t\t\tborder: 2px solid #cfcfcf;\n\t\t\t}\n\t\t\t#gallery-1 .gallery-caption {\n\t\t\t\tmargin-left: 0;\n\t\t\t}\n\t\t\t\/* see gallery_shortcode() in wp-includes\/media.php *\/\n\t\t<\/style>\n\t\t<div id='gallery-1' class='gallery galleryid-1649 gallery-columns-3 gallery-size-thumbnail'><dl class='gallery-item'>\n\t\t\t<dt class='gallery-icon portrait'>\n\t\t\t\t<a href='https:\/\/www.julius-pfalz.de\/?attachment_id=604'><img width=\"150\" height=\"150\" src=\"https:\/\/www.julius-pfalz.de\/wp-content\/uploads\/2012\/11\/8-Umbau-au\u00dfen-fertig-150x150.jpg\" class=\"attachment-thumbnail size-thumbnail\" alt=\"\" decoding=\"async\" loading=\"lazy\" aria-describedby=\"gallery-1-604\" \/><\/a>\n\t\t\t<\/dt>\n\t\t\t\t<dd class='wp-caption-text gallery-caption' id='gallery-1-604'>\n\t\t\t\tGesindehaus neu &#8211; Stra\u00dfenseiteFassade neu\n\t\t\t\t<\/dd><\/dl><dl class='gallery-item'>\n\t\t\t<dt class='gallery-icon portrait'>\n\t\t\t\t<a href='https:\/\/www.julius-pfalz.de\/?attachment_id=1276'><img width=\"150\" height=\"150\" src=\"https:\/\/www.julius-pfalz.de\/wp-content\/uploads\/2012\/11\/laden-rechts-150x150.jpg\" class=\"attachment-thumbnail size-thumbnail\" alt=\"\" decoding=\"async\" loading=\"lazy\" aria-describedby=\"gallery-1-1276\" \/><\/a>\n\t\t\t<\/dt>\n\t\t\t\t<dd class='wp-caption-text gallery-caption' id='gallery-1-1276'>\n\t\t\t\tWeinladen links\n\t\t\t\t<\/dd><\/dl><dl class='gallery-item'>\n\t\t\t<dt class='gallery-icon landscape'>\n\t\t\t\t<a href='https:\/\/www.julius-pfalz.de\/?attachment_id=1849'><img width=\"150\" height=\"150\" src=\"https:\/\/www.julius-pfalz.de\/wp-content\/uploads\/2012\/11\/Laden-links-und-Rezeption-150x150.jpg\" class=\"attachment-thumbnail size-thumbnail\" alt=\"\" decoding=\"async\" loading=\"lazy\" aria-describedby=\"gallery-1-1849\" \/><\/a>\n\t\t\t<\/dt>\n\t\t\t\t<dd class='wp-caption-text gallery-caption' id='gallery-1-1849'>\n\t\t\t\tunser Laden: links\n\t\t\t\t<\/dd><\/dl><br style=\"clear: both\" \/><dl class='gallery-item'>\n\t\t\t<dt class='gallery-icon portrait'>\n\t\t\t\t<a href='https:\/\/www.julius-pfalz.de\/?attachment_id=700'><img width=\"150\" height=\"150\" src=\"https:\/\/www.julius-pfalz.de\/wp-content\/uploads\/2012\/11\/9-Hainfelder-Weine-150x150.jpg\" class=\"attachment-thumbnail size-thumbnail\" alt=\"\" decoding=\"async\" loading=\"lazy\" aria-describedby=\"gallery-1-700\" \/><\/a>\n\t\t\t<\/dt>\n\t\t\t\t<dd class='wp-caption-text gallery-caption' id='gallery-1-700'>\n\t\t\t\tunser Laden: Weinselektion \n\t\t\t\t<\/dd><\/dl><dl class='gallery-item'>\n\t\t\t<dt class='gallery-icon portrait'>\n\t\t\t\t<a href='https:\/\/www.julius-pfalz.de\/?attachment_id=1274'><img width=\"150\" height=\"150\" src=\"https:\/\/www.julius-pfalz.de\/wp-content\/uploads\/2012\/11\/Hainfeld-Weine-150x150.jpg\" class=\"attachment-thumbnail size-thumbnail\" alt=\"\" decoding=\"async\" loading=\"lazy\" aria-describedby=\"gallery-1-1274\" \/><\/a>\n\t\t\t<\/dt>\n\t\t\t\t<dd class='wp-caption-text gallery-caption' id='gallery-1-1274'>\n\t\t\t\tunsere Selektion Hainfelder Weine zu Weingutspreisen\n\t\t\t\t<\/dd><\/dl><dl class='gallery-item'>\n\t\t\t<dt class='gallery-icon portrait'>\n\t\t\t\t<a href='https:\/\/www.julius-pfalz.de\/?attachment_id=1275'><img width=\"150\" height=\"150\" src=\"https:\/\/www.julius-pfalz.de\/wp-content\/uploads\/2012\/11\/Laden-links-150x150.jpg\" class=\"attachment-thumbnail size-thumbnail\" alt=\"\" decoding=\"async\" loading=\"lazy\" aria-describedby=\"gallery-1-1275\" \/><\/a>\n\t\t\t<\/dt>\n\t\t\t\t<dd class='wp-caption-text gallery-caption' id='gallery-1-1275'>\n\t\t\t\tFeinkost aus Herner Import und vom Doktorenhof\n\t\t\t\t<\/dd><\/dl><br style=\"clear: both\" \/><dl class='gallery-item'>\n\t\t\t<dt class='gallery-icon portrait'>\n\t\t\t\t<a href='https:\/\/www.julius-pfalz.de\/?attachment_id=1120'><img width=\"150\" height=\"150\" src=\"https:\/\/www.julius-pfalz.de\/wp-content\/uploads\/2013\/03\/Oster-Angebot-150x150.jpg\" class=\"attachment-thumbnail size-thumbnail\" alt=\"\" decoding=\"async\" loading=\"lazy\" \/><\/a>\n\t\t\t<\/dt><\/dl><dl class='gallery-item'>\n\t\t\t<dt class='gallery-icon landscape'>\n\t\t\t\t<a href='https:\/\/www.julius-pfalz.de\/?attachment_id=703'><img width=\"150\" height=\"150\" src=\"https:\/\/www.julius-pfalz.de\/wp-content\/uploads\/2012\/11\/12-Er\u00f6ffnung-mit-Hainfelder-Winzer-150x150.jpg\" class=\"attachment-thumbnail size-thumbnail\" alt=\"\" decoding=\"async\" loading=\"lazy\" aria-describedby=\"gallery-1-703\" \/><\/a>\n\t\t\t<\/dt>\n\t\t\t\t<dd class='wp-caption-text gallery-caption' id='gallery-1-703'>\n\t\t\t\tWinzer zum regelm\u00e4\u00dfigen Besuch\n\t\t\t\t<\/dd><\/dl><dl class='gallery-item'>\n\t\t\t<dt class='gallery-icon landscape'>\n\t\t\t\t<a href='https:\/\/www.julius-pfalz.de\/?attachment_id=702'><img width=\"150\" height=\"150\" src=\"https:\/\/www.julius-pfalz.de\/wp-content\/uploads\/2012\/11\/11-Er\u00f6ffnung-150x150.jpg\" class=\"attachment-thumbnail size-thumbnail\" alt=\"\" decoding=\"async\" loading=\"lazy\" aria-describedby=\"gallery-1-702\" \/><\/a>\n\t\t\t<\/dt>\n\t\t\t\t<dd class='wp-caption-text gallery-caption' id='gallery-1-702'>\n\t\t\t\tEr\u00f6ffnung\n\t\t\t\t<\/dd><\/dl><br style=\"clear: both\" \/><dl class='gallery-item'>\n\t\t\t<dt class='gallery-icon portrait'>\n\t\t\t\t<a href='https:\/\/www.julius-pfalz.de\/?attachment_id=701'><img width=\"150\" height=\"150\" src=\"https:\/\/www.julius-pfalz.de\/wp-content\/uploads\/2012\/11\/10-Berkel-zum-Genie\u00dfen-150x150.jpg\" class=\"attachment-thumbnail size-thumbnail\" alt=\"\" decoding=\"async\" loading=\"lazy\" aria-describedby=\"gallery-1-701\" \/><\/a>\n\t\t\t<\/dt>\n\t\t\t\t<dd class='wp-caption-text gallery-caption' id='gallery-1-701'>\n\t\t\t\tBerkel f\u00fcr kleinen Imbiss\n\t\t\t\t<\/dd><\/dl>\n\t\t\t<br style='clear: both' \/>\n\t\t<\/div>\n\n","protected":false},"excerpt":{"rendered":"<p>Im Erdgescho\u00df des ehemaligen Gesindehaus befindet sich unsere Rezeption und ein kleiner Laden. Unser Laden-Sortiment: Exclusive Selektionen als Gutsabf\u00fcllungen unserer Auswahl unseres Labels &#8222;Julius in der Pfalz&#8220; Unsere pers\u00f6nliche, leidenschaftliche Auswahl herausragender Weine aus der Pfalz, aus Hainfeld, den umliegenden &hellip; <a href=\"https:\/\/www.julius-pfalz.de\/?page_id=1649\">Weiterlesen <span class=\"meta-nav\">&rarr;<\/span><\/a><\/p>\n","protected":false},"author":5,"featured_media":0,"parent":0,"menu_order":0,"comment_status":"closed","ping_status":"closed","template":"","meta":[],"_links":{"self":[{"href":"https:\/\/www.julius-pfalz.de\/index.php?rest_route=\/wp\/v2\/pages\/1649"}],"collection":[{"href":"https:\/\/www.julius-pfalz.de\/index.php?rest_route=\/wp\/v2\/pages"}],"about":[{"href":"https:\/\/www.julius-pfalz.de\/index.php?rest_route=\/wp\/v2\/types\/page"}],"author":[{"embeddable":true,"href":"https:\/\/www.julius-pfalz.de\/index.php?rest_route=\/wp\/v2\/users\/5"}],"replies":[{"embeddable":true,"href":"https:\/\/www.julius-pfalz.de\/index.php?rest_route=%2Fwp%2Fv2%2Fcomments&post=1649"}],"version-history":[{"count":13,"href":"https:\/\/www.julius-pfalz.de\/index.php?rest_route=\/wp\/v2\/pages\/1649\/revisions"}],"predecessor-version":[{"id":6038,"href":"https:\/\/www.julius-pfalz.de\/index.php?rest_route=\/wp\/v2\/pages\/1649\/revisions\/6038"}],"wp:attachment":[{"href":"https:\/\/www.julius-pfalz.de\/index.php?rest_route=%2Fwp%2Fv2%2Fmedia&parent=1649"}],"curies":[{"name":"wp","href":"https:\/\/api.w.org\/{rel}","templated":true}]}}