{"id":1639,"date":"2013-11-09T14:30:29","date_gmt":"2013-11-09T12:30:29","guid":{"rendered":"http:\/\/blog.julius-pfalz.de\/?page_id=1639"},"modified":"2021-10-27T20:47:53","modified_gmt":"2021-10-27T18:47:53","slug":"wohnen-schlafen","status":"publish","type":"page","link":"https:\/\/www.julius-pfalz.de\/?page_id=1639","title":{"rendered":"wohnen &#038; schlafen"},"content":{"rendered":"<h2>unsere gro\u00dfz\u00fcgige Anlage verf\u00fcgt \u00fcber<\/h2>\n<ul>\n<li><a href=\"https:\/\/www.julius-pfalz.de\/?page_id=56\"><strong>vier Appartements<\/strong> <\/a>(im ehemaligen Winzerhaus),<\/li>\n<li>ein besonders gro\u00dfes, edles Appartement, genannt<a href=\"https:\/\/www.julius-pfalz.de\/?page_id=5294\"><strong> &#8222;Studio&#8220;<\/strong><\/a> mit zwei Schlafzimmern und einem Bad<\/li>\n<li>und drei <a href=\"https:\/\/www.julius-pfalz.de\/?page_id=5277\"><strong>Hotelzimmer<\/strong><\/a>.<\/li>\n<\/ul>\n<p>&nbsp;<\/p>\n<p>&nbsp;<\/p>\n<p>&nbsp;<\/p>\n<p>&nbsp;<\/p>\n<p>&nbsp;<\/p>\n<p>&nbsp;<\/p>\n<p>&nbsp;<\/p>\n","protected":false},"excerpt":{"rendered":"<p>unsere gro\u00dfz\u00fcgige Anlage verf\u00fcgt \u00fcber vier Appartements (im ehemaligen Winzerhaus), ein besonders gro\u00dfes, edles Appartement, genannt &#8222;Studio&#8220; mit zwei Schlafzimmern und einem Bad und drei Hotelzimmer. &nbsp; &nbsp; &nbsp; &nbsp; &nbsp; &nbsp; &nbsp;<\/p>\n","protected":false},"author":5,"featured_media":0,"parent":0,"menu_order":0,"comment_status":"closed","ping_status":"closed","template":"","meta":[],"_links":{"self":[{"href":"https:\/\/www.julius-pfalz.de\/index.php?rest_route=\/wp\/v2\/pages\/1639"}],"collection":[{"href":"https:\/\/www.julius-pfalz.de\/index.php?rest_route=\/wp\/v2\/pages"}],"about":[{"href":"https:\/\/www.julius-pfalz.de\/index.php?rest_route=\/wp\/v2\/types\/page"}],"author":[{"embeddable":true,"href":"https:\/\/www.julius-pfalz.de\/index.php?rest_route=\/wp\/v2\/users\/5"}],"replies":[{"embeddable":true,"href":"https:\/\/www.julius-pfalz.de\/index.php?rest_route=%2Fwp%2Fv2%2Fcomments&post=1639"}],"version-history":[{"count":8,"href":"https:\/\/www.julius-pfalz.de\/index.php?rest_route=\/wp\/v2\/pages\/1639\/revisions"}],"predecessor-version":[{"id":7625,"href":"https:\/\/www.julius-pfalz.de\/index.php?rest_route=\/wp\/v2\/pages\/1639\/revisions\/7625"}],"wp:attachment":[{"href":"https:\/\/www.julius-pfalz.de\/index.php?rest_route=%2Fwp%2Fv2%2Fmedia&parent=1639"}],"curies":[{"name":"wp","href":"https:\/\/api.w.org\/{rel}","templated":true}]}}