{"id":1631,"date":"2013-11-09T14:27:16","date_gmt":"2013-11-09T12:27:16","guid":{"rendered":"http:\/\/blog.julius-pfalz.de\/?page_id=1631"},"modified":"2019-01-13T19:54:48","modified_gmt":"2019-01-13T17:54:48","slug":"impressionen","status":"publish","type":"page","link":"https:\/\/www.julius-pfalz.de\/?page_id=1631","title":{"rendered":"Impressionen (Jahreszeiten)"},"content":{"rendered":"<p><!-- Herbst 2013 --><\/p>\n<p><a href=\"https:\/\/julius-pfalz.de\/wp-content\/uploads\/2013\/10\/IMG_2435-600.jpg\"><img decoding=\"async\" loading=\"lazy\" class=\"size-medium wp-image-1535 alignright\" src=\"https:\/\/julius-pfalz.de\/wp-content\/uploads\/2013\/10\/IMG_2435-600-181x300.jpg\" alt=\"Dynamik Wetter\" width=\"181\" height=\"300\" srcset=\"https:\/\/www.julius-pfalz.de\/wp-content\/uploads\/2013\/10\/IMG_2435-600-181x300.jpg 181w, https:\/\/www.julius-pfalz.de\/wp-content\/uploads\/2013\/10\/IMG_2435-600.jpg 600w\" sizes=\"(max-width: 181px) 100vw, 181px\" \/><\/a><\/p>\n<p>Die Pfalz ist die w\u00e4rmste Region Deutschlands. Im milden Klima, in wunderbarer h\u00fcgeliger Landschaft, umrahmt von Rebanlagen, bei offenen, freundlichen Menschen l\u00e4\u00dft es sich zu jeder Jahreszeit gut leben &#8230; zumal bei uns, bei <strong>Julius in der Pfalz<\/strong>.<\/p>\n<p><a title=\"Impressionen Fr\u00fchjahr 2014\" href=\"https:\/\/julius-pfalz.de\/?page_id=2441\">Impressionen Fr\u00fchjahr<\/a><br \/>\n<a title=\"Impressionen Sommer 2013\" href=\"https:\/\/julius-pfalz.de\/?page_id=1225\">Impressionen Sommer<\/a><br \/>\n<a title=\"Impressionen Herbst 2013\" href=\"https:\/\/julius-pfalz.de\/?page_id=1412\">Impressionen Herbst<\/a><br \/>\n<a title=\"Impressionen Winter 2012\/2013\" href=\"https:\/\/julius-pfalz.de\/?page_id=924\">Impressionen Winter<\/a><\/p>\n","protected":false},"excerpt":{"rendered":"<p>Die Pfalz ist die w\u00e4rmste Region Deutschlands. Im milden Klima, in wunderbarer h\u00fcgeliger Landschaft, umrahmt von Rebanlagen, bei offenen, freundlichen Menschen l\u00e4\u00dft es sich zu jeder Jahreszeit gut leben &#8230; zumal bei uns, bei Julius in der Pfalz. Impressionen Fr\u00fchjahr &hellip; <a href=\"https:\/\/www.julius-pfalz.de\/?page_id=1631\">Weiterlesen <span class=\"meta-nav\">&rarr;<\/span><\/a><\/p>\n","protected":false},"author":5,"featured_media":0,"parent":0,"menu_order":0,"comment_status":"closed","ping_status":"closed","template":"","meta":[],"_links":{"self":[{"href":"https:\/\/www.julius-pfalz.de\/index.php?rest_route=\/wp\/v2\/pages\/1631"}],"collection":[{"href":"https:\/\/www.julius-pfalz.de\/index.php?rest_route=\/wp\/v2\/pages"}],"about":[{"href":"https:\/\/www.julius-pfalz.de\/index.php?rest_route=\/wp\/v2\/types\/page"}],"author":[{"embeddable":true,"href":"https:\/\/www.julius-pfalz.de\/index.php?rest_route=\/wp\/v2\/users\/5"}],"replies":[{"embeddable":true,"href":"https:\/\/www.julius-pfalz.de\/index.php?rest_route=%2Fwp%2Fv2%2Fcomments&post=1631"}],"version-history":[{"count":22,"href":"https:\/\/www.julius-pfalz.de\/index.php?rest_route=\/wp\/v2\/pages\/1631\/revisions"}],"predecessor-version":[{"id":6041,"href":"https:\/\/www.julius-pfalz.de\/index.php?rest_route=\/wp\/v2\/pages\/1631\/revisions\/6041"}],"wp:attachment":[{"href":"https:\/\/www.julius-pfalz.de\/index.php?rest_route=%2Fwp%2Fv2%2Fmedia&parent=1631"}],"curies":[{"name":"wp","href":"https:\/\/api.w.org\/{rel}","templated":true}]}}