{"id":1624,"date":"2013-11-09T14:25:12","date_gmt":"2013-11-09T12:25:12","guid":{"rendered":"http:\/\/blog.julius-pfalz.de\/?page_id=1624"},"modified":"2021-05-23T08:17:02","modified_gmt":"2021-05-23T06:17:02","slug":"ihre-gastgeber","status":"publish","type":"page","link":"https:\/\/www.julius-pfalz.de\/?page_id=1624","title":{"rendered":"Ihre Gastgeber"},"content":{"rendered":"<h1><strong>Wo der Gast zum Freund wird<img decoding=\"async\" loading=\"lazy\" class=\"alignright size-medium wp-image-1857\" src=\"https:\/\/www.julius-pfalz.de\/wp-content\/uploads\/2012\/11\/Winzerhaus-300x216.jpg\" alt=\"Winzerhaus\" width=\"300\" height=\"216\" srcset=\"https:\/\/www.julius-pfalz.de\/wp-content\/uploads\/2012\/11\/Winzerhaus-300x216.jpg 300w, https:\/\/www.julius-pfalz.de\/wp-content\/uploads\/2012\/11\/Winzerhaus-415x300.jpg 415w, https:\/\/www.julius-pfalz.de\/wp-content\/uploads\/2012\/11\/Winzerhaus.jpg 850w\" sizes=\"(max-width: 300px) 100vw, 300px\" \/><\/strong><\/h1>\n<p>Nach langer Suche fanden die Eheleute Ulrike und Hartmut Julius Meimberg 2011 ein sehr altes, gro\u00dfes, ehemaliges Winzeranwesen in Hainfeld. Es hat eine lange Geschichte, \u00fcber dem Torbogen prangt die Jahreszahl 1710. \u00dcbrigens, der Gro\u00dfvater der letzten Eigent\u00fcmerfamilie hie\u00df \u00a0mit Vornamen \u201eJulius\u201c.<\/p>\n<p>Der Name \u201eJulius\u201c hat f\u00fcr uns eine besondere Bedeutung. Mitten im Ruhrgebiet, in Herne f\u00fchrt Hartmut Julius Meimberg seit 1986, in vierter Generation, die Weinhandlung \u201eJulius Meimberg\u201c. Seit \u00fcber f\u00fcnfzehn Jahren ist er an gleicher Stelle auch K\u00fcchenchef des Veranstaltungs- Restaurants \u201eJulius\u201c.<\/p>\n<p><a href=\"https:\/\/www.julius-pfalz.de\/wp-content\/uploads\/2021\/05\/chefs2.jpg\"><img decoding=\"async\" loading=\"lazy\" class=\"alignright size-medium wp-image-7431\" src=\"https:\/\/www.julius-pfalz.de\/wp-content\/uploads\/2021\/05\/chefs2-225x300.jpg\" alt=\"\" width=\"225\" height=\"300\" srcset=\"https:\/\/www.julius-pfalz.de\/wp-content\/uploads\/2021\/05\/chefs2-225x300.jpg 225w, https:\/\/www.julius-pfalz.de\/wp-content\/uploads\/2021\/05\/chefs2.jpg 375w\" sizes=\"(max-width: 225px) 100vw, 225px\" \/><\/a>Nun gibt es Julius in Herne und Julius in der Pfalz. F\u00fcr Hartmut Julius und Ulrike ist die S\u00fcdpfalz inzwischen Lebensmittelpunkt. Hier sind sie leidenschaftliche Gastgeber ihres Hotels mit besonderem Anspruch an das Wohlbefinden ihrer G\u00e4ste. &#8222;Wohnen bei Freunden\u201c ist ihr Motto. Ihre G\u00e4ste werden auf Wunsch verw\u00f6hnt mit anspruchsvollen Veranstaltungen wie Kochkursen, Weinbergwanderungen (\u201eTerroir\u201c), Weinproben, Winzerbesuche . . . \u00a0und nat\u00fcrlich mit den inzwischen sehr begehrten Weinmen\u00fcs, auch mit (Top-) Winzerbeteiligung. \u00dcbrigens: Julius kocht selbstverst\u00e4ndlich selbst.<\/p>\n<p>&nbsp;<\/p>\n<p><span style=\"color: #000000;\"><strong>JULIUS IN DER PFALZ<\/strong><\/span><br \/>\n<strong> WEIN-HOTEL<\/strong><br \/>\n<span style=\"color: #000000;\"> APPART-HOTEL\u00a0 &#8211;\u00a0 KOCHWERKSTATT &#8211; VINOTHEK<\/span><br \/>\n<span style=\"color: #000000;\">Ulrike und Hartmut Julius Meimberg<br \/>\nWEYHERER STRASSE 6\u00a0 &#8211; 76835 HAINFELD<br \/>\nTELEFON: 06323. 913 87 55<\/span><br \/>\n<span style=\"color: #000000;\"> MAIL:\u00a0<a style=\"color: #000000;\" href=\"mailto:freunde@julius-pfalz.de\">FREUNDE@JULIUS-PFALZ.DE<\/a><\/span><\/p>\n","protected":false},"excerpt":{"rendered":"<p>Wo der Gast zum Freund wird Nach langer Suche fanden die Eheleute Ulrike und Hartmut Julius Meimberg 2011 ein sehr altes, gro\u00dfes, ehemaliges Winzeranwesen in Hainfeld. Es hat eine lange Geschichte, \u00fcber dem Torbogen prangt die Jahreszahl 1710. \u00dcbrigens, der &hellip; <a href=\"https:\/\/www.julius-pfalz.de\/?page_id=1624\">Weiterlesen <span class=\"meta-nav\">&rarr;<\/span><\/a><\/p>\n","protected":false},"author":5,"featured_media":0,"parent":0,"menu_order":0,"comment_status":"closed","ping_status":"closed","template":"","meta":[],"_links":{"self":[{"href":"https:\/\/www.julius-pfalz.de\/index.php?rest_route=\/wp\/v2\/pages\/1624"}],"collection":[{"href":"https:\/\/www.julius-pfalz.de\/index.php?rest_route=\/wp\/v2\/pages"}],"about":[{"href":"https:\/\/www.julius-pfalz.de\/index.php?rest_route=\/wp\/v2\/types\/page"}],"author":[{"embeddable":true,"href":"https:\/\/www.julius-pfalz.de\/index.php?rest_route=\/wp\/v2\/users\/5"}],"replies":[{"embeddable":true,"href":"https:\/\/www.julius-pfalz.de\/index.php?rest_route=%2Fwp%2Fv2%2Fcomments&post=1624"}],"version-history":[{"count":29,"href":"https:\/\/www.julius-pfalz.de\/index.php?rest_route=\/wp\/v2\/pages\/1624\/revisions"}],"predecessor-version":[{"id":7466,"href":"https:\/\/www.julius-pfalz.de\/index.php?rest_route=\/wp\/v2\/pages\/1624\/revisions\/7466"}],"wp:attachment":[{"href":"https:\/\/www.julius-pfalz.de\/index.php?rest_route=%2Fwp%2Fv2%2Fmedia&parent=1624"}],"curies":[{"name":"wp","href":"https:\/\/api.w.org\/{rel}","templated":true}]}}