{"id":1225,"date":"2013-08-14T07:47:23","date_gmt":"2013-08-14T05:47:23","guid":{"rendered":"http:\/\/blog.julius-pfalz.de\/?page_id=1225"},"modified":"2015-01-20T13:14:02","modified_gmt":"2015-01-20T11:14:02","slug":"impressionen-sommer-2013","status":"publish","type":"page","link":"https:\/\/www.julius-pfalz.de\/?page_id=1225","title":{"rendered":"Impressionen Sommer"},"content":{"rendered":"<p>Der Sommer zeigt sich in Hainfeld von der guten Seite: viel Sonne, zwischendurch mal Regen und immer, auch bei Hitze, ein angenehmer Wind. Lieblingsaufenthaltsort dann: Draussen, meist unter Sonnenschirm oder Baum.<\/p>\n<p><strong>Am Haus, im Hof:<\/strong><\/p>\n\n\t\t<style type=\"text\/css\">\n\t\t\t#gallery-1 {\n\t\t\t\tmargin: auto;\n\t\t\t}\n\t\t\t#gallery-1 .gallery-item {\n\t\t\t\tfloat: left;\n\t\t\t\tmargin-top: 10px;\n\t\t\t\ttext-align: center;\n\t\t\t\twidth: 25%;\n\t\t\t}\n\t\t\t#gallery-1 img {\n\t\t\t\tborder: 2px solid #cfcfcf;\n\t\t\t}\n\t\t\t#gallery-1 .gallery-caption {\n\t\t\t\tmargin-left: 0;\n\t\t\t}\n\t\t\t\/* see gallery_shortcode() in wp-includes\/media.php *\/\n\t\t<\/style>\n\t\t<div id='gallery-1' class='gallery galleryid-1225 gallery-columns-4 gallery-size-thumbnail'><dl class='gallery-item'>\n\t\t\t<dt class='gallery-icon portrait'>\n\t\t\t\t<a href='https:\/\/www.julius-pfalz.de\/?attachment_id=1384'><img width=\"150\" height=\"150\" src=\"https:\/\/www.julius-pfalz.de\/wp-content\/uploads\/2012\/11\/Fasse-Winzerhaus-neu-Stra\u00dfenansicht--150x150.jpg\" class=\"attachment-thumbnail size-thumbnail\" alt=\"\" decoding=\"async\" loading=\"lazy\" \/><\/a>\n\t\t\t<\/dt><\/dl><dl class='gallery-item'>\n\t\t\t<dt class='gallery-icon portrait'>\n\t\t\t\t<a href='https:\/\/www.julius-pfalz.de\/?attachment_id=1233'><img width=\"150\" height=\"150\" src=\"https:\/\/www.julius-pfalz.de\/wp-content\/uploads\/2013\/08\/neue-rebe-am-haus-150x150.jpg\" class=\"attachment-thumbnail size-thumbnail\" alt=\"\" decoding=\"async\" loading=\"lazy\" \/><\/a>\n\t\t\t<\/dt><\/dl><dl class='gallery-item'>\n\t\t\t<dt class='gallery-icon portrait'>\n\t\t\t\t<a href='https:\/\/www.julius-pfalz.de\/?attachment_id=1383'><img width=\"150\" height=\"150\" src=\"https:\/\/www.julius-pfalz.de\/wp-content\/uploads\/2012\/11\/Eingangstreppe-neu-150x150.jpg\" class=\"attachment-thumbnail size-thumbnail\" alt=\"\" decoding=\"async\" loading=\"lazy\" \/><\/a>\n\t\t\t<\/dt><\/dl><dl class='gallery-item'>\n\t\t\t<dt class='gallery-icon portrait'>\n\t\t\t\t<a href='https:\/\/www.julius-pfalz.de\/?attachment_id=1238'><img width=\"150\" height=\"150\" src=\"https:\/\/www.julius-pfalz.de\/wp-content\/uploads\/2013\/08\/stielrose-150x150.jpg\" class=\"attachment-thumbnail size-thumbnail\" alt=\"\" decoding=\"async\" loading=\"lazy\" \/><\/a>\n\t\t\t<\/dt><\/dl><br style=\"clear: both\" \/><dl class='gallery-item'>\n\t\t\t<dt class='gallery-icon landscape'>\n\t\t\t\t<a href='https:\/\/www.julius-pfalz.de\/?attachment_id=3078'><img width=\"150\" height=\"150\" src=\"https:\/\/www.julius-pfalz.de\/wp-content\/uploads\/2013\/08\/Oleander-150x150.jpg\" class=\"attachment-thumbnail size-thumbnail\" alt=\"\" decoding=\"async\" loading=\"lazy\" \/><\/a>\n\t\t\t<\/dt><\/dl><dl class='gallery-item'>\n\t\t\t<dt class='gallery-icon landscape'>\n\t\t\t\t<a href='https:\/\/www.julius-pfalz.de\/?attachment_id=1230'><img width=\"150\" height=\"150\" src=\"https:\/\/www.julius-pfalz.de\/wp-content\/uploads\/2013\/08\/kannen-150x150.jpg\" class=\"attachment-thumbnail size-thumbnail\" alt=\"\" decoding=\"async\" loading=\"lazy\" \/><\/a>\n\t\t\t<\/dt><\/dl><dl class='gallery-item'>\n\t\t\t<dt class='gallery-icon portrait'>\n\t\t\t\t<a href='https:\/\/www.julius-pfalz.de\/?attachment_id=3077'><img width=\"150\" height=\"150\" src=\"https:\/\/www.julius-pfalz.de\/wp-content\/uploads\/2013\/08\/Hahn-im-Hof-150x150.jpg\" class=\"attachment-thumbnail size-thumbnail\" alt=\"\" decoding=\"async\" loading=\"lazy\" \/><\/a>\n\t\t\t<\/dt><\/dl><dl class='gallery-item'>\n\t\t\t<dt class='gallery-icon landscape'>\n\t\t\t\t<a href='https:\/\/www.julius-pfalz.de\/?attachment_id=1226'><img width=\"150\" height=\"150\" src=\"https:\/\/www.julius-pfalz.de\/wp-content\/uploads\/2013\/08\/am-tisch-im-hof-150x150.jpg\" class=\"attachment-thumbnail size-thumbnail\" alt=\"\" decoding=\"async\" loading=\"lazy\" \/><\/a>\n\t\t\t<\/dt><\/dl><br style=\"clear: both\" \/><dl class='gallery-item'>\n\t\t\t<dt class='gallery-icon landscape'>\n\t\t\t\t<a href='https:\/\/www.julius-pfalz.de\/?attachment_id=1113'><img width=\"150\" height=\"150\" src=\"https:\/\/www.julius-pfalz.de\/wp-content\/uploads\/2013\/03\/Bank-im-Hof-150x150.jpg\" class=\"attachment-thumbnail size-thumbnail\" alt=\"\" decoding=\"async\" loading=\"lazy\" \/><\/a>\n\t\t\t<\/dt><\/dl><dl class='gallery-item'>\n\t\t\t<dt class='gallery-icon portrait'>\n\t\t\t\t<a href='https:\/\/www.julius-pfalz.de\/?attachment_id=1232'><img width=\"150\" height=\"150\" src=\"https:\/\/www.julius-pfalz.de\/wp-content\/uploads\/2013\/08\/liegestuhl-im-hof-150x150.jpg\" class=\"attachment-thumbnail size-thumbnail\" alt=\"\" decoding=\"async\" loading=\"lazy\" \/><\/a>\n\t\t\t<\/dt><\/dl><dl class='gallery-item'>\n\t\t\t<dt class='gallery-icon landscape'>\n\t\t\t\t<a href='https:\/\/www.julius-pfalz.de\/?attachment_id=1115'><img width=\"150\" height=\"150\" src=\"https:\/\/www.julius-pfalz.de\/wp-content\/uploads\/2013\/03\/Hof-im-Mai-150x150.jpg\" class=\"attachment-thumbnail size-thumbnail\" alt=\"\" decoding=\"async\" loading=\"lazy\" \/><\/a>\n\t\t\t<\/dt><\/dl><dl class='gallery-item'>\n\t\t\t<dt class='gallery-icon landscape'>\n\t\t\t\t<a href='https:\/\/www.julius-pfalz.de\/?attachment_id=2105'><img width=\"150\" height=\"150\" src=\"https:\/\/www.julius-pfalz.de\/wp-content\/uploads\/2014\/01\/Traubenbl\u00fcte-150x150.jpg\" class=\"attachment-thumbnail size-thumbnail\" alt=\"\" decoding=\"async\" loading=\"lazy\" \/><\/a>\n\t\t\t<\/dt><\/dl><br style=\"clear: both\" \/><dl class='gallery-item'>\n\t\t\t<dt class='gallery-icon portrait'>\n\t\t\t\t<a href='https:\/\/www.julius-pfalz.de\/?attachment_id=3076'><img width=\"150\" height=\"150\" src=\"https:\/\/www.julius-pfalz.de\/wp-content\/uploads\/2013\/08\/2-Monate-sp\u00e4ter-in-voller-Gr\u00f6\u00dfe-150x150.jpg\" class=\"attachment-thumbnail size-thumbnail\" alt=\"\" decoding=\"async\" loading=\"lazy\" \/><\/a>\n\t\t\t<\/dt><\/dl>\n\t\t\t<br style='clear: both' \/>\n\t\t<\/div>\n\n<p><strong>aus unserer Sommerk\u00fcche:<\/strong><\/p>\n\n\t\t<style type=\"text\/css\">\n\t\t\t#gallery-2 {\n\t\t\t\tmargin: auto;\n\t\t\t}\n\t\t\t#gallery-2 .gallery-item {\n\t\t\t\tfloat: left;\n\t\t\t\tmargin-top: 10px;\n\t\t\t\ttext-align: center;\n\t\t\t\twidth: 25%;\n\t\t\t}\n\t\t\t#gallery-2 img {\n\t\t\t\tborder: 2px solid #cfcfcf;\n\t\t\t}\n\t\t\t#gallery-2 .gallery-caption {\n\t\t\t\tmargin-left: 0;\n\t\t\t}\n\t\t\t\/* see gallery_shortcode() in wp-includes\/media.php *\/\n\t\t<\/style>\n\t\t<div id='gallery-2' class='gallery galleryid-1225 gallery-columns-4 gallery-size-thumbnail'><dl class='gallery-item'>\n\t\t\t<dt class='gallery-icon landscape'>\n\t\t\t\t<a href='https:\/\/www.julius-pfalz.de\/?attachment_id=3092'><img width=\"150\" height=\"150\" src=\"https:\/\/www.julius-pfalz.de\/wp-content\/uploads\/2013\/08\/Rosenbl\u00e4tterlik\u00f6r-ansetzen-150x150.jpg\" class=\"attachment-thumbnail size-thumbnail\" alt=\"\" decoding=\"async\" loading=\"lazy\" \/><\/a>\n\t\t\t<\/dt><\/dl><dl class='gallery-item'>\n\t\t\t<dt class='gallery-icon landscape'>\n\t\t\t\t<a href='https:\/\/www.julius-pfalz.de\/?attachment_id=3093'><img width=\"150\" height=\"150\" src=\"https:\/\/www.julius-pfalz.de\/wp-content\/uploads\/2013\/08\/Zander-Kohlrabi-Paprika-Schmand-150x150.jpg\" class=\"attachment-thumbnail size-thumbnail\" alt=\"\" decoding=\"async\" loading=\"lazy\" \/><\/a>\n\t\t\t<\/dt><\/dl><dl class='gallery-item'>\n\t\t\t<dt class='gallery-icon landscape'>\n\t\t\t\t<a href='https:\/\/www.julius-pfalz.de\/?attachment_id=2974'><img width=\"150\" height=\"150\" src=\"https:\/\/www.julius-pfalz.de\/wp-content\/uploads\/2015\/01\/kk4-150x150.jpg\" class=\"attachment-thumbnail size-thumbnail\" alt=\"\" decoding=\"async\" loading=\"lazy\" \/><\/a>\n\t\t\t<\/dt><\/dl><dl class='gallery-item'>\n\t\t\t<dt class='gallery-icon landscape'>\n\t\t\t\t<a href='https:\/\/www.julius-pfalz.de\/?attachment_id=1894'><img width=\"150\" height=\"150\" src=\"https:\/\/www.julius-pfalz.de\/wp-content\/uploads\/2013\/01\/Suppe-frischer-Erbsen-mit-Tandoori-Garnele-150x150.jpg\" class=\"attachment-thumbnail size-thumbnail\" alt=\"\" decoding=\"async\" loading=\"lazy\" \/><\/a>\n\t\t\t<\/dt><\/dl><br style=\"clear: both\" \/>\n\t\t<\/div>\n\n<p><strong>In unserem Kr\u00e4uter- und Naschgarten:<\/strong><\/p>\n\n\t\t<style type=\"text\/css\">\n\t\t\t#gallery-3 {\n\t\t\t\tmargin: auto;\n\t\t\t}\n\t\t\t#gallery-3 .gallery-item {\n\t\t\t\tfloat: left;\n\t\t\t\tmargin-top: 10px;\n\t\t\t\ttext-align: center;\n\t\t\t\twidth: 25%;\n\t\t\t}\n\t\t\t#gallery-3 img {\n\t\t\t\tborder: 2px solid #cfcfcf;\n\t\t\t}\n\t\t\t#gallery-3 .gallery-caption {\n\t\t\t\tmargin-left: 0;\n\t\t\t}\n\t\t\t\/* see gallery_shortcode() in wp-includes\/media.php *\/\n\t\t<\/style>\n\t\t<div id='gallery-3' class='gallery galleryid-1225 gallery-columns-4 gallery-size-thumbnail'><dl class='gallery-item'>\n\t\t\t<dt class='gallery-icon landscape'>\n\t\t\t\t<a href='https:\/\/www.julius-pfalz.de\/?attachment_id=1178'><img width=\"150\" height=\"150\" src=\"https:\/\/www.julius-pfalz.de\/wp-content\/uploads\/2013\/01\/Garten-zum-Haus-150x150.jpg\" class=\"attachment-thumbnail size-thumbnail\" alt=\"\" decoding=\"async\" loading=\"lazy\" \/><\/a>\n\t\t\t<\/dt><\/dl><dl class='gallery-item'>\n\t\t\t<dt class='gallery-icon landscape'>\n\t\t\t\t<a href='https:\/\/www.julius-pfalz.de\/?attachment_id=1266'><img width=\"150\" height=\"150\" src=\"https:\/\/www.julius-pfalz.de\/wp-content\/uploads\/2012\/11\/Gartentor-im-Sommer-150x150.jpg\" class=\"attachment-thumbnail size-thumbnail\" alt=\"\" decoding=\"async\" loading=\"lazy\" \/><\/a>\n\t\t\t<\/dt><\/dl><dl class='gallery-item'>\n\t\t\t<dt class='gallery-icon landscape'>\n\t\t\t\t<a href='https:\/\/www.julius-pfalz.de\/?attachment_id=2461'><img width=\"150\" height=\"150\" src=\"https:\/\/www.julius-pfalz.de\/wp-content\/uploads\/2014\/05\/walderdbeeren-150x150.jpg\" class=\"attachment-thumbnail size-thumbnail\" alt=\"\" decoding=\"async\" loading=\"lazy\" \/><\/a>\n\t\t\t<\/dt><\/dl><dl class='gallery-item'>\n\t\t\t<dt class='gallery-icon landscape'>\n\t\t\t\t<a href='https:\/\/www.julius-pfalz.de\/?attachment_id=2449'><img width=\"150\" height=\"150\" src=\"https:\/\/www.julius-pfalz.de\/wp-content\/uploads\/2014\/05\/Maik\u00e4fer-150x150.jpg\" class=\"attachment-thumbnail size-thumbnail\" alt=\"\" decoding=\"async\" loading=\"lazy\" \/><\/a>\n\t\t\t<\/dt><\/dl><br style=\"clear: both\" \/><dl class='gallery-item'>\n\t\t\t<dt class='gallery-icon landscape'>\n\t\t\t\t<a href='https:\/\/www.julius-pfalz.de\/?attachment_id=1177'><img width=\"150\" height=\"150\" src=\"https:\/\/www.julius-pfalz.de\/wp-content\/uploads\/2013\/01\/Garten-im-Juni-150x150.jpg\" class=\"attachment-thumbnail size-thumbnail\" alt=\"\" decoding=\"async\" loading=\"lazy\" \/><\/a>\n\t\t\t<\/dt><\/dl><dl class='gallery-item'>\n\t\t\t<dt class='gallery-icon landscape'>\n\t\t\t\t<a href='https:\/\/www.julius-pfalz.de\/?attachment_id=1235'><img width=\"150\" height=\"150\" src=\"https:\/\/www.julius-pfalz.de\/wp-content\/uploads\/2013\/08\/sommerblumen-2-150x150.jpg\" class=\"attachment-thumbnail size-thumbnail\" alt=\"\" decoding=\"async\" loading=\"lazy\" \/><\/a>\n\t\t\t<\/dt><\/dl><dl class='gallery-item'>\n\t\t\t<dt class='gallery-icon landscape'>\n\t\t\t\t<a href='https:\/\/www.julius-pfalz.de\/?attachment_id=1234'><img width=\"150\" height=\"150\" src=\"https:\/\/www.julius-pfalz.de\/wp-content\/uploads\/2013\/08\/sommerblumen-1-150x150.jpg\" class=\"attachment-thumbnail size-thumbnail\" alt=\"\" decoding=\"async\" loading=\"lazy\" \/><\/a>\n\t\t\t<\/dt><\/dl><dl class='gallery-item'>\n\t\t\t<dt class='gallery-icon portrait'>\n\t\t\t\t<a href='https:\/\/www.julius-pfalz.de\/?attachment_id=1267'><img width=\"150\" height=\"150\" src=\"https:\/\/www.julius-pfalz.de\/wp-content\/uploads\/2012\/11\/Rote-Bete-150x150.jpg\" class=\"attachment-thumbnail size-thumbnail\" alt=\"\" decoding=\"async\" loading=\"lazy\" \/><\/a>\n\t\t\t<\/dt><\/dl><br style=\"clear: both\" \/><dl class='gallery-item'>\n\t\t\t<dt class='gallery-icon landscape'>\n\t\t\t\t<a href='https:\/\/www.julius-pfalz.de\/?attachment_id=1231'><img width=\"150\" height=\"150\" src=\"https:\/\/www.julius-pfalz.de\/wp-content\/uploads\/2013\/08\/kr\u00e4utergarten-150x150.jpg\" class=\"attachment-thumbnail size-thumbnail\" alt=\"\" decoding=\"async\" loading=\"lazy\" \/><\/a>\n\t\t\t<\/dt><\/dl><dl class='gallery-item'>\n\t\t\t<dt class='gallery-icon landscape'>\n\t\t\t\t<a href='https:\/\/www.julius-pfalz.de\/?attachment_id=1236'><img width=\"150\" height=\"150\" src=\"https:\/\/www.julius-pfalz.de\/wp-content\/uploads\/2013\/08\/sommeressen-150x150.jpg\" class=\"attachment-thumbnail size-thumbnail\" alt=\"\" decoding=\"async\" loading=\"lazy\" \/><\/a>\n\t\t\t<\/dt><\/dl><dl class='gallery-item'>\n\t\t\t<dt class='gallery-icon landscape'>\n\t\t\t\t<a href='https:\/\/www.julius-pfalz.de\/?attachment_id=1228'><img width=\"150\" height=\"150\" src=\"https:\/\/www.julius-pfalz.de\/wp-content\/uploads\/2013\/08\/garten-ernte-150x150.jpg\" class=\"attachment-thumbnail size-thumbnail\" alt=\"\" decoding=\"async\" loading=\"lazy\" \/><\/a>\n\t\t\t<\/dt><\/dl><dl class='gallery-item'>\n\t\t\t<dt class='gallery-icon landscape'>\n\t\t\t\t<a href='https:\/\/www.julius-pfalz.de\/?attachment_id=3084'><img width=\"150\" height=\"150\" src=\"https:\/\/www.julius-pfalz.de\/wp-content\/uploads\/2013\/08\/Iris900-150x150.jpg\" class=\"attachment-thumbnail size-thumbnail\" alt=\"\" decoding=\"async\" loading=\"lazy\" \/><\/a>\n\t\t\t<\/dt><\/dl><br style=\"clear: both\" \/><dl class='gallery-item'>\n\t\t\t<dt class='gallery-icon landscape'>\n\t\t\t\t<a href='https:\/\/www.julius-pfalz.de\/?attachment_id=3085'><img width=\"150\" height=\"150\" src=\"https:\/\/www.julius-pfalz.de\/wp-content\/uploads\/2013\/08\/Mohn-vor-Lavendel900-150x150.jpg\" class=\"attachment-thumbnail size-thumbnail\" alt=\"\" decoding=\"async\" loading=\"lazy\" \/><\/a>\n\t\t\t<\/dt><\/dl><dl class='gallery-item'>\n\t\t\t<dt class='gallery-icon landscape'>\n\t\t\t\t<a href='https:\/\/www.julius-pfalz.de\/?attachment_id=3086'><img width=\"150\" height=\"150\" src=\"https:\/\/www.julius-pfalz.de\/wp-content\/uploads\/2013\/08\/\u00fcppig-Kr\u00e4uter900-150x150.jpg\" class=\"attachment-thumbnail size-thumbnail\" alt=\"\" decoding=\"async\" loading=\"lazy\" \/><\/a>\n\t\t\t<\/dt><\/dl><dl class='gallery-item'>\n\t\t\t<dt class='gallery-icon landscape'>\n\t\t\t\t<a href='https:\/\/www.julius-pfalz.de\/?attachment_id=3087'><img width=\"150\" height=\"150\" src=\"https:\/\/www.julius-pfalz.de\/wp-content\/uploads\/2013\/08\/Zinien-150x150.jpg\" class=\"attachment-thumbnail size-thumbnail\" alt=\"\" decoding=\"async\" loading=\"lazy\" \/><\/a>\n\t\t\t<\/dt><\/dl>\n\t\t\t<br style='clear: both' \/>\n\t\t<\/div>\n\n<p><strong>Hainfeld und Umgebung<\/strong>:<br \/>\n\n\t\t<style type=\"text\/css\">\n\t\t\t#gallery-4 {\n\t\t\t\tmargin: auto;\n\t\t\t}\n\t\t\t#gallery-4 .gallery-item {\n\t\t\t\tfloat: left;\n\t\t\t\tmargin-top: 10px;\n\t\t\t\ttext-align: center;\n\t\t\t\twidth: 25%;\n\t\t\t}\n\t\t\t#gallery-4 img {\n\t\t\t\tborder: 2px solid #cfcfcf;\n\t\t\t}\n\t\t\t#gallery-4 .gallery-caption {\n\t\t\t\tmargin-left: 0;\n\t\t\t}\n\t\t\t\/* see gallery_shortcode() in wp-includes\/media.php *\/\n\t\t<\/style>\n\t\t<div id='gallery-4' class='gallery galleryid-1225 gallery-columns-4 gallery-size-thumbnail'><dl class='gallery-item'>\n\t\t\t<dt class='gallery-icon landscape'>\n\t\t\t\t<a href='https:\/\/www.julius-pfalz.de\/wp-content\/uploads\/2013\/08\/sonnenblumen-hinterm-haus.jpg'><img width=\"150\" height=\"150\" src=\"https:\/\/www.julius-pfalz.de\/wp-content\/uploads\/2013\/08\/sonnenblumen-hinterm-haus-150x150.jpg\" class=\"attachment-thumbnail size-thumbnail\" alt=\"\" decoding=\"async\" loading=\"lazy\" \/><\/a>\n\t\t\t<\/dt><\/dl><dl class='gallery-item'>\n\t\t\t<dt class='gallery-icon landscape'>\n\t\t\t\t<a href='https:\/\/www.julius-pfalz.de\/wp-content\/uploads\/2013\/08\/kirschen-900.jpg'><img width=\"150\" height=\"150\" src=\"https:\/\/www.julius-pfalz.de\/wp-content\/uploads\/2013\/08\/kirschen-900-150x150.jpg\" class=\"attachment-thumbnail size-thumbnail\" alt=\"\" decoding=\"async\" loading=\"lazy\" \/><\/a>\n\t\t\t<\/dt><\/dl>\n\t\t\t<br style='clear: both' \/>\n\t\t<\/div>\n<\/p>\n<p><a title=\"Impressionen\" href=\"https:\/\/julius-pfalz.de\/?page_id=1631\">zur\u00fcck<\/a><\/p>\n","protected":false},"excerpt":{"rendered":"<p>Der Sommer zeigt sich in Hainfeld von der guten Seite: viel Sonne, zwischendurch mal Regen und immer, auch bei Hitze, ein angenehmer Wind. Lieblingsaufenthaltsort dann: Draussen, meist unter Sonnenschirm oder Baum. Am Haus, im Hof: aus unserer Sommerk\u00fcche: In unserem &hellip; <a href=\"https:\/\/www.julius-pfalz.de\/?page_id=1225\">Weiterlesen <span class=\"meta-nav\">&rarr;<\/span><\/a><\/p>\n","protected":false},"author":1,"featured_media":0,"parent":0,"menu_order":0,"comment_status":"closed","ping_status":"closed","template":"","meta":[],"_links":{"self":[{"href":"https:\/\/www.julius-pfalz.de\/index.php?rest_route=\/wp\/v2\/pages\/1225"}],"collection":[{"href":"https:\/\/www.julius-pfalz.de\/index.php?rest_route=\/wp\/v2\/pages"}],"about":[{"href":"https:\/\/www.julius-pfalz.de\/index.php?rest_route=\/wp\/v2\/types\/page"}],"author":[{"embeddable":true,"href":"https:\/\/www.julius-pfalz.de\/index.php?rest_route=\/wp\/v2\/users\/1"}],"replies":[{"embeddable":true,"href":"https:\/\/www.julius-pfalz.de\/index.php?rest_route=%2Fwp%2Fv2%2Fcomments&post=1225"}],"version-history":[{"count":42,"href":"https:\/\/www.julius-pfalz.de\/index.php?rest_route=\/wp\/v2\/pages\/1225\/revisions"}],"predecessor-version":[{"id":3155,"href":"https:\/\/www.julius-pfalz.de\/index.php?rest_route=\/wp\/v2\/pages\/1225\/revisions\/3155"}],"wp:attachment":[{"href":"https:\/\/www.julius-pfalz.de\/index.php?rest_route=%2Fwp%2Fv2%2Fmedia&parent=1225"}],"curies":[{"name":"wp","href":"https:\/\/api.w.org\/{rel}","templated":true}]}}